{"id":4220,"date":"2026-02-02T07:28:22","date_gmt":"2026-02-02T06:28:22","guid":{"rendered":"https:\/\/potteryart.eu\/?post_type=product&#038;p=4220"},"modified":"2026-02-19T07:23:18","modified_gmt":"2026-02-19T06:23:18","slug":"glinen-nakit-obrazi","status":"publish","type":"product","link":"https:\/\/potteryart.eu\/en_gb\/spletna-trgovina\/unikaten-nakit-iz-gline\/glinen-nakit-obrazi\/","title":{"rendered":"Clay jewelry Faces"},"content":{"rendered":"<h1>Clay jewelry Faces<\/h1>\n<p>Clay jewelry Faces is a pottery art product designed by Polona Zajc. This series of clay jewelry depicts faces and expressions as well as masks. The ceramic expression of the face or mask is handmade and each one is different and unique. The ceramic face pendants are made of black clay and painted in various shades of glaze, which offer beautiful effects of flowing colors. They are fired at 1220\u00b0C, which makes them solid despite their apparent fragility.<\/p>\n<h2>Pottery art clay design by Polona Zajc<\/h2>\n<p>Pottery art clay design Polona Zajc also has a category of unique clay jewelry in her collection of clay products. Here we find various shapes of pendants made of clay. A special type of pendants are shapes of labyrinths carved into clay. This category also includes clay jewelry Faces. The outlines of faces also appear on other products on these pages. In this series, however, they appear independently as clay jewelry. Each pendant in the unique clay jewelry category is hung on a waxed cord with a metal clasp.<\/p>\n<h3>Contours and expressions of faces in clay<\/h3>\n<p>The contours and expressions of faces in clay, or the masks that cover these faces, represent different shapes. Have you ever closely observed how beautifully shaped each face is? And how each face can create a unique expression that forms a unique surface structure? The ceramic face pendants emphasize this wonderful play of emotions that are drawn on a person's face. Or they depict masks that cover faces. These are the fruit of imagination, which finds space for creation here. The contours and expressions of the faces and masks in clay are painted in different shades of glaze, which offer iridescent effects. Due to the high firing temperature, the pendants are solid, despite their very thin surface.<\/p>\n<p>The series features different shapes and colors of faces or masks, which will be constantly updated.  Therefore, when ordering, please let us know which one suits you best. All of them are attached to a waxed cord with a metal clasp.<\/p>","protected":false},"excerpt":{"rendered":"<p>Glinen nakit Obrazi Glinen nakit Obrazi je izdelek pottery art oblikovanje gline Polone Zajc. V tej seriji glinenega nakita so upodobljeni obrazi in izrazi pa tudi maske. Kerami\u010den izraz obraza ali maske je narejen ro\u010dno in je vsak druga\u010den, unikaten. Obeski kerami\u010dnih obrazov so narejeni iz \u010drne gline in pobarvani v razli\u010dnih odtenkih glazur, ki [&hellip;]<\/p>\n","protected":false},"featured_media":4224,"comment_status":"open","ping_status":"closed","template":"","meta":[],"product_brand":[],"product_cat":[86,265],"product_tag":[],"class_list":{"0":"post-4220","1":"product","2":"type-product","3":"status-publish","4":"has-post-thumbnail","6":"product_cat-unikaten-nakit-iz-gline","7":"product_cat-unikatni-loncarski-izdelki-iz-kamenine","9":"first","10":"instock","11":"purchasable","12":"product-type-simple"},"yoast_head":"<!-- This site is optimized with the Yoast SEO Premium plugin v27.4 (Yoast SEO v27.4) - https:\/\/yoast.com\/product\/yoast-seo-premium-wordpress\/ -->\n<title>Glinen nakit Obrazi<\/title>\n<meta name=\"description\" content=\"Glinen nakit obrazi je izdelek pottery art oblikovanje gline Polone Zajc. To so obrisi in izrazi obrazov v glini, obeski obrazov v keramiki.\" \/>\n<meta name=\"robots\" content=\"index, follow, max-snippet:-1, max-image-preview:large, max-video-preview:-1\" \/>\n<link rel=\"canonical\" href=\"https:\/\/potteryart.eu\/en_gb\/spletna-trgovina\/unikaten-nakit-iz-gline\/glinen-nakit-obrazi\/\" \/>\n<meta property=\"og:locale\" content=\"en_GB\" \/>\n<meta property=\"og:type\" content=\"article\" \/>\n<meta property=\"og:title\" content=\"Glinen nakit Obrazi\" \/>\n<meta property=\"og:description\" content=\"Glinen nakit obrazi je izdelek pottery art oblikovanje gline Polone Zajc. To so obrisi in izrazi obrazov v glini, obeski obrazov v keramiki.\" \/>\n<meta property=\"og:url\" content=\"https:\/\/potteryart.eu\/en_gb\/spletna-trgovina\/unikaten-nakit-iz-gline\/glinen-nakit-obrazi\/\" \/>\n<meta property=\"og:site_name\" content=\"Zajc Polona\" \/>\n<meta property=\"article:modified_time\" content=\"2026-02-19T06:23:18+00:00\" \/>\n<meta property=\"og:image\" content=\"https:\/\/potteryart.eu\/wp-content\/uploads\/2026\/02\/20260131_121630-scaled.jpg\" \/>\n\t<meta property=\"og:image:width\" content=\"1524\" \/>\n\t<meta property=\"og:image:height\" content=\"2560\" \/>\n\t<meta property=\"og:image:type\" content=\"image\/jpeg\" \/>\n<meta name=\"twitter:card\" content=\"summary_large_image\" \/>\n<meta name=\"twitter:label1\" content=\"Estimated reading time\" \/>\n\t<meta name=\"twitter:data1\" content=\"2 minutes\" \/>\n<script type=\"application\/ld+json\" class=\"yoast-schema-graph\">{\"@context\":\"https:\\\/\\\/schema.org\",\"@graph\":[{\"@type\":\"WebPage\",\"@id\":\"https:\\\/\\\/potteryart.eu\\\/spletna-trgovina\\\/unikaten-nakit-iz-gline\\\/glinen-nakit-obrazi\\\/\",\"url\":\"https:\\\/\\\/potteryart.eu\\\/spletna-trgovina\\\/unikaten-nakit-iz-gline\\\/glinen-nakit-obrazi\\\/\",\"name\":\"Glinen nakit Obrazi\",\"isPartOf\":{\"@id\":\"https:\\\/\\\/potteryart.eu\\\/#website\"},\"primaryImageOfPage\":{\"@id\":\"https:\\\/\\\/potteryart.eu\\\/spletna-trgovina\\\/unikaten-nakit-iz-gline\\\/glinen-nakit-obrazi\\\/#primaryimage\"},\"image\":{\"@id\":\"https:\\\/\\\/potteryart.eu\\\/spletna-trgovina\\\/unikaten-nakit-iz-gline\\\/glinen-nakit-obrazi\\\/#primaryimage\"},\"thumbnailUrl\":\"https:\\\/\\\/potteryart.eu\\\/wp-content\\\/uploads\\\/2026\\\/02\\\/20260131_121630-scaled.jpg\",\"datePublished\":\"2026-02-02T06:28:22+00:00\",\"dateModified\":\"2026-02-19T06:23:18+00:00\",\"description\":\"Glinen nakit obrazi je izdelek pottery art oblikovanje gline Polone Zajc. To so obrisi in izrazi obrazov v glini, obeski obrazov v keramiki.\",\"breadcrumb\":{\"@id\":\"https:\\\/\\\/potteryart.eu\\\/spletna-trgovina\\\/unikaten-nakit-iz-gline\\\/glinen-nakit-obrazi\\\/#breadcrumb\"},\"inLanguage\":\"en-GB\",\"potentialAction\":[{\"@type\":\"ReadAction\",\"target\":[\"https:\\\/\\\/potteryart.eu\\\/spletna-trgovina\\\/unikaten-nakit-iz-gline\\\/glinen-nakit-obrazi\\\/\"]}]},{\"@type\":\"ImageObject\",\"inLanguage\":\"en-GB\",\"@id\":\"https:\\\/\\\/potteryart.eu\\\/spletna-trgovina\\\/unikaten-nakit-iz-gline\\\/glinen-nakit-obrazi\\\/#primaryimage\",\"url\":\"https:\\\/\\\/potteryart.eu\\\/wp-content\\\/uploads\\\/2026\\\/02\\\/20260131_121630-scaled.jpg\",\"contentUrl\":\"https:\\\/\\\/potteryart.eu\\\/wp-content\\\/uploads\\\/2026\\\/02\\\/20260131_121630-scaled.jpg\",\"width\":1524,\"height\":2560,\"caption\":\"glinen nakit obrazi, pottery art, obrisi in izrazi obrazov v glini\"},{\"@type\":\"BreadcrumbList\",\"@id\":\"https:\\\/\\\/potteryart.eu\\\/spletna-trgovina\\\/unikaten-nakit-iz-gline\\\/glinen-nakit-obrazi\\\/#breadcrumb\",\"itemListElement\":[{\"@type\":\"ListItem\",\"position\":1,\"name\":\"Home\",\"item\":\"https:\\\/\\\/potteryart.eu\\\/\"},{\"@type\":\"ListItem\",\"position\":2,\"name\":\"Spletna trgovina\",\"item\":\"https:\\\/\\\/potteryart.eu\\\/spletna-trgovina\\\/\"},{\"@type\":\"ListItem\",\"position\":3,\"name\":\"Glinen nakit Obrazi\"}]},{\"@type\":\"WebSite\",\"@id\":\"https:\\\/\\\/potteryart.eu\\\/#website\",\"url\":\"https:\\\/\\\/potteryart.eu\\\/\",\"name\":\"Zajc Polona\",\"description\":\"\",\"publisher\":{\"@id\":\"https:\\\/\\\/potteryart.eu\\\/#\\\/schema\\\/person\\\/819de6034d3dd0bbdcc3a95a0b6c7e4d\"},\"potentialAction\":[{\"@type\":\"SearchAction\",\"target\":{\"@type\":\"EntryPoint\",\"urlTemplate\":\"https:\\\/\\\/potteryart.eu\\\/?s={search_term_string}\"},\"query-input\":{\"@type\":\"PropertyValueSpecification\",\"valueRequired\":true,\"valueName\":\"search_term_string\"}}],\"inLanguage\":\"en-GB\"},{\"@type\":[\"Person\",\"Organization\"],\"@id\":\"https:\\\/\\\/potteryart.eu\\\/#\\\/schema\\\/person\\\/819de6034d3dd0bbdcc3a95a0b6c7e4d\",\"name\":\"polonazajc_admin\",\"image\":{\"@type\":\"ImageObject\",\"inLanguage\":\"en-GB\",\"@id\":\"https:\\\/\\\/potteryart.eu\\\/wp-content\\\/uploads\\\/2020\\\/12\\\/cropped-Logo-1.png\",\"url\":\"https:\\\/\\\/potteryart.eu\\\/wp-content\\\/uploads\\\/2020\\\/12\\\/cropped-Logo-1.png\",\"contentUrl\":\"https:\\\/\\\/potteryart.eu\\\/wp-content\\\/uploads\\\/2020\\\/12\\\/cropped-Logo-1.png\",\"width\":2113,\"height\":280,\"caption\":\"polonazajc_admin\"},\"logo\":{\"@id\":\"https:\\\/\\\/potteryart.eu\\\/wp-content\\\/uploads\\\/2020\\\/12\\\/cropped-Logo-1.png\"}}]}<\/script>\n<!-- \/ Yoast SEO Premium plugin. -->","yoast_head_json":{"title":"Clay jewelry Faces","description":"Glinen nakit obrazi je izdelek pottery art oblikovanje gline Polone Zajc. To so obrisi in izrazi obrazov v glini, obeski obrazov v keramiki.","robots":{"index":"index","follow":"follow","max-snippet":"max-snippet:-1","max-image-preview":"max-image-preview:large","max-video-preview":"max-video-preview:-1"},"canonical":"https:\/\/potteryart.eu\/en_gb\/spletna-trgovina\/unikaten-nakit-iz-gline\/glinen-nakit-obrazi\/","og_locale":"en_GB","og_type":"article","og_title":"Glinen nakit Obrazi","og_description":"Glinen nakit obrazi je izdelek pottery art oblikovanje gline Polone Zajc. To so obrisi in izrazi obrazov v glini, obeski obrazov v keramiki.","og_url":"https:\/\/potteryart.eu\/en_gb\/spletna-trgovina\/unikaten-nakit-iz-gline\/glinen-nakit-obrazi\/","og_site_name":"Zajc Polona","article_modified_time":"2026-02-19T06:23:18+00:00","og_image":[{"width":1524,"height":2560,"url":"https:\/\/potteryart.eu\/wp-content\/uploads\/2026\/02\/20260131_121630-scaled.jpg","type":"image\/jpeg"}],"twitter_card":"summary_large_image","twitter_misc":{"Estimated reading time":"2 minutes"},"schema":{"@context":"https:\/\/schema.org","@graph":[{"@type":"WebPage","@id":"https:\/\/potteryart.eu\/spletna-trgovina\/unikaten-nakit-iz-gline\/glinen-nakit-obrazi\/","url":"https:\/\/potteryart.eu\/spletna-trgovina\/unikaten-nakit-iz-gline\/glinen-nakit-obrazi\/","name":"Clay jewelry Faces","isPartOf":{"@id":"https:\/\/potteryart.eu\/#website"},"primaryImageOfPage":{"@id":"https:\/\/potteryart.eu\/spletna-trgovina\/unikaten-nakit-iz-gline\/glinen-nakit-obrazi\/#primaryimage"},"image":{"@id":"https:\/\/potteryart.eu\/spletna-trgovina\/unikaten-nakit-iz-gline\/glinen-nakit-obrazi\/#primaryimage"},"thumbnailUrl":"https:\/\/potteryart.eu\/wp-content\/uploads\/2026\/02\/20260131_121630-scaled.jpg","datePublished":"2026-02-02T06:28:22+00:00","dateModified":"2026-02-19T06:23:18+00:00","description":"Glinen nakit obrazi je izdelek pottery art oblikovanje gline Polone Zajc. To so obrisi in izrazi obrazov v glini, obeski obrazov v keramiki.","breadcrumb":{"@id":"https:\/\/potteryart.eu\/spletna-trgovina\/unikaten-nakit-iz-gline\/glinen-nakit-obrazi\/#breadcrumb"},"inLanguage":"en-GB","potentialAction":[{"@type":"ReadAction","target":["https:\/\/potteryart.eu\/spletna-trgovina\/unikaten-nakit-iz-gline\/glinen-nakit-obrazi\/"]}]},{"@type":"ImageObject","inLanguage":"en-GB","@id":"https:\/\/potteryart.eu\/spletna-trgovina\/unikaten-nakit-iz-gline\/glinen-nakit-obrazi\/#primaryimage","url":"https:\/\/potteryart.eu\/wp-content\/uploads\/2026\/02\/20260131_121630-scaled.jpg","contentUrl":"https:\/\/potteryart.eu\/wp-content\/uploads\/2026\/02\/20260131_121630-scaled.jpg","width":1524,"height":2560,"caption":"glinen nakit obrazi, pottery art, obrisi in izrazi obrazov v glini"},{"@type":"BreadcrumbList","@id":"https:\/\/potteryart.eu\/spletna-trgovina\/unikaten-nakit-iz-gline\/glinen-nakit-obrazi\/#breadcrumb","itemListElement":[{"@type":"ListItem","position":1,"name":"Home","item":"https:\/\/potteryart.eu\/"},{"@type":"ListItem","position":2,"name":"Spletna trgovina","item":"https:\/\/potteryart.eu\/spletna-trgovina\/"},{"@type":"ListItem","position":3,"name":"Glinen nakit Obrazi"}]},{"@type":"WebSite","@id":"https:\/\/potteryart.eu\/#website","url":"https:\/\/potteryart.eu\/","name":"Zajc Polona","description":"","publisher":{"@id":"https:\/\/potteryart.eu\/#\/schema\/person\/819de6034d3dd0bbdcc3a95a0b6c7e4d"},"potentialAction":[{"@type":"SearchAction","target":{"@type":"EntryPoint","urlTemplate":"https:\/\/potteryart.eu\/?s={search_term_string}"},"query-input":{"@type":"PropertyValueSpecification","valueRequired":true,"valueName":"search_term_string"}}],"inLanguage":"en-GB"},{"@type":["Person","Organization"],"@id":"https:\/\/potteryart.eu\/#\/schema\/person\/819de6034d3dd0bbdcc3a95a0b6c7e4d","name":"polonazajc_admin","image":{"@type":"ImageObject","inLanguage":"en-GB","@id":"https:\/\/potteryart.eu\/wp-content\/uploads\/2020\/12\/cropped-Logo-1.png","url":"https:\/\/potteryart.eu\/wp-content\/uploads\/2020\/12\/cropped-Logo-1.png","contentUrl":"https:\/\/potteryart.eu\/wp-content\/uploads\/2020\/12\/cropped-Logo-1.png","width":2113,"height":280,"caption":"polonazajc_admin"},"logo":{"@id":"https:\/\/potteryart.eu\/wp-content\/uploads\/2020\/12\/cropped-Logo-1.png"}}]}},"_links":{"self":[{"href":"https:\/\/potteryart.eu\/en_gb\/wp-json\/wp\/v2\/product\/4220","targetHints":{"allow":["GET"]}}],"collection":[{"href":"https:\/\/potteryart.eu\/en_gb\/wp-json\/wp\/v2\/product"}],"about":[{"href":"https:\/\/potteryart.eu\/en_gb\/wp-json\/wp\/v2\/types\/product"}],"replies":[{"embeddable":true,"href":"https:\/\/potteryart.eu\/en_gb\/wp-json\/wp\/v2\/comments?post=4220"}],"wp:featuredmedia":[{"embeddable":true,"href":"https:\/\/potteryart.eu\/en_gb\/wp-json\/wp\/v2\/media\/4224"}],"wp:attachment":[{"href":"https:\/\/potteryart.eu\/en_gb\/wp-json\/wp\/v2\/media?parent=4220"}],"wp:term":[{"taxonomy":"product_brand","embeddable":true,"href":"https:\/\/potteryart.eu\/en_gb\/wp-json\/wp\/v2\/product_brand?post=4220"},{"taxonomy":"product_cat","embeddable":true,"href":"https:\/\/potteryart.eu\/en_gb\/wp-json\/wp\/v2\/product_cat?post=4220"},{"taxonomy":"product_tag","embeddable":true,"href":"https:\/\/potteryart.eu\/en_gb\/wp-json\/wp\/v2\/product_tag?post=4220"}],"curies":[{"name":"wp","href":"https:\/\/api.w.org\/{rel}","templated":true}]}}