{"id":4226,"date":"2026-02-02T17:50:24","date_gmt":"2026-02-02T16:50:24","guid":{"rendered":"https:\/\/potteryart.eu\/?post_type=product&#038;p=4226"},"modified":"2026-02-19T07:23:04","modified_gmt":"2026-02-19T06:23:04","slug":"unikatna-mala-glinena-vaza","status":"publish","type":"product","link":"https:\/\/potteryart.eu\/en_gb\/spletna-trgovina\/unikatni-loncarski-izdelki-iz-kamenine\/unikatni-izdelki-iz-kamenine-za-dom\/unikatna-mala-glinena-vaza\/","title":{"rendered":"Unique small clay vase"},"content":{"rendered":"<h1>Unique small clay vase<\/h1>\n<p>This unique small clay vase is a pottery art creation by Polona Zajc. It is made on a potter's wheel from gray clay. The surface is engraved with a characteristic pottery art pattern of lines, which is hand-painted with a brown shade of glaze. The neck of the vase is pleated and suitable for a spring bouquet of the first flowers. The ceramic vase is fired at a temperature of 1220\u00b0C. At this temperature, the clay turns into stoneware, an extremely hard and high-quality material that holds water. The stoneware vase will not leave marks on the surface where it is placed. It is 10 cm high.<\/p>\n<h2>Pottery art clay design by Polona Zajc<\/h2>\n<p>Pottery art clay design by Polona Zajc has unique clay vessels in her collection of clay products. These include various mugs, sugar bowls, decorative pots, vases and more, whatever the imagination allows. Some of the vessels are intended for use in the kitchen, others are for home decoration. Vases are, of course, decorative objects, made to hold water, be stable and be sustainable. They are made of the best materials in the ceramic field. All of them can be washed in the dishwasher.<\/p>\n<h3>\u00a0Clay vase for a spring bouquet<\/h3>\n<p>This clay vase for a spring bouquet is a wonderful decorative item for your home. The wide, bulbous part features intertwining lines in a pattern that is hand-painted in shades of brown. Towards the bottom, it narrows in concentric circles in shades of green. At the top, it flares out into a wavy, uneven rim, just enough to hold the first flowers peeking out of the spring soil in the stoneware vase. The handmade clay vase is unique and unrepeatable in all its details. It can be placed in any setting. In a modern, minimalist environment, it will stand out with its colors and lines. It will go well with wooden surfaces, where it will emphasize the rustic look. It will enliven calm surfaces with its dynamic shape. Place it in your space and decorate it with a bouquet of flowers.<\/p>","protected":false},"excerpt":{"rendered":"<p>Unikatna mala glinena vaza Unikatna mala glinena vaza je izdelek pottery art oblikovanje gline Polone Zajc. Narejena je na lon\u010darskem vretenu iz sive gline. Po povr\u0161ini ima vrezan zna\u010dilen pottery art vzorec \u010drt, ki je ro\u010dno poslikan z rjavim odtenkom glazure. Vrat vaze je naguban in primeren za pomladni \u0161opek prvih cvetlic. Kerami\u010dna vaza je [&hellip;]<\/p>\n","protected":false},"featured_media":4231,"comment_status":"open","ping_status":"closed","template":"","meta":[],"product_brand":[],"product_cat":[271,274,265],"product_tag":[],"class_list":{"0":"post-4226","1":"product","2":"type-product","3":"status-publish","4":"has-post-thumbnail","6":"product_cat-glinene-posode","7":"product_cat-unikatni-izdelki-iz-kamenine-za-dom","8":"product_cat-unikatni-loncarski-izdelki-iz-kamenine","9":"product_shipping_class-1kg","11":"first","12":"instock","13":"purchasable","14":"product-type-simple"},"yoast_head":"<!-- This site is optimized with the Yoast SEO Premium plugin v27.4 (Yoast SEO v27.4) - https:\/\/yoast.com\/product\/yoast-seo-premium-wordpress\/ -->\n<title>unikatna mala glinena vaza<\/title>\n<meta name=\"description\" content=\"Unikatna mala glinena vaza je izdelek pottery art oblikovanje gline Polone Zajc. To je glinena vaza za pomladni \u0161opek, vaza iz kamenine.\" \/>\n<meta name=\"robots\" content=\"index, follow, max-snippet:-1, max-image-preview:large, max-video-preview:-1\" \/>\n<link rel=\"canonical\" href=\"https:\/\/potteryart.eu\/en_gb\/spletna-trgovina\/unikatni-loncarski-izdelki-iz-kamenine\/unikatni-izdelki-iz-kamenine-za-dom\/unikatna-mala-glinena-vaza\/\" \/>\n<meta property=\"og:locale\" content=\"en_GB\" \/>\n<meta property=\"og:type\" content=\"article\" \/>\n<meta property=\"og:title\" content=\"Unikatna mala glinena vaza\" \/>\n<meta property=\"og:description\" content=\"Unikatna mala glinena vaza je izdelek pottery art oblikovanje gline Polone Zajc. To je glinena vaza za pomladni \u0161opek, vaza iz kamenine.\" \/>\n<meta property=\"og:url\" content=\"https:\/\/potteryart.eu\/en_gb\/spletna-trgovina\/unikatni-loncarski-izdelki-iz-kamenine\/unikatni-izdelki-iz-kamenine-za-dom\/unikatna-mala-glinena-vaza\/\" \/>\n<meta property=\"og:site_name\" content=\"Zajc Polona\" \/>\n<meta property=\"article:modified_time\" content=\"2026-02-19T06:23:04+00:00\" \/>\n<meta property=\"og:image\" content=\"https:\/\/potteryart.eu\/wp-content\/uploads\/2026\/02\/20260201_093644-scaled.jpg\" \/>\n\t<meta property=\"og:image:width\" content=\"2156\" \/>\n\t<meta property=\"og:image:height\" content=\"2560\" \/>\n\t<meta property=\"og:image:type\" content=\"image\/jpeg\" \/>\n<meta name=\"twitter:card\" content=\"summary_large_image\" \/>\n<meta name=\"twitter:label1\" content=\"Estimated reading time\" \/>\n\t<meta name=\"twitter:data1\" content=\"2 minutes\" \/>\n<script type=\"application\/ld+json\" class=\"yoast-schema-graph\">{\"@context\":\"https:\\\/\\\/schema.org\",\"@graph\":[{\"@type\":\"WebPage\",\"@id\":\"https:\\\/\\\/potteryart.eu\\\/spletna-trgovina\\\/unikatni-loncarski-izdelki-iz-kamenine\\\/unikatni-izdelki-iz-kamenine-za-dom\\\/unikatna-mala-glinena-vaza\\\/\",\"url\":\"https:\\\/\\\/potteryart.eu\\\/spletna-trgovina\\\/unikatni-loncarski-izdelki-iz-kamenine\\\/unikatni-izdelki-iz-kamenine-za-dom\\\/unikatna-mala-glinena-vaza\\\/\",\"name\":\"unikatna mala glinena vaza\",\"isPartOf\":{\"@id\":\"https:\\\/\\\/potteryart.eu\\\/#website\"},\"primaryImageOfPage\":{\"@id\":\"https:\\\/\\\/potteryart.eu\\\/spletna-trgovina\\\/unikatni-loncarski-izdelki-iz-kamenine\\\/unikatni-izdelki-iz-kamenine-za-dom\\\/unikatna-mala-glinena-vaza\\\/#primaryimage\"},\"image\":{\"@id\":\"https:\\\/\\\/potteryart.eu\\\/spletna-trgovina\\\/unikatni-loncarski-izdelki-iz-kamenine\\\/unikatni-izdelki-iz-kamenine-za-dom\\\/unikatna-mala-glinena-vaza\\\/#primaryimage\"},\"thumbnailUrl\":\"https:\\\/\\\/potteryart.eu\\\/wp-content\\\/uploads\\\/2026\\\/02\\\/20260201_093644-scaled.jpg\",\"datePublished\":\"2026-02-02T16:50:24+00:00\",\"dateModified\":\"2026-02-19T06:23:04+00:00\",\"description\":\"Unikatna mala glinena vaza je izdelek pottery art oblikovanje gline Polone Zajc. To je glinena vaza za pomladni \u0161opek, vaza iz kamenine.\",\"breadcrumb\":{\"@id\":\"https:\\\/\\\/potteryart.eu\\\/spletna-trgovina\\\/unikatni-loncarski-izdelki-iz-kamenine\\\/unikatni-izdelki-iz-kamenine-za-dom\\\/unikatna-mala-glinena-vaza\\\/#breadcrumb\"},\"inLanguage\":\"en-GB\",\"potentialAction\":[{\"@type\":\"ReadAction\",\"target\":[\"https:\\\/\\\/potteryart.eu\\\/spletna-trgovina\\\/unikatni-loncarski-izdelki-iz-kamenine\\\/unikatni-izdelki-iz-kamenine-za-dom\\\/unikatna-mala-glinena-vaza\\\/\"]}]},{\"@type\":\"ImageObject\",\"inLanguage\":\"en-GB\",\"@id\":\"https:\\\/\\\/potteryart.eu\\\/spletna-trgovina\\\/unikatni-loncarski-izdelki-iz-kamenine\\\/unikatni-izdelki-iz-kamenine-za-dom\\\/unikatna-mala-glinena-vaza\\\/#primaryimage\",\"url\":\"https:\\\/\\\/potteryart.eu\\\/wp-content\\\/uploads\\\/2026\\\/02\\\/20260201_093644-scaled.jpg\",\"contentUrl\":\"https:\\\/\\\/potteryart.eu\\\/wp-content\\\/uploads\\\/2026\\\/02\\\/20260201_093644-scaled.jpg\",\"width\":2156,\"height\":2560,\"caption\":\"unikatna mala glinena vaza, pottery art, glinena vaza za pomladni \u0161opek\"},{\"@type\":\"BreadcrumbList\",\"@id\":\"https:\\\/\\\/potteryart.eu\\\/spletna-trgovina\\\/unikatni-loncarski-izdelki-iz-kamenine\\\/unikatni-izdelki-iz-kamenine-za-dom\\\/unikatna-mala-glinena-vaza\\\/#breadcrumb\",\"itemListElement\":[{\"@type\":\"ListItem\",\"position\":1,\"name\":\"Home\",\"item\":\"https:\\\/\\\/potteryart.eu\\\/\"},{\"@type\":\"ListItem\",\"position\":2,\"name\":\"Spletna trgovina\",\"item\":\"https:\\\/\\\/potteryart.eu\\\/spletna-trgovina\\\/\"},{\"@type\":\"ListItem\",\"position\":3,\"name\":\"Unikatna mala glinena vaza\"}]},{\"@type\":\"WebSite\",\"@id\":\"https:\\\/\\\/potteryart.eu\\\/#website\",\"url\":\"https:\\\/\\\/potteryart.eu\\\/\",\"name\":\"Zajc Polona\",\"description\":\"\",\"publisher\":{\"@id\":\"https:\\\/\\\/potteryart.eu\\\/#\\\/schema\\\/person\\\/819de6034d3dd0bbdcc3a95a0b6c7e4d\"},\"potentialAction\":[{\"@type\":\"SearchAction\",\"target\":{\"@type\":\"EntryPoint\",\"urlTemplate\":\"https:\\\/\\\/potteryart.eu\\\/?s={search_term_string}\"},\"query-input\":{\"@type\":\"PropertyValueSpecification\",\"valueRequired\":true,\"valueName\":\"search_term_string\"}}],\"inLanguage\":\"en-GB\"},{\"@type\":[\"Person\",\"Organization\"],\"@id\":\"https:\\\/\\\/potteryart.eu\\\/#\\\/schema\\\/person\\\/819de6034d3dd0bbdcc3a95a0b6c7e4d\",\"name\":\"polonazajc_admin\",\"image\":{\"@type\":\"ImageObject\",\"inLanguage\":\"en-GB\",\"@id\":\"https:\\\/\\\/potteryart.eu\\\/wp-content\\\/uploads\\\/2020\\\/12\\\/cropped-Logo-1.png\",\"url\":\"https:\\\/\\\/potteryart.eu\\\/wp-content\\\/uploads\\\/2020\\\/12\\\/cropped-Logo-1.png\",\"contentUrl\":\"https:\\\/\\\/potteryart.eu\\\/wp-content\\\/uploads\\\/2020\\\/12\\\/cropped-Logo-1.png\",\"width\":2113,\"height\":280,\"caption\":\"polonazajc_admin\"},\"logo\":{\"@id\":\"https:\\\/\\\/potteryart.eu\\\/wp-content\\\/uploads\\\/2020\\\/12\\\/cropped-Logo-1.png\"}}]}<\/script>\n<!-- \/ Yoast SEO Premium plugin. -->","yoast_head_json":{"title":"unikatna mala glinena vaza","description":"Unikatna mala glinena vaza je izdelek pottery art oblikovanje gline Polone Zajc. To je glinena vaza za pomladni \u0161opek, vaza iz kamenine.","robots":{"index":"index","follow":"follow","max-snippet":"max-snippet:-1","max-image-preview":"max-image-preview:large","max-video-preview":"max-video-preview:-1"},"canonical":"https:\/\/potteryart.eu\/en_gb\/spletna-trgovina\/unikatni-loncarski-izdelki-iz-kamenine\/unikatni-izdelki-iz-kamenine-za-dom\/unikatna-mala-glinena-vaza\/","og_locale":"en_GB","og_type":"article","og_title":"Unikatna mala glinena vaza","og_description":"Unikatna mala glinena vaza je izdelek pottery art oblikovanje gline Polone Zajc. To je glinena vaza za pomladni \u0161opek, vaza iz kamenine.","og_url":"https:\/\/potteryart.eu\/en_gb\/spletna-trgovina\/unikatni-loncarski-izdelki-iz-kamenine\/unikatni-izdelki-iz-kamenine-za-dom\/unikatna-mala-glinena-vaza\/","og_site_name":"Zajc Polona","article_modified_time":"2026-02-19T06:23:04+00:00","og_image":[{"width":2156,"height":2560,"url":"https:\/\/potteryart.eu\/wp-content\/uploads\/2026\/02\/20260201_093644-scaled.jpg","type":"image\/jpeg"}],"twitter_card":"summary_large_image","twitter_misc":{"Estimated reading time":"2 minutes"},"schema":{"@context":"https:\/\/schema.org","@graph":[{"@type":"WebPage","@id":"https:\/\/potteryart.eu\/spletna-trgovina\/unikatni-loncarski-izdelki-iz-kamenine\/unikatni-izdelki-iz-kamenine-za-dom\/unikatna-mala-glinena-vaza\/","url":"https:\/\/potteryart.eu\/spletna-trgovina\/unikatni-loncarski-izdelki-iz-kamenine\/unikatni-izdelki-iz-kamenine-za-dom\/unikatna-mala-glinena-vaza\/","name":"unikatna mala glinena vaza","isPartOf":{"@id":"https:\/\/potteryart.eu\/#website"},"primaryImageOfPage":{"@id":"https:\/\/potteryart.eu\/spletna-trgovina\/unikatni-loncarski-izdelki-iz-kamenine\/unikatni-izdelki-iz-kamenine-za-dom\/unikatna-mala-glinena-vaza\/#primaryimage"},"image":{"@id":"https:\/\/potteryart.eu\/spletna-trgovina\/unikatni-loncarski-izdelki-iz-kamenine\/unikatni-izdelki-iz-kamenine-za-dom\/unikatna-mala-glinena-vaza\/#primaryimage"},"thumbnailUrl":"https:\/\/potteryart.eu\/wp-content\/uploads\/2026\/02\/20260201_093644-scaled.jpg","datePublished":"2026-02-02T16:50:24+00:00","dateModified":"2026-02-19T06:23:04+00:00","description":"Unikatna mala glinena vaza je izdelek pottery art oblikovanje gline Polone Zajc. To je glinena vaza za pomladni \u0161opek, vaza iz kamenine.","breadcrumb":{"@id":"https:\/\/potteryart.eu\/spletna-trgovina\/unikatni-loncarski-izdelki-iz-kamenine\/unikatni-izdelki-iz-kamenine-za-dom\/unikatna-mala-glinena-vaza\/#breadcrumb"},"inLanguage":"en-GB","potentialAction":[{"@type":"ReadAction","target":["https:\/\/potteryart.eu\/spletna-trgovina\/unikatni-loncarski-izdelki-iz-kamenine\/unikatni-izdelki-iz-kamenine-za-dom\/unikatna-mala-glinena-vaza\/"]}]},{"@type":"ImageObject","inLanguage":"en-GB","@id":"https:\/\/potteryart.eu\/spletna-trgovina\/unikatni-loncarski-izdelki-iz-kamenine\/unikatni-izdelki-iz-kamenine-za-dom\/unikatna-mala-glinena-vaza\/#primaryimage","url":"https:\/\/potteryart.eu\/wp-content\/uploads\/2026\/02\/20260201_093644-scaled.jpg","contentUrl":"https:\/\/potteryart.eu\/wp-content\/uploads\/2026\/02\/20260201_093644-scaled.jpg","width":2156,"height":2560,"caption":"unikatna mala glinena vaza, pottery art, glinena vaza za pomladni \u0161opek"},{"@type":"BreadcrumbList","@id":"https:\/\/potteryart.eu\/spletna-trgovina\/unikatni-loncarski-izdelki-iz-kamenine\/unikatni-izdelki-iz-kamenine-za-dom\/unikatna-mala-glinena-vaza\/#breadcrumb","itemListElement":[{"@type":"ListItem","position":1,"name":"Home","item":"https:\/\/potteryart.eu\/"},{"@type":"ListItem","position":2,"name":"Spletna trgovina","item":"https:\/\/potteryart.eu\/spletna-trgovina\/"},{"@type":"ListItem","position":3,"name":"Unikatna mala glinena vaza"}]},{"@type":"WebSite","@id":"https:\/\/potteryart.eu\/#website","url":"https:\/\/potteryart.eu\/","name":"Zajc Polona","description":"","publisher":{"@id":"https:\/\/potteryart.eu\/#\/schema\/person\/819de6034d3dd0bbdcc3a95a0b6c7e4d"},"potentialAction":[{"@type":"SearchAction","target":{"@type":"EntryPoint","urlTemplate":"https:\/\/potteryart.eu\/?s={search_term_string}"},"query-input":{"@type":"PropertyValueSpecification","valueRequired":true,"valueName":"search_term_string"}}],"inLanguage":"en-GB"},{"@type":["Person","Organization"],"@id":"https:\/\/potteryart.eu\/#\/schema\/person\/819de6034d3dd0bbdcc3a95a0b6c7e4d","name":"polonazajc_admin","image":{"@type":"ImageObject","inLanguage":"en-GB","@id":"https:\/\/potteryart.eu\/wp-content\/uploads\/2020\/12\/cropped-Logo-1.png","url":"https:\/\/potteryart.eu\/wp-content\/uploads\/2020\/12\/cropped-Logo-1.png","contentUrl":"https:\/\/potteryart.eu\/wp-content\/uploads\/2020\/12\/cropped-Logo-1.png","width":2113,"height":280,"caption":"polonazajc_admin"},"logo":{"@id":"https:\/\/potteryart.eu\/wp-content\/uploads\/2020\/12\/cropped-Logo-1.png"}}]}},"_links":{"self":[{"href":"https:\/\/potteryart.eu\/en_gb\/wp-json\/wp\/v2\/product\/4226","targetHints":{"allow":["GET"]}}],"collection":[{"href":"https:\/\/potteryart.eu\/en_gb\/wp-json\/wp\/v2\/product"}],"about":[{"href":"https:\/\/potteryart.eu\/en_gb\/wp-json\/wp\/v2\/types\/product"}],"replies":[{"embeddable":true,"href":"https:\/\/potteryart.eu\/en_gb\/wp-json\/wp\/v2\/comments?post=4226"}],"wp:featuredmedia":[{"embeddable":true,"href":"https:\/\/potteryart.eu\/en_gb\/wp-json\/wp\/v2\/media\/4231"}],"wp:attachment":[{"href":"https:\/\/potteryart.eu\/en_gb\/wp-json\/wp\/v2\/media?parent=4226"}],"wp:term":[{"taxonomy":"product_brand","embeddable":true,"href":"https:\/\/potteryart.eu\/en_gb\/wp-json\/wp\/v2\/product_brand?post=4226"},{"taxonomy":"product_cat","embeddable":true,"href":"https:\/\/potteryart.eu\/en_gb\/wp-json\/wp\/v2\/product_cat?post=4226"},{"taxonomy":"product_tag","embeddable":true,"href":"https:\/\/potteryart.eu\/en_gb\/wp-json\/wp\/v2\/product_tag?post=4226"}],"curies":[{"name":"wp","href":"https:\/\/api.w.org\/{rel}","templated":true}]}}