{"id":4234,"date":"2026-02-02T18:30:21","date_gmt":"2026-02-02T17:30:21","guid":{"rendered":"https:\/\/potteryart.eu\/?post_type=product&#038;p=4234"},"modified":"2026-02-19T07:22:35","modified_gmt":"2026-02-19T06:22:35","slug":"siva-unikatna-skodelica-za-kavo","status":"publish","type":"product","link":"https:\/\/potteryart.eu\/en_gb\/spletna-trgovina\/unikatni-loncarski-izdelki-iz-kamenine\/unikatni-izdelki-iz-kamenine-za-kuhinjo\/siva-unikatna-skodelica-za-kavo\/","title":{"rendered":"Unique gray coffee cup"},"content":{"rendered":"<h1>Unique gray coffee cup<\/h1>\n<p class=\"translation-block\">This unique gray coffee cup is a pottery art product designed by Polona Zajc. It is a ceramic set of a cup and saucer, handmade on a potter's wheel from black stoneware. The inside of the cup is glazed with food-safe glaze (traceability mark LOT17). The outside of the cup and saucer is glazed with gray matte glaze, and the details are painted with flowing blue glaze. It is fired at a temperature of 1220\u00b0C. The cup is perfectly suitable for various beverages and can be washed in the dishwasher after use. The cup is 8 cm high and the saucer has a diameter of 14 cm.<\/p>\n<h2>Pottery art clay design by Polona Zajc<\/h2>\n<p class=\"translation-block\">Pottery art clay design by Polona Zajc\nPottery art clay design by Polona Zajc has a variety of unique cups in her collection. Some of them come with a saucer. All of them belong to the series of unique pottery for the kitchen, which means that they are perfectly usable for drinks and can be washed in the dishwasher. They come in different shapes and sizes, fired as ceramic or as stoneware. The unique cups can be in a series of several identical ones, in a set of two together or just one unique specimen.<\/p>\n<h3>Handmade cup with saucer<\/h3>\n<p class=\"translation-block\">This handmade cup with saucer is a completely unique product. This means that it is one of a kind and will never be made again in this form. The cup features an engraved pottery art pattern, is hand-painted in a delicate blue color, has an interesting handle, and is a completely romantic piece of stoneware in a subdued gray color. The set is complemented by a saucer with the same pattern, which continues the pattern like an open skirt. Despite its uniqueness and special shape, the stoneware cup and saucer set is completely practical to use, as it is high quality and made for long-term use.  There is also a unique brown coffee cup available, which goes well with the unique gray cup. This creates a pleasant romantic setting for two to enjoy aromatic coffee and pastries in unique, handmade stoneware dishes.<\/p>","protected":false},"excerpt":{"rendered":"<p>Siva unikatna skodelica za kavo Siva unikatna skodelica za kavo je izdelek pottery art oblikovanje gline Polone Zajc. To je kerami\u010den komplet skodelice in kro\u017eni\u010dka, ki sta narejena ro\u010dno, na lon\u010darskem vretenu iz \u010drne kamenine. Notranjost skodelice je glazirana z glazuro, primerno stiku z \u017eivili (oznaka sledljivosti LOT17). Zunanjost skodelice in kro\u017eni\u010dka je glazirana s [&hellip;]<\/p>\n","protected":false},"featured_media":4232,"comment_status":"open","ping_status":"closed","template":"","meta":[],"product_brand":[],"product_cat":[249,275,265],"product_tag":[],"class_list":{"0":"post-4234","1":"product","2":"type-product","3":"status-publish","4":"has-post-thumbnail","6":"product_cat-unikatne-skodelice-iz-gline","7":"product_cat-unikatni-izdelki-iz-kamenine-za-kuhinjo","8":"product_cat-unikatni-loncarski-izdelki-iz-kamenine","9":"product_shipping_class-1kg","11":"first","12":"instock","13":"purchasable","14":"product-type-simple"},"yoast_head":"<!-- This site is optimized with the Yoast SEO Premium plugin v27.4 (Yoast SEO v27.4) - https:\/\/yoast.com\/product\/yoast-seo-premium-wordpress\/ -->\n<title>Siva unikatna skodelica za kavo<\/title>\n<meta name=\"description\" content=\"Siva unikatna skodelica za kavo je izdelek pottery art oblikovanje gline Polone Zajc. To je ro\u010dno izdelana skodelica s kro\u017eni\u010dkom.\" \/>\n<meta name=\"robots\" content=\"index, follow, max-snippet:-1, max-image-preview:large, max-video-preview:-1\" \/>\n<link rel=\"canonical\" href=\"https:\/\/potteryart.eu\/en_gb\/spletna-trgovina\/unikatni-loncarski-izdelki-iz-kamenine\/unikatni-izdelki-iz-kamenine-za-kuhinjo\/siva-unikatna-skodelica-za-kavo\/\" \/>\n<meta property=\"og:locale\" content=\"en_GB\" \/>\n<meta property=\"og:type\" content=\"article\" \/>\n<meta property=\"og:title\" content=\"Siva unikatna skodelica za kavo\" \/>\n<meta property=\"og:description\" content=\"Siva unikatna skodelica za kavo je izdelek pottery art oblikovanje gline Polone Zajc. To je ro\u010dno izdelana skodelica s kro\u017eni\u010dkom.\" \/>\n<meta property=\"og:url\" content=\"https:\/\/potteryart.eu\/en_gb\/spletna-trgovina\/unikatni-loncarski-izdelki-iz-kamenine\/unikatni-izdelki-iz-kamenine-za-kuhinjo\/siva-unikatna-skodelica-za-kavo\/\" \/>\n<meta property=\"og:site_name\" content=\"Zajc Polona\" \/>\n<meta property=\"article:modified_time\" content=\"2026-02-19T06:22:35+00:00\" \/>\n<meta property=\"og:image\" content=\"https:\/\/potteryart.eu\/wp-content\/uploads\/2026\/02\/20260201_093842-scaled.jpg\" \/>\n\t<meta property=\"og:image:width\" content=\"2236\" \/>\n\t<meta property=\"og:image:height\" content=\"2560\" \/>\n\t<meta property=\"og:image:type\" content=\"image\/jpeg\" \/>\n<meta name=\"twitter:card\" content=\"summary_large_image\" \/>\n<meta name=\"twitter:label1\" content=\"Estimated reading time\" \/>\n\t<meta name=\"twitter:data1\" content=\"2 minutes\" \/>\n<script type=\"application\/ld+json\" class=\"yoast-schema-graph\">{\"@context\":\"https:\\\/\\\/schema.org\",\"@graph\":[{\"@type\":\"WebPage\",\"@id\":\"https:\\\/\\\/potteryart.eu\\\/spletna-trgovina\\\/unikatni-loncarski-izdelki-iz-kamenine\\\/unikatni-izdelki-iz-kamenine-za-kuhinjo\\\/siva-unikatna-skodelica-za-kavo\\\/\",\"url\":\"https:\\\/\\\/potteryart.eu\\\/spletna-trgovina\\\/unikatni-loncarski-izdelki-iz-kamenine\\\/unikatni-izdelki-iz-kamenine-za-kuhinjo\\\/siva-unikatna-skodelica-za-kavo\\\/\",\"name\":\"Siva unikatna skodelica za kavo\",\"isPartOf\":{\"@id\":\"https:\\\/\\\/potteryart.eu\\\/#website\"},\"primaryImageOfPage\":{\"@id\":\"https:\\\/\\\/potteryart.eu\\\/spletna-trgovina\\\/unikatni-loncarski-izdelki-iz-kamenine\\\/unikatni-izdelki-iz-kamenine-za-kuhinjo\\\/siva-unikatna-skodelica-za-kavo\\\/#primaryimage\"},\"image\":{\"@id\":\"https:\\\/\\\/potteryart.eu\\\/spletna-trgovina\\\/unikatni-loncarski-izdelki-iz-kamenine\\\/unikatni-izdelki-iz-kamenine-za-kuhinjo\\\/siva-unikatna-skodelica-za-kavo\\\/#primaryimage\"},\"thumbnailUrl\":\"https:\\\/\\\/potteryart.eu\\\/wp-content\\\/uploads\\\/2026\\\/02\\\/20260201_093842-scaled.jpg\",\"datePublished\":\"2026-02-02T17:30:21+00:00\",\"dateModified\":\"2026-02-19T06:22:35+00:00\",\"description\":\"Siva unikatna skodelica za kavo je izdelek pottery art oblikovanje gline Polone Zajc. To je ro\u010dno izdelana skodelica s kro\u017eni\u010dkom.\",\"breadcrumb\":{\"@id\":\"https:\\\/\\\/potteryart.eu\\\/spletna-trgovina\\\/unikatni-loncarski-izdelki-iz-kamenine\\\/unikatni-izdelki-iz-kamenine-za-kuhinjo\\\/siva-unikatna-skodelica-za-kavo\\\/#breadcrumb\"},\"inLanguage\":\"en-GB\",\"potentialAction\":[{\"@type\":\"ReadAction\",\"target\":[\"https:\\\/\\\/potteryart.eu\\\/spletna-trgovina\\\/unikatni-loncarski-izdelki-iz-kamenine\\\/unikatni-izdelki-iz-kamenine-za-kuhinjo\\\/siva-unikatna-skodelica-za-kavo\\\/\"]}]},{\"@type\":\"ImageObject\",\"inLanguage\":\"en-GB\",\"@id\":\"https:\\\/\\\/potteryart.eu\\\/spletna-trgovina\\\/unikatni-loncarski-izdelki-iz-kamenine\\\/unikatni-izdelki-iz-kamenine-za-kuhinjo\\\/siva-unikatna-skodelica-za-kavo\\\/#primaryimage\",\"url\":\"https:\\\/\\\/potteryart.eu\\\/wp-content\\\/uploads\\\/2026\\\/02\\\/20260201_093842-scaled.jpg\",\"contentUrl\":\"https:\\\/\\\/potteryart.eu\\\/wp-content\\\/uploads\\\/2026\\\/02\\\/20260201_093842-scaled.jpg\",\"width\":2236,\"height\":2560,\"caption\":\"siva unikatna skodelica za kavo, pottery art, ro\u010dno izdelana skodelica s kro\u017eni\u010dkom\"},{\"@type\":\"BreadcrumbList\",\"@id\":\"https:\\\/\\\/potteryart.eu\\\/spletna-trgovina\\\/unikatni-loncarski-izdelki-iz-kamenine\\\/unikatni-izdelki-iz-kamenine-za-kuhinjo\\\/siva-unikatna-skodelica-za-kavo\\\/#breadcrumb\",\"itemListElement\":[{\"@type\":\"ListItem\",\"position\":1,\"name\":\"Home\",\"item\":\"https:\\\/\\\/potteryart.eu\\\/\"},{\"@type\":\"ListItem\",\"position\":2,\"name\":\"Spletna trgovina\",\"item\":\"https:\\\/\\\/potteryart.eu\\\/spletna-trgovina\\\/\"},{\"@type\":\"ListItem\",\"position\":3,\"name\":\"Siva unikatna skodelica za kavo\"}]},{\"@type\":\"WebSite\",\"@id\":\"https:\\\/\\\/potteryart.eu\\\/#website\",\"url\":\"https:\\\/\\\/potteryart.eu\\\/\",\"name\":\"Zajc Polona\",\"description\":\"\",\"publisher\":{\"@id\":\"https:\\\/\\\/potteryart.eu\\\/#\\\/schema\\\/person\\\/819de6034d3dd0bbdcc3a95a0b6c7e4d\"},\"potentialAction\":[{\"@type\":\"SearchAction\",\"target\":{\"@type\":\"EntryPoint\",\"urlTemplate\":\"https:\\\/\\\/potteryart.eu\\\/?s={search_term_string}\"},\"query-input\":{\"@type\":\"PropertyValueSpecification\",\"valueRequired\":true,\"valueName\":\"search_term_string\"}}],\"inLanguage\":\"en-GB\"},{\"@type\":[\"Person\",\"Organization\"],\"@id\":\"https:\\\/\\\/potteryart.eu\\\/#\\\/schema\\\/person\\\/819de6034d3dd0bbdcc3a95a0b6c7e4d\",\"name\":\"polonazajc_admin\",\"image\":{\"@type\":\"ImageObject\",\"inLanguage\":\"en-GB\",\"@id\":\"https:\\\/\\\/potteryart.eu\\\/wp-content\\\/uploads\\\/2020\\\/12\\\/cropped-Logo-1.png\",\"url\":\"https:\\\/\\\/potteryart.eu\\\/wp-content\\\/uploads\\\/2020\\\/12\\\/cropped-Logo-1.png\",\"contentUrl\":\"https:\\\/\\\/potteryart.eu\\\/wp-content\\\/uploads\\\/2020\\\/12\\\/cropped-Logo-1.png\",\"width\":2113,\"height\":280,\"caption\":\"polonazajc_admin\"},\"logo\":{\"@id\":\"https:\\\/\\\/potteryart.eu\\\/wp-content\\\/uploads\\\/2020\\\/12\\\/cropped-Logo-1.png\"}}]}<\/script>\n<!-- \/ Yoast SEO Premium plugin. -->","yoast_head_json":{"title":"Unique gray coffee cup","description":"Siva unikatna skodelica za kavo je izdelek pottery art oblikovanje gline Polone Zajc. To je ro\u010dno izdelana skodelica s kro\u017eni\u010dkom.","robots":{"index":"index","follow":"follow","max-snippet":"max-snippet:-1","max-image-preview":"max-image-preview:large","max-video-preview":"max-video-preview:-1"},"canonical":"https:\/\/potteryart.eu\/en_gb\/spletna-trgovina\/unikatni-loncarski-izdelki-iz-kamenine\/unikatni-izdelki-iz-kamenine-za-kuhinjo\/siva-unikatna-skodelica-za-kavo\/","og_locale":"en_GB","og_type":"article","og_title":"Siva unikatna skodelica za kavo","og_description":"Siva unikatna skodelica za kavo je izdelek pottery art oblikovanje gline Polone Zajc. To je ro\u010dno izdelana skodelica s kro\u017eni\u010dkom.","og_url":"https:\/\/potteryart.eu\/en_gb\/spletna-trgovina\/unikatni-loncarski-izdelki-iz-kamenine\/unikatni-izdelki-iz-kamenine-za-kuhinjo\/siva-unikatna-skodelica-za-kavo\/","og_site_name":"Zajc Polona","article_modified_time":"2026-02-19T06:22:35+00:00","og_image":[{"width":2236,"height":2560,"url":"https:\/\/potteryart.eu\/wp-content\/uploads\/2026\/02\/20260201_093842-scaled.jpg","type":"image\/jpeg"}],"twitter_card":"summary_large_image","twitter_misc":{"Estimated reading time":"2 minutes"},"schema":{"@context":"https:\/\/schema.org","@graph":[{"@type":"WebPage","@id":"https:\/\/potteryart.eu\/spletna-trgovina\/unikatni-loncarski-izdelki-iz-kamenine\/unikatni-izdelki-iz-kamenine-za-kuhinjo\/siva-unikatna-skodelica-za-kavo\/","url":"https:\/\/potteryart.eu\/spletna-trgovina\/unikatni-loncarski-izdelki-iz-kamenine\/unikatni-izdelki-iz-kamenine-za-kuhinjo\/siva-unikatna-skodelica-za-kavo\/","name":"Unique gray coffee cup","isPartOf":{"@id":"https:\/\/potteryart.eu\/#website"},"primaryImageOfPage":{"@id":"https:\/\/potteryart.eu\/spletna-trgovina\/unikatni-loncarski-izdelki-iz-kamenine\/unikatni-izdelki-iz-kamenine-za-kuhinjo\/siva-unikatna-skodelica-za-kavo\/#primaryimage"},"image":{"@id":"https:\/\/potteryart.eu\/spletna-trgovina\/unikatni-loncarski-izdelki-iz-kamenine\/unikatni-izdelki-iz-kamenine-za-kuhinjo\/siva-unikatna-skodelica-za-kavo\/#primaryimage"},"thumbnailUrl":"https:\/\/potteryart.eu\/wp-content\/uploads\/2026\/02\/20260201_093842-scaled.jpg","datePublished":"2026-02-02T17:30:21+00:00","dateModified":"2026-02-19T06:22:35+00:00","description":"Siva unikatna skodelica za kavo je izdelek pottery art oblikovanje gline Polone Zajc. To je ro\u010dno izdelana skodelica s kro\u017eni\u010dkom.","breadcrumb":{"@id":"https:\/\/potteryart.eu\/spletna-trgovina\/unikatni-loncarski-izdelki-iz-kamenine\/unikatni-izdelki-iz-kamenine-za-kuhinjo\/siva-unikatna-skodelica-za-kavo\/#breadcrumb"},"inLanguage":"en-GB","potentialAction":[{"@type":"ReadAction","target":["https:\/\/potteryart.eu\/spletna-trgovina\/unikatni-loncarski-izdelki-iz-kamenine\/unikatni-izdelki-iz-kamenine-za-kuhinjo\/siva-unikatna-skodelica-za-kavo\/"]}]},{"@type":"ImageObject","inLanguage":"en-GB","@id":"https:\/\/potteryart.eu\/spletna-trgovina\/unikatni-loncarski-izdelki-iz-kamenine\/unikatni-izdelki-iz-kamenine-za-kuhinjo\/siva-unikatna-skodelica-za-kavo\/#primaryimage","url":"https:\/\/potteryart.eu\/wp-content\/uploads\/2026\/02\/20260201_093842-scaled.jpg","contentUrl":"https:\/\/potteryart.eu\/wp-content\/uploads\/2026\/02\/20260201_093842-scaled.jpg","width":2236,"height":2560,"caption":"siva unikatna skodelica za kavo, pottery art, ro\u010dno izdelana skodelica s kro\u017eni\u010dkom"},{"@type":"BreadcrumbList","@id":"https:\/\/potteryart.eu\/spletna-trgovina\/unikatni-loncarski-izdelki-iz-kamenine\/unikatni-izdelki-iz-kamenine-za-kuhinjo\/siva-unikatna-skodelica-za-kavo\/#breadcrumb","itemListElement":[{"@type":"ListItem","position":1,"name":"Home","item":"https:\/\/potteryart.eu\/"},{"@type":"ListItem","position":2,"name":"Spletna trgovina","item":"https:\/\/potteryart.eu\/spletna-trgovina\/"},{"@type":"ListItem","position":3,"name":"Siva unikatna skodelica za kavo"}]},{"@type":"WebSite","@id":"https:\/\/potteryart.eu\/#website","url":"https:\/\/potteryart.eu\/","name":"Zajc Polona","description":"","publisher":{"@id":"https:\/\/potteryart.eu\/#\/schema\/person\/819de6034d3dd0bbdcc3a95a0b6c7e4d"},"potentialAction":[{"@type":"SearchAction","target":{"@type":"EntryPoint","urlTemplate":"https:\/\/potteryart.eu\/?s={search_term_string}"},"query-input":{"@type":"PropertyValueSpecification","valueRequired":true,"valueName":"search_term_string"}}],"inLanguage":"en-GB"},{"@type":["Person","Organization"],"@id":"https:\/\/potteryart.eu\/#\/schema\/person\/819de6034d3dd0bbdcc3a95a0b6c7e4d","name":"polonazajc_admin","image":{"@type":"ImageObject","inLanguage":"en-GB","@id":"https:\/\/potteryart.eu\/wp-content\/uploads\/2020\/12\/cropped-Logo-1.png","url":"https:\/\/potteryart.eu\/wp-content\/uploads\/2020\/12\/cropped-Logo-1.png","contentUrl":"https:\/\/potteryart.eu\/wp-content\/uploads\/2020\/12\/cropped-Logo-1.png","width":2113,"height":280,"caption":"polonazajc_admin"},"logo":{"@id":"https:\/\/potteryart.eu\/wp-content\/uploads\/2020\/12\/cropped-Logo-1.png"}}]}},"_links":{"self":[{"href":"https:\/\/potteryart.eu\/en_gb\/wp-json\/wp\/v2\/product\/4234","targetHints":{"allow":["GET"]}}],"collection":[{"href":"https:\/\/potteryart.eu\/en_gb\/wp-json\/wp\/v2\/product"}],"about":[{"href":"https:\/\/potteryart.eu\/en_gb\/wp-json\/wp\/v2\/types\/product"}],"replies":[{"embeddable":true,"href":"https:\/\/potteryart.eu\/en_gb\/wp-json\/wp\/v2\/comments?post=4234"}],"wp:featuredmedia":[{"embeddable":true,"href":"https:\/\/potteryart.eu\/en_gb\/wp-json\/wp\/v2\/media\/4232"}],"wp:attachment":[{"href":"https:\/\/potteryart.eu\/en_gb\/wp-json\/wp\/v2\/media?parent=4234"}],"wp:term":[{"taxonomy":"product_brand","embeddable":true,"href":"https:\/\/potteryart.eu\/en_gb\/wp-json\/wp\/v2\/product_brand?post=4234"},{"taxonomy":"product_cat","embeddable":true,"href":"https:\/\/potteryart.eu\/en_gb\/wp-json\/wp\/v2\/product_cat?post=4234"},{"taxonomy":"product_tag","embeddable":true,"href":"https:\/\/potteryart.eu\/en_gb\/wp-json\/wp\/v2\/product_tag?post=4234"}],"curies":[{"name":"wp","href":"https:\/\/api.w.org\/{rel}","templated":true}]}}