{"id":4313,"date":"2026-03-12T17:48:34","date_gmt":"2026-03-12T16:48:34","guid":{"rendered":"https:\/\/potteryart.eu\/?post_type=product&#038;p=4313"},"modified":"2026-03-15T18:10:52","modified_gmt":"2026-03-15T17:10:52","slug":"glinena-casa","status":"publish","type":"product","link":"https:\/\/potteryart.eu\/en_gb\/spletna-trgovina\/unikatni-loncarski-izdelki-iz-kamenine\/unikatni-izdelki-iz-kamenine-za-kuhinjo\/glinena-casa\/","title":{"rendered":"Glinena \u010da\u0161a"},"content":{"rendered":"<h1>\u00a0Glinena \u010da\u0161a<\/h1>\n<p>Glinena \u010da\u0161a je izdelek pottery art oblikovanje gline Polone Zajc. Zvrtena je na lon\u010darskem vretenu iz \u010drne kamenine. Zunanjost je glazirana z barvno mat glazuro, ki se v detajlih preliva v \u010dudovito ble\u0161\u010de\u010de modrozeleno barvo. V ponudbi pa je tudi \u010da\u0161a z grobim be\u017e prelivom, ki tvori posebno strukturo na povr\u0161ini. Notranjost je glazirana z glazuro, primerno stiku z \u017eivili (oznaka sledljivosti <a href=\"https:\/\/potteryart.eu\/wp-content\/uploads\/2021\/02\/certifikat_glazure.pdf\">LOT17<\/a>). \u017dgana je pri temperaturi 1220\u00b0C. Ro\u010dno izdelana \u010da\u0161a iz gline je visoka 16 cm, premer pri vrhu je 6 cm.<\/p>\n<h2>Pottery art clay design by Polona Zajc<\/h2>\n<p>Pottery art clay design by Polona Zajc has clay jars of various shapes and colours in her collection of clay products. These can be large water glasses, small spirit glasses, beakers of many sizes and shapes. They are designed for different drinks and occasions, but of course it is up to each user to decide how and when to use the unique clay glasses. Some are made in a series of several identical ones, but most of the time each piece is different and completely unique. But they are all made from the highest quality clay and the inside is glazed with a glaze that is certified fit for food and beverage use. After use, they can be easily washed in the dishwasher<\/p>\n<h3>Velika kerami\u010dna \u010da\u0161a<\/h3>\n<p>Velika kerami\u010dna \u010da\u0161a\u00a0 je elegantna \u010drna \u010da\u0161a z barvnim prelivom. Je ro\u010dno narejena in popolnoma neponovljiva. S svojo obliko spominja na \u010da\u0161e za \u0161ampanjec, tako da bi tudi unikatna glinena \u010da\u0161a lahko bila namenjena temu. Barvna mat povr\u0161ina s prelivajo\u010do se ble\u0161\u010de\u010do modrozeleno glazuro, na \u010drni povr\u0161ini. Vse to so posebnosti, po katerih se ro\u010dno izdelana \u010da\u0161a iz gline razlikuje od vseh podobnih izdelkov. Zato je unikatna in neponovljiva. Za uporabnika pa je svojevrsten izziv, ko standarden steklen kozarec za \u0161ampanjec zamenja za neobi\u010dajno \u010da\u0161o iz gline. S tem pa lahko ob posebnih prilo\u017enostih nastane \u010disto nova zgodba, unikatna.<\/p>","protected":false},"excerpt":{"rendered":"<p>\u00a0Glinena \u010da\u0161a Glinena \u010da\u0161a je izdelek pottery art oblikovanje gline Polone Zajc. Zvrtena je na lon\u010darskem vretenu iz \u010drne kamenine. Zunanjost je glazirana z barvno mat glazuro, ki se v detajlih preliva v \u010dudovito ble\u0161\u010de\u010de modrozeleno barvo. V ponudbi pa je tudi \u010da\u0161a z grobim be\u017e prelivom, ki tvori posebno strukturo na povr\u0161ini. Notranjost je [&hellip;]<\/p>\n","protected":false},"featured_media":4316,"comment_status":"open","ping_status":"closed","template":"","meta":[],"product_brand":[],"product_cat":[275,272,265],"product_tag":[],"class_list":{"0":"post-4313","1":"product","2":"type-product","3":"status-publish","4":"has-post-thumbnail","6":"product_cat-unikatni-izdelki-iz-kamenine-za-kuhinjo","7":"product_cat-unikatni-kozarci-iz-gline","8":"product_cat-unikatni-loncarski-izdelki-iz-kamenine","9":"product_shipping_class-1kg","11":"first","12":"instock","13":"purchasable","14":"product-type-simple"},"yoast_head":"<!-- This site is optimized with the Yoast SEO Premium plugin v27.4 (Yoast SEO v27.4) - https:\/\/yoast.com\/product\/yoast-seo-premium-wordpress\/ -->\n<title>Glinena \u010da\u0161a<\/title>\n<meta name=\"description\" content=\"Glinena \u010da\u0161a je izdelek pottery art oblikovanje gline Polone Zajc. To je Velika kerami\u010dna \u010da\u0161a, ro\u010dno izdelana \u010de\u0161e iz gline.\" \/>\n<meta name=\"robots\" content=\"index, follow, max-snippet:-1, max-image-preview:large, max-video-preview:-1\" \/>\n<link rel=\"canonical\" href=\"https:\/\/potteryart.eu\/en_gb\/spletna-trgovina\/unikatni-loncarski-izdelki-iz-kamenine\/unikatni-izdelki-iz-kamenine-za-kuhinjo\/glinena-casa\/\" \/>\n<meta property=\"og:locale\" content=\"en_GB\" \/>\n<meta property=\"og:type\" content=\"article\" \/>\n<meta property=\"og:title\" content=\"Glinena \u010da\u0161a\" \/>\n<meta property=\"og:description\" content=\"Glinena \u010da\u0161a je izdelek pottery art oblikovanje gline Polone Zajc. To je Velika kerami\u010dna \u010da\u0161a, ro\u010dno izdelana \u010de\u0161e iz gline.\" \/>\n<meta property=\"og:url\" content=\"https:\/\/potteryart.eu\/en_gb\/spletna-trgovina\/unikatni-loncarski-izdelki-iz-kamenine\/unikatni-izdelki-iz-kamenine-za-kuhinjo\/glinena-casa\/\" \/>\n<meta property=\"og:site_name\" content=\"Zajc Polona\" \/>\n<meta property=\"article:modified_time\" content=\"2026-03-15T17:10:52+00:00\" \/>\n<meta property=\"og:image\" content=\"https:\/\/potteryart.eu\/wp-content\/uploads\/2026\/03\/WhatsApp-Image-2026-03-11-at-16.42.25-3.jpeg\" \/>\n\t<meta property=\"og:image:width\" content=\"1191\" \/>\n\t<meta property=\"og:image:height\" content=\"1961\" \/>\n\t<meta property=\"og:image:type\" content=\"image\/jpeg\" \/>\n<meta name=\"twitter:card\" content=\"summary_large_image\" \/>\n<meta name=\"twitter:label1\" content=\"Estimated reading time\" \/>\n\t<meta name=\"twitter:data1\" content=\"2 minutes\" \/>\n<script type=\"application\/ld+json\" class=\"yoast-schema-graph\">{\"@context\":\"https:\\\/\\\/schema.org\",\"@graph\":[{\"@type\":\"WebPage\",\"@id\":\"https:\\\/\\\/potteryart.eu\\\/spletna-trgovina\\\/unikatni-loncarski-izdelki-iz-kamenine\\\/unikatni-izdelki-iz-kamenine-za-kuhinjo\\\/glinena-casa\\\/\",\"url\":\"https:\\\/\\\/potteryart.eu\\\/spletna-trgovina\\\/unikatni-loncarski-izdelki-iz-kamenine\\\/unikatni-izdelki-iz-kamenine-za-kuhinjo\\\/glinena-casa\\\/\",\"name\":\"Glinena \u010da\u0161a\",\"isPartOf\":{\"@id\":\"https:\\\/\\\/potteryart.eu\\\/#website\"},\"primaryImageOfPage\":{\"@id\":\"https:\\\/\\\/potteryart.eu\\\/spletna-trgovina\\\/unikatni-loncarski-izdelki-iz-kamenine\\\/unikatni-izdelki-iz-kamenine-za-kuhinjo\\\/glinena-casa\\\/#primaryimage\"},\"image\":{\"@id\":\"https:\\\/\\\/potteryart.eu\\\/spletna-trgovina\\\/unikatni-loncarski-izdelki-iz-kamenine\\\/unikatni-izdelki-iz-kamenine-za-kuhinjo\\\/glinena-casa\\\/#primaryimage\"},\"thumbnailUrl\":\"https:\\\/\\\/potteryart.eu\\\/wp-content\\\/uploads\\\/2026\\\/03\\\/WhatsApp-Image-2026-03-11-at-16.42.25-3.jpeg\",\"datePublished\":\"2026-03-12T16:48:34+00:00\",\"dateModified\":\"2026-03-15T17:10:52+00:00\",\"description\":\"Glinena \u010da\u0161a je izdelek pottery art oblikovanje gline Polone Zajc. To je Velika kerami\u010dna \u010da\u0161a, ro\u010dno izdelana \u010de\u0161e iz gline.\",\"breadcrumb\":{\"@id\":\"https:\\\/\\\/potteryart.eu\\\/spletna-trgovina\\\/unikatni-loncarski-izdelki-iz-kamenine\\\/unikatni-izdelki-iz-kamenine-za-kuhinjo\\\/glinena-casa\\\/#breadcrumb\"},\"inLanguage\":\"en-GB\",\"potentialAction\":[{\"@type\":\"ReadAction\",\"target\":[\"https:\\\/\\\/potteryart.eu\\\/spletna-trgovina\\\/unikatni-loncarski-izdelki-iz-kamenine\\\/unikatni-izdelki-iz-kamenine-za-kuhinjo\\\/glinena-casa\\\/\"]}]},{\"@type\":\"ImageObject\",\"inLanguage\":\"en-GB\",\"@id\":\"https:\\\/\\\/potteryart.eu\\\/spletna-trgovina\\\/unikatni-loncarski-izdelki-iz-kamenine\\\/unikatni-izdelki-iz-kamenine-za-kuhinjo\\\/glinena-casa\\\/#primaryimage\",\"url\":\"https:\\\/\\\/potteryart.eu\\\/wp-content\\\/uploads\\\/2026\\\/03\\\/WhatsApp-Image-2026-03-11-at-16.42.25-3.jpeg\",\"contentUrl\":\"https:\\\/\\\/potteryart.eu\\\/wp-content\\\/uploads\\\/2026\\\/03\\\/WhatsApp-Image-2026-03-11-at-16.42.25-3.jpeg\",\"width\":1191,\"height\":1961,\"caption\":\"glinena \u010da\u0161a, pottery art, velika kerami\u010dna \u010da\u0161a\"},{\"@type\":\"BreadcrumbList\",\"@id\":\"https:\\\/\\\/potteryart.eu\\\/spletna-trgovina\\\/unikatni-loncarski-izdelki-iz-kamenine\\\/unikatni-izdelki-iz-kamenine-za-kuhinjo\\\/glinena-casa\\\/#breadcrumb\",\"itemListElement\":[{\"@type\":\"ListItem\",\"position\":1,\"name\":\"Home\",\"item\":\"https:\\\/\\\/potteryart.eu\\\/\"},{\"@type\":\"ListItem\",\"position\":2,\"name\":\"Spletna trgovina\",\"item\":\"https:\\\/\\\/potteryart.eu\\\/spletna-trgovina\\\/\"},{\"@type\":\"ListItem\",\"position\":3,\"name\":\"Glinena \u010da\u0161a\"}]},{\"@type\":\"WebSite\",\"@id\":\"https:\\\/\\\/potteryart.eu\\\/#website\",\"url\":\"https:\\\/\\\/potteryart.eu\\\/\",\"name\":\"Zajc Polona\",\"description\":\"\",\"publisher\":{\"@id\":\"https:\\\/\\\/potteryart.eu\\\/#\\\/schema\\\/person\\\/819de6034d3dd0bbdcc3a95a0b6c7e4d\"},\"potentialAction\":[{\"@type\":\"SearchAction\",\"target\":{\"@type\":\"EntryPoint\",\"urlTemplate\":\"https:\\\/\\\/potteryart.eu\\\/?s={search_term_string}\"},\"query-input\":{\"@type\":\"PropertyValueSpecification\",\"valueRequired\":true,\"valueName\":\"search_term_string\"}}],\"inLanguage\":\"en-GB\"},{\"@type\":[\"Person\",\"Organization\"],\"@id\":\"https:\\\/\\\/potteryart.eu\\\/#\\\/schema\\\/person\\\/819de6034d3dd0bbdcc3a95a0b6c7e4d\",\"name\":\"polonazajc_admin\",\"image\":{\"@type\":\"ImageObject\",\"inLanguage\":\"en-GB\",\"@id\":\"https:\\\/\\\/potteryart.eu\\\/wp-content\\\/uploads\\\/2020\\\/12\\\/cropped-Logo-1.png\",\"url\":\"https:\\\/\\\/potteryart.eu\\\/wp-content\\\/uploads\\\/2020\\\/12\\\/cropped-Logo-1.png\",\"contentUrl\":\"https:\\\/\\\/potteryart.eu\\\/wp-content\\\/uploads\\\/2020\\\/12\\\/cropped-Logo-1.png\",\"width\":2113,\"height\":280,\"caption\":\"polonazajc_admin\"},\"logo\":{\"@id\":\"https:\\\/\\\/potteryart.eu\\\/wp-content\\\/uploads\\\/2020\\\/12\\\/cropped-Logo-1.png\"}}]}<\/script>\n<!-- \/ Yoast SEO Premium plugin. -->","yoast_head_json":{"title":"Glinena \u010da\u0161a","description":"Glinena \u010da\u0161a je izdelek pottery art oblikovanje gline Polone Zajc. To je Velika kerami\u010dna \u010da\u0161a, ro\u010dno izdelana \u010de\u0161e iz gline.","robots":{"index":"index","follow":"follow","max-snippet":"max-snippet:-1","max-image-preview":"max-image-preview:large","max-video-preview":"max-video-preview:-1"},"canonical":"https:\/\/potteryart.eu\/en_gb\/spletna-trgovina\/unikatni-loncarski-izdelki-iz-kamenine\/unikatni-izdelki-iz-kamenine-za-kuhinjo\/glinena-casa\/","og_locale":"en_GB","og_type":"article","og_title":"Glinena \u010da\u0161a","og_description":"Glinena \u010da\u0161a je izdelek pottery art oblikovanje gline Polone Zajc. To je Velika kerami\u010dna \u010da\u0161a, ro\u010dno izdelana \u010de\u0161e iz gline.","og_url":"https:\/\/potteryart.eu\/en_gb\/spletna-trgovina\/unikatni-loncarski-izdelki-iz-kamenine\/unikatni-izdelki-iz-kamenine-za-kuhinjo\/glinena-casa\/","og_site_name":"Zajc Polona","article_modified_time":"2026-03-15T17:10:52+00:00","og_image":[{"width":1191,"height":1961,"url":"https:\/\/potteryart.eu\/wp-content\/uploads\/2026\/03\/WhatsApp-Image-2026-03-11-at-16.42.25-3.jpeg","type":"image\/jpeg"}],"twitter_card":"summary_large_image","twitter_misc":{"Estimated reading time":"2 minutes"},"schema":{"@context":"https:\/\/schema.org","@graph":[{"@type":"WebPage","@id":"https:\/\/potteryart.eu\/spletna-trgovina\/unikatni-loncarski-izdelki-iz-kamenine\/unikatni-izdelki-iz-kamenine-za-kuhinjo\/glinena-casa\/","url":"https:\/\/potteryart.eu\/spletna-trgovina\/unikatni-loncarski-izdelki-iz-kamenine\/unikatni-izdelki-iz-kamenine-za-kuhinjo\/glinena-casa\/","name":"Glinena \u010da\u0161a","isPartOf":{"@id":"https:\/\/potteryart.eu\/#website"},"primaryImageOfPage":{"@id":"https:\/\/potteryart.eu\/spletna-trgovina\/unikatni-loncarski-izdelki-iz-kamenine\/unikatni-izdelki-iz-kamenine-za-kuhinjo\/glinena-casa\/#primaryimage"},"image":{"@id":"https:\/\/potteryart.eu\/spletna-trgovina\/unikatni-loncarski-izdelki-iz-kamenine\/unikatni-izdelki-iz-kamenine-za-kuhinjo\/glinena-casa\/#primaryimage"},"thumbnailUrl":"https:\/\/potteryart.eu\/wp-content\/uploads\/2026\/03\/WhatsApp-Image-2026-03-11-at-16.42.25-3.jpeg","datePublished":"2026-03-12T16:48:34+00:00","dateModified":"2026-03-15T17:10:52+00:00","description":"Glinena \u010da\u0161a je izdelek pottery art oblikovanje gline Polone Zajc. To je Velika kerami\u010dna \u010da\u0161a, ro\u010dno izdelana \u010de\u0161e iz gline.","breadcrumb":{"@id":"https:\/\/potteryart.eu\/spletna-trgovina\/unikatni-loncarski-izdelki-iz-kamenine\/unikatni-izdelki-iz-kamenine-za-kuhinjo\/glinena-casa\/#breadcrumb"},"inLanguage":"en-GB","potentialAction":[{"@type":"ReadAction","target":["https:\/\/potteryart.eu\/spletna-trgovina\/unikatni-loncarski-izdelki-iz-kamenine\/unikatni-izdelki-iz-kamenine-za-kuhinjo\/glinena-casa\/"]}]},{"@type":"ImageObject","inLanguage":"en-GB","@id":"https:\/\/potteryart.eu\/spletna-trgovina\/unikatni-loncarski-izdelki-iz-kamenine\/unikatni-izdelki-iz-kamenine-za-kuhinjo\/glinena-casa\/#primaryimage","url":"https:\/\/potteryart.eu\/wp-content\/uploads\/2026\/03\/WhatsApp-Image-2026-03-11-at-16.42.25-3.jpeg","contentUrl":"https:\/\/potteryart.eu\/wp-content\/uploads\/2026\/03\/WhatsApp-Image-2026-03-11-at-16.42.25-3.jpeg","width":1191,"height":1961,"caption":"glinena \u010da\u0161a, pottery art, velika kerami\u010dna \u010da\u0161a"},{"@type":"BreadcrumbList","@id":"https:\/\/potteryart.eu\/spletna-trgovina\/unikatni-loncarski-izdelki-iz-kamenine\/unikatni-izdelki-iz-kamenine-za-kuhinjo\/glinena-casa\/#breadcrumb","itemListElement":[{"@type":"ListItem","position":1,"name":"Home","item":"https:\/\/potteryart.eu\/"},{"@type":"ListItem","position":2,"name":"Spletna trgovina","item":"https:\/\/potteryart.eu\/spletna-trgovina\/"},{"@type":"ListItem","position":3,"name":"Glinena \u010da\u0161a"}]},{"@type":"WebSite","@id":"https:\/\/potteryart.eu\/#website","url":"https:\/\/potteryart.eu\/","name":"Zajc Polona","description":"","publisher":{"@id":"https:\/\/potteryart.eu\/#\/schema\/person\/819de6034d3dd0bbdcc3a95a0b6c7e4d"},"potentialAction":[{"@type":"SearchAction","target":{"@type":"EntryPoint","urlTemplate":"https:\/\/potteryart.eu\/?s={search_term_string}"},"query-input":{"@type":"PropertyValueSpecification","valueRequired":true,"valueName":"search_term_string"}}],"inLanguage":"en-GB"},{"@type":["Person","Organization"],"@id":"https:\/\/potteryart.eu\/#\/schema\/person\/819de6034d3dd0bbdcc3a95a0b6c7e4d","name":"polonazajc_admin","image":{"@type":"ImageObject","inLanguage":"en-GB","@id":"https:\/\/potteryart.eu\/wp-content\/uploads\/2020\/12\/cropped-Logo-1.png","url":"https:\/\/potteryart.eu\/wp-content\/uploads\/2020\/12\/cropped-Logo-1.png","contentUrl":"https:\/\/potteryart.eu\/wp-content\/uploads\/2020\/12\/cropped-Logo-1.png","width":2113,"height":280,"caption":"polonazajc_admin"},"logo":{"@id":"https:\/\/potteryart.eu\/wp-content\/uploads\/2020\/12\/cropped-Logo-1.png"}}]}},"_links":{"self":[{"href":"https:\/\/potteryart.eu\/en_gb\/wp-json\/wp\/v2\/product\/4313","targetHints":{"allow":["GET"]}}],"collection":[{"href":"https:\/\/potteryart.eu\/en_gb\/wp-json\/wp\/v2\/product"}],"about":[{"href":"https:\/\/potteryart.eu\/en_gb\/wp-json\/wp\/v2\/types\/product"}],"replies":[{"embeddable":true,"href":"https:\/\/potteryart.eu\/en_gb\/wp-json\/wp\/v2\/comments?post=4313"}],"wp:featuredmedia":[{"embeddable":true,"href":"https:\/\/potteryart.eu\/en_gb\/wp-json\/wp\/v2\/media\/4316"}],"wp:attachment":[{"href":"https:\/\/potteryart.eu\/en_gb\/wp-json\/wp\/v2\/media?parent=4313"}],"wp:term":[{"taxonomy":"product_brand","embeddable":true,"href":"https:\/\/potteryart.eu\/en_gb\/wp-json\/wp\/v2\/product_brand?post=4313"},{"taxonomy":"product_cat","embeddable":true,"href":"https:\/\/potteryart.eu\/en_gb\/wp-json\/wp\/v2\/product_cat?post=4313"},{"taxonomy":"product_tag","embeddable":true,"href":"https:\/\/potteryart.eu\/en_gb\/wp-json\/wp\/v2\/product_tag?post=4313"}],"curies":[{"name":"wp","href":"https:\/\/api.w.org\/{rel}","templated":true}]}}