{"id":4319,"date":"2026-03-16T18:31:08","date_gmt":"2026-03-16T17:31:08","guid":{"rendered":"https:\/\/potteryart.eu\/?post_type=product&#038;p=4319"},"modified":"2026-03-16T18:53:46","modified_gmt":"2026-03-16T17:53:46","slug":"okrogla-vaza-iz-gline","status":"publish","type":"product","link":"https:\/\/potteryart.eu\/en_gb\/spletna-trgovina\/unikatni-loncarski-izdelki-iz-kamenine\/unikatni-izdelki-iz-kamenine-za-dom\/okrogla-vaza-iz-gline\/","title":{"rendered":"Round clay vase"},"content":{"rendered":"<h1>Round clay vase<\/h1>\n<p>Okrogla vaza iz gline je izdelek pottery art oblikovanje gline Polone Zajc. To je ro\u010dno izdelana krogla z vlo\u017ekom, ki je vstavljen in zadr\u017ei vodo. Krogla je narejena iz sive gline, glazirana s sivo modro ble\u0161\u010de\u010do glazuro. Po povr\u0161ini ima vrezan zna\u010dilen pottery art vzorec, ki ga prelivajo\u010da se glazura dodatno poudarja. Glina je \u017egana pri temperaturi 1200\u00b0C, ko se\u00a0 spremeni v kamenino. To je izredno trden in ne porozen material, ki dr\u017ei vodo. Krogla oziroma vaza ima premer 14 cm.<\/p>\n<h2>Pottery art clay design by Polona Zajc<\/h2>\n<p>Polona Zajc\u2019s Pottery Art Clay Design collection includes unique clay vessels. These include various pitchers, sugar bowls, decorative pots, vases, and anything else the imagination can conceive. Some pieces are intended for use in the kitchen, while others are designed for home decoration. Vases, of course, are decorative items made to hold water; they are stable and built to last. They are crafted from the finest materials in the field of ceramics. All of them are dishwasher-safe.<\/p>\n<h3>Unique Round Vase<\/h3>\n<p>This unique round vase is a clay sphere. A shimmering, soft blue and gray glaze flows across the surface, transitioning to a matte beige hue toward the bottom. A characteristic pottery art pattern of lines is engraved across the entire surface. The flowing glazes beautifully accentuate it. The surface is a magical interplay of lines and various glaze shades. A clay insert is placed in the center, ensuring the vase holds water. It also provides stability, as it is considerably heavier than the round shell surrounding it. The vase is intended for home decoration; even without flowers, it is intriguing, and above all, unusual due to its round shape. It is entirely handmade. Each piece is unique and one-of-a-kind. With its rustic look, it will fit beautifully into classic home interiors, while adding a touch of classic charm to modern settings.<\/p>","protected":false},"excerpt":{"rendered":"<p>Okrogla vaza iz gline Okrogla vaza iz gline je izdelek pottery art oblikovanje gline Polone Zajc. To je ro\u010dno izdelana krogla z vlo\u017ekom, ki je vstavljen in zadr\u017ei vodo. Krogla je narejena iz sive gline, glazirana s sivo modro ble\u0161\u010de\u010do glazuro. Po povr\u0161ini ima vrezan zna\u010dilen pottery art vzorec, ki ga prelivajo\u010da se glazura dodatno [&hellip;]<\/p>\n","protected":false},"featured_media":4320,"comment_status":"open","ping_status":"closed","template":"","meta":[],"product_brand":[],"product_cat":[271,274,265],"product_tag":[],"class_list":{"0":"post-4319","1":"product","2":"type-product","3":"status-publish","4":"has-post-thumbnail","6":"product_cat-glinene-posode","7":"product_cat-unikatni-izdelki-iz-kamenine-za-dom","8":"product_cat-unikatni-loncarski-izdelki-iz-kamenine","9":"product_shipping_class-1kg","11":"first","12":"instock","13":"purchasable","14":"product-type-simple"},"yoast_head":"<!-- This site is optimized with the Yoast SEO Premium plugin v27.4 (Yoast SEO v27.4) - https:\/\/yoast.com\/product\/yoast-seo-premium-wordpress\/ -->\n<title>Okrogla vaza iz gline - Zajc Polona<\/title>\n<meta name=\"description\" content=\"Okrogla vaza iz gline je izdelek pottery art oblikovanje gline Polone Zajc. To je unikatna okrogla vaza, ro\u010dno izdelana krogla.\" \/>\n<meta name=\"robots\" content=\"index, follow, max-snippet:-1, max-image-preview:large, max-video-preview:-1\" \/>\n<link rel=\"canonical\" href=\"https:\/\/potteryart.eu\/en_gb\/spletna-trgovina\/unikatni-loncarski-izdelki-iz-kamenine\/unikatni-izdelki-iz-kamenine-za-dom\/okrogla-vaza-iz-gline\/\" \/>\n<meta property=\"og:locale\" content=\"en_GB\" \/>\n<meta property=\"og:type\" content=\"article\" \/>\n<meta property=\"og:title\" content=\"Okrogla vaza iz gline\" \/>\n<meta property=\"og:description\" content=\"Okrogla vaza iz gline je izdelek pottery art oblikovanje gline Polone Zajc. To je unikatna okrogla vaza, ro\u010dno izdelana krogla.\" \/>\n<meta property=\"og:url\" content=\"https:\/\/potteryart.eu\/en_gb\/spletna-trgovina\/unikatni-loncarski-izdelki-iz-kamenine\/unikatni-izdelki-iz-kamenine-za-dom\/okrogla-vaza-iz-gline\/\" \/>\n<meta property=\"og:site_name\" content=\"Zajc Polona\" \/>\n<meta property=\"article:modified_time\" content=\"2026-03-16T17:53:46+00:00\" \/>\n<meta property=\"og:image\" content=\"https:\/\/potteryart.eu\/wp-content\/uploads\/2026\/03\/20260311_171501-scaled.jpg\" \/>\n\t<meta property=\"og:image:width\" content=\"2066\" \/>\n\t<meta property=\"og:image:height\" content=\"2560\" \/>\n\t<meta property=\"og:image:type\" content=\"image\/jpeg\" \/>\n<meta name=\"twitter:card\" content=\"summary_large_image\" \/>\n<meta name=\"twitter:label1\" content=\"Estimated reading time\" \/>\n\t<meta name=\"twitter:data1\" content=\"2 minutes\" \/>\n<script type=\"application\/ld+json\" class=\"yoast-schema-graph\">{\"@context\":\"https:\\\/\\\/schema.org\",\"@graph\":[{\"@type\":\"WebPage\",\"@id\":\"https:\\\/\\\/potteryart.eu\\\/spletna-trgovina\\\/unikatni-loncarski-izdelki-iz-kamenine\\\/unikatni-izdelki-iz-kamenine-za-dom\\\/okrogla-vaza-iz-gline\\\/\",\"url\":\"https:\\\/\\\/potteryart.eu\\\/spletna-trgovina\\\/unikatni-loncarski-izdelki-iz-kamenine\\\/unikatni-izdelki-iz-kamenine-za-dom\\\/okrogla-vaza-iz-gline\\\/\",\"name\":\"Okrogla vaza iz gline - Zajc Polona\",\"isPartOf\":{\"@id\":\"https:\\\/\\\/potteryart.eu\\\/#website\"},\"primaryImageOfPage\":{\"@id\":\"https:\\\/\\\/potteryart.eu\\\/spletna-trgovina\\\/unikatni-loncarski-izdelki-iz-kamenine\\\/unikatni-izdelki-iz-kamenine-za-dom\\\/okrogla-vaza-iz-gline\\\/#primaryimage\"},\"image\":{\"@id\":\"https:\\\/\\\/potteryart.eu\\\/spletna-trgovina\\\/unikatni-loncarski-izdelki-iz-kamenine\\\/unikatni-izdelki-iz-kamenine-za-dom\\\/okrogla-vaza-iz-gline\\\/#primaryimage\"},\"thumbnailUrl\":\"https:\\\/\\\/potteryart.eu\\\/wp-content\\\/uploads\\\/2026\\\/03\\\/20260311_171501-scaled.jpg\",\"datePublished\":\"2026-03-16T17:31:08+00:00\",\"dateModified\":\"2026-03-16T17:53:46+00:00\",\"description\":\"Okrogla vaza iz gline je izdelek pottery art oblikovanje gline Polone Zajc. To je unikatna okrogla vaza, ro\u010dno izdelana krogla.\",\"breadcrumb\":{\"@id\":\"https:\\\/\\\/potteryart.eu\\\/spletna-trgovina\\\/unikatni-loncarski-izdelki-iz-kamenine\\\/unikatni-izdelki-iz-kamenine-za-dom\\\/okrogla-vaza-iz-gline\\\/#breadcrumb\"},\"inLanguage\":\"en-GB\",\"potentialAction\":[{\"@type\":\"ReadAction\",\"target\":[\"https:\\\/\\\/potteryart.eu\\\/spletna-trgovina\\\/unikatni-loncarski-izdelki-iz-kamenine\\\/unikatni-izdelki-iz-kamenine-za-dom\\\/okrogla-vaza-iz-gline\\\/\"]}]},{\"@type\":\"ImageObject\",\"inLanguage\":\"en-GB\",\"@id\":\"https:\\\/\\\/potteryart.eu\\\/spletna-trgovina\\\/unikatni-loncarski-izdelki-iz-kamenine\\\/unikatni-izdelki-iz-kamenine-za-dom\\\/okrogla-vaza-iz-gline\\\/#primaryimage\",\"url\":\"https:\\\/\\\/potteryart.eu\\\/wp-content\\\/uploads\\\/2026\\\/03\\\/20260311_171501-scaled.jpg\",\"contentUrl\":\"https:\\\/\\\/potteryart.eu\\\/wp-content\\\/uploads\\\/2026\\\/03\\\/20260311_171501-scaled.jpg\",\"width\":2066,\"height\":2560,\"caption\":\"okrogla vaza iz gline, pottery art, ro\u010dno izdelana krogla\"},{\"@type\":\"BreadcrumbList\",\"@id\":\"https:\\\/\\\/potteryart.eu\\\/spletna-trgovina\\\/unikatni-loncarski-izdelki-iz-kamenine\\\/unikatni-izdelki-iz-kamenine-za-dom\\\/okrogla-vaza-iz-gline\\\/#breadcrumb\",\"itemListElement\":[{\"@type\":\"ListItem\",\"position\":1,\"name\":\"Home\",\"item\":\"https:\\\/\\\/potteryart.eu\\\/\"},{\"@type\":\"ListItem\",\"position\":2,\"name\":\"Spletna trgovina\",\"item\":\"https:\\\/\\\/potteryart.eu\\\/spletna-trgovina\\\/\"},{\"@type\":\"ListItem\",\"position\":3,\"name\":\"Okrogla vaza iz gline\"}]},{\"@type\":\"WebSite\",\"@id\":\"https:\\\/\\\/potteryart.eu\\\/#website\",\"url\":\"https:\\\/\\\/potteryart.eu\\\/\",\"name\":\"Zajc Polona\",\"description\":\"\",\"publisher\":{\"@id\":\"https:\\\/\\\/potteryart.eu\\\/#\\\/schema\\\/person\\\/819de6034d3dd0bbdcc3a95a0b6c7e4d\"},\"potentialAction\":[{\"@type\":\"SearchAction\",\"target\":{\"@type\":\"EntryPoint\",\"urlTemplate\":\"https:\\\/\\\/potteryart.eu\\\/?s={search_term_string}\"},\"query-input\":{\"@type\":\"PropertyValueSpecification\",\"valueRequired\":true,\"valueName\":\"search_term_string\"}}],\"inLanguage\":\"en-GB\"},{\"@type\":[\"Person\",\"Organization\"],\"@id\":\"https:\\\/\\\/potteryart.eu\\\/#\\\/schema\\\/person\\\/819de6034d3dd0bbdcc3a95a0b6c7e4d\",\"name\":\"polonazajc_admin\",\"image\":{\"@type\":\"ImageObject\",\"inLanguage\":\"en-GB\",\"@id\":\"https:\\\/\\\/potteryart.eu\\\/wp-content\\\/uploads\\\/2020\\\/12\\\/cropped-Logo-1.png\",\"url\":\"https:\\\/\\\/potteryart.eu\\\/wp-content\\\/uploads\\\/2020\\\/12\\\/cropped-Logo-1.png\",\"contentUrl\":\"https:\\\/\\\/potteryart.eu\\\/wp-content\\\/uploads\\\/2020\\\/12\\\/cropped-Logo-1.png\",\"width\":2113,\"height\":280,\"caption\":\"polonazajc_admin\"},\"logo\":{\"@id\":\"https:\\\/\\\/potteryart.eu\\\/wp-content\\\/uploads\\\/2020\\\/12\\\/cropped-Logo-1.png\"}}]}<\/script>\n<!-- \/ Yoast SEO Premium plugin. -->","yoast_head_json":{"title":"Okrogla vaza iz gline - Zajc Polona","description":"Okrogla vaza iz gline je izdelek pottery art oblikovanje gline Polone Zajc. To je unikatna okrogla vaza, ro\u010dno izdelana krogla.","robots":{"index":"index","follow":"follow","max-snippet":"max-snippet:-1","max-image-preview":"max-image-preview:large","max-video-preview":"max-video-preview:-1"},"canonical":"https:\/\/potteryart.eu\/en_gb\/spletna-trgovina\/unikatni-loncarski-izdelki-iz-kamenine\/unikatni-izdelki-iz-kamenine-za-dom\/okrogla-vaza-iz-gline\/","og_locale":"en_GB","og_type":"article","og_title":"Okrogla vaza iz gline","og_description":"Okrogla vaza iz gline je izdelek pottery art oblikovanje gline Polone Zajc. To je unikatna okrogla vaza, ro\u010dno izdelana krogla.","og_url":"https:\/\/potteryart.eu\/en_gb\/spletna-trgovina\/unikatni-loncarski-izdelki-iz-kamenine\/unikatni-izdelki-iz-kamenine-za-dom\/okrogla-vaza-iz-gline\/","og_site_name":"Zajc Polona","article_modified_time":"2026-03-16T17:53:46+00:00","og_image":[{"width":2066,"height":2560,"url":"https:\/\/potteryart.eu\/wp-content\/uploads\/2026\/03\/20260311_171501-scaled.jpg","type":"image\/jpeg"}],"twitter_card":"summary_large_image","twitter_misc":{"Estimated reading time":"2 minutes"},"schema":{"@context":"https:\/\/schema.org","@graph":[{"@type":"WebPage","@id":"https:\/\/potteryart.eu\/spletna-trgovina\/unikatni-loncarski-izdelki-iz-kamenine\/unikatni-izdelki-iz-kamenine-za-dom\/okrogla-vaza-iz-gline\/","url":"https:\/\/potteryart.eu\/spletna-trgovina\/unikatni-loncarski-izdelki-iz-kamenine\/unikatni-izdelki-iz-kamenine-za-dom\/okrogla-vaza-iz-gline\/","name":"Okrogla vaza iz gline - Zajc Polona","isPartOf":{"@id":"https:\/\/potteryart.eu\/#website"},"primaryImageOfPage":{"@id":"https:\/\/potteryart.eu\/spletna-trgovina\/unikatni-loncarski-izdelki-iz-kamenine\/unikatni-izdelki-iz-kamenine-za-dom\/okrogla-vaza-iz-gline\/#primaryimage"},"image":{"@id":"https:\/\/potteryart.eu\/spletna-trgovina\/unikatni-loncarski-izdelki-iz-kamenine\/unikatni-izdelki-iz-kamenine-za-dom\/okrogla-vaza-iz-gline\/#primaryimage"},"thumbnailUrl":"https:\/\/potteryart.eu\/wp-content\/uploads\/2026\/03\/20260311_171501-scaled.jpg","datePublished":"2026-03-16T17:31:08+00:00","dateModified":"2026-03-16T17:53:46+00:00","description":"Okrogla vaza iz gline je izdelek pottery art oblikovanje gline Polone Zajc. To je unikatna okrogla vaza, ro\u010dno izdelana krogla.","breadcrumb":{"@id":"https:\/\/potteryart.eu\/spletna-trgovina\/unikatni-loncarski-izdelki-iz-kamenine\/unikatni-izdelki-iz-kamenine-za-dom\/okrogla-vaza-iz-gline\/#breadcrumb"},"inLanguage":"en-GB","potentialAction":[{"@type":"ReadAction","target":["https:\/\/potteryart.eu\/spletna-trgovina\/unikatni-loncarski-izdelki-iz-kamenine\/unikatni-izdelki-iz-kamenine-za-dom\/okrogla-vaza-iz-gline\/"]}]},{"@type":"ImageObject","inLanguage":"en-GB","@id":"https:\/\/potteryart.eu\/spletna-trgovina\/unikatni-loncarski-izdelki-iz-kamenine\/unikatni-izdelki-iz-kamenine-za-dom\/okrogla-vaza-iz-gline\/#primaryimage","url":"https:\/\/potteryart.eu\/wp-content\/uploads\/2026\/03\/20260311_171501-scaled.jpg","contentUrl":"https:\/\/potteryart.eu\/wp-content\/uploads\/2026\/03\/20260311_171501-scaled.jpg","width":2066,"height":2560,"caption":"okrogla vaza iz gline, pottery art, ro\u010dno izdelana krogla"},{"@type":"BreadcrumbList","@id":"https:\/\/potteryart.eu\/spletna-trgovina\/unikatni-loncarski-izdelki-iz-kamenine\/unikatni-izdelki-iz-kamenine-za-dom\/okrogla-vaza-iz-gline\/#breadcrumb","itemListElement":[{"@type":"ListItem","position":1,"name":"Home","item":"https:\/\/potteryart.eu\/"},{"@type":"ListItem","position":2,"name":"Spletna trgovina","item":"https:\/\/potteryart.eu\/spletna-trgovina\/"},{"@type":"ListItem","position":3,"name":"Okrogla vaza iz gline"}]},{"@type":"WebSite","@id":"https:\/\/potteryart.eu\/#website","url":"https:\/\/potteryart.eu\/","name":"Zajc Polona","description":"","publisher":{"@id":"https:\/\/potteryart.eu\/#\/schema\/person\/819de6034d3dd0bbdcc3a95a0b6c7e4d"},"potentialAction":[{"@type":"SearchAction","target":{"@type":"EntryPoint","urlTemplate":"https:\/\/potteryart.eu\/?s={search_term_string}"},"query-input":{"@type":"PropertyValueSpecification","valueRequired":true,"valueName":"search_term_string"}}],"inLanguage":"en-GB"},{"@type":["Person","Organization"],"@id":"https:\/\/potteryart.eu\/#\/schema\/person\/819de6034d3dd0bbdcc3a95a0b6c7e4d","name":"polonazajc_admin","image":{"@type":"ImageObject","inLanguage":"en-GB","@id":"https:\/\/potteryart.eu\/wp-content\/uploads\/2020\/12\/cropped-Logo-1.png","url":"https:\/\/potteryart.eu\/wp-content\/uploads\/2020\/12\/cropped-Logo-1.png","contentUrl":"https:\/\/potteryart.eu\/wp-content\/uploads\/2020\/12\/cropped-Logo-1.png","width":2113,"height":280,"caption":"polonazajc_admin"},"logo":{"@id":"https:\/\/potteryart.eu\/wp-content\/uploads\/2020\/12\/cropped-Logo-1.png"}}]}},"_links":{"self":[{"href":"https:\/\/potteryart.eu\/en_gb\/wp-json\/wp\/v2\/product\/4319","targetHints":{"allow":["GET"]}}],"collection":[{"href":"https:\/\/potteryart.eu\/en_gb\/wp-json\/wp\/v2\/product"}],"about":[{"href":"https:\/\/potteryart.eu\/en_gb\/wp-json\/wp\/v2\/types\/product"}],"replies":[{"embeddable":true,"href":"https:\/\/potteryart.eu\/en_gb\/wp-json\/wp\/v2\/comments?post=4319"}],"wp:featuredmedia":[{"embeddable":true,"href":"https:\/\/potteryart.eu\/en_gb\/wp-json\/wp\/v2\/media\/4320"}],"wp:attachment":[{"href":"https:\/\/potteryart.eu\/en_gb\/wp-json\/wp\/v2\/media?parent=4319"}],"wp:term":[{"taxonomy":"product_brand","embeddable":true,"href":"https:\/\/potteryart.eu\/en_gb\/wp-json\/wp\/v2\/product_brand?post=4319"},{"taxonomy":"product_cat","embeddable":true,"href":"https:\/\/potteryart.eu\/en_gb\/wp-json\/wp\/v2\/product_cat?post=4319"},{"taxonomy":"product_tag","embeddable":true,"href":"https:\/\/potteryart.eu\/en_gb\/wp-json\/wp\/v2\/product_tag?post=4319"}],"curies":[{"name":"wp","href":"https:\/\/api.w.org\/{rel}","templated":true}]}}