{"id":4406,"date":"2026-05-06T19:23:36","date_gmt":"2026-05-06T17:23:36","guid":{"rendered":"https:\/\/potteryart.eu\/?post_type=product&#038;p=4406"},"modified":"2026-05-06T19:31:28","modified_gmt":"2026-05-06T17:31:28","slug":"unikatna-rdeca-skleda-iz-gline","status":"publish","type":"product","link":"https:\/\/potteryart.eu\/en_gb\/spletna-trgovina\/unikatni-loncarski-izdelki-iz-kamenine\/unikatni-izdelki-iz-kamenine-za-dom\/unikatna-rdeca-skleda-iz-gline\/","title":{"rendered":"A unique red clay bowl"},"content":{"rendered":"<h1>A unique red clay bowl<\/h1>\n<p class=\"translation-block\">This unique red clay bowl is a pottery art piece created by Polona Zajc. The spherical red bowl is made using a technique that involves pouring liquid clay into a plaster mold she crafted herself. It is made of gray clay, fired at a temperature of 1220\u00b0C, during which the clay transforms into stoneware. A pattern characteristic of pottery art is hand-carved into the surface. It is glazed in a matte red-pink glaze. The handcrafted red bowl has a diameter of 15 cm and is 12 cm tall.<\/p>\n<h2>Pottery art clay design by Polona Zajc<\/h2>\n<p>Pottery Art by Polona Zajc features a line of unique clay bowls in its product collection. This line includes one-of-a-kind clay bowls for the home, including a unique red clay bowl. They can be made as ceramic or stoneware. Here you\u2019ll find a wide variety of shapes, colors, and sizes of bowls, hand-made on a potter\u2019s wheel or cast in custom-made plaster molds. All are hand-painted, and some are also hand-perforated with holes of various sizes. This creates a beautiful pattern characteristic of pottery art products. Some unique clay bowls feature details accented with real gold, giving them a festive and, above all, precious touch. The gold is applied by hand with a brush and is completely durable, as it is fired during a third firing at 800\u00b0C.<\/p>\n<h3>\u00a0Patterned Stoneware Bowl<\/h3>\n<p>This patterned stoneware bowl is an elegant red bowl shaped like a partial sphere. A beautiful pattern, characteristic of Polona Zajc\u2019s pottery art, stretches across the surface. The red-pink matte glaze highlights the hand-carved pattern, which gives the bowl its uniqueness and irreplaceability, as each line is carved completely at random, without a pre-planned design. The fragility of the bowl is only apparent, as the stoneware from which it is made is an extremely hard and durable material. This unique red clay bowl is just that. A one-of-a-kind, irreplaceable, handcrafted piece of stoneware that will bring a touch of beauty to any space where it is placed.<\/p>","protected":false},"excerpt":{"rendered":"<p>Unikatna rde\u010da skleda iz gline Unikatna rde\u010da skleda iz gline je izdelek pottery art oblikovanje gline Polone Zajc. Rde\u010da skleda v obliki krogle je izdelana v tehniki vlivanja teko\u010de gline v mav\u010dni model lastne izdelave. Narejena je iz sive gline, \u017egana pri temperaturi 1220\u00b0C, pri \u010demer se glina spremeni v kamenino. V povr\u0161ino je ro\u010dno [&hellip;]<\/p>\n","protected":false},"featured_media":4404,"comment_status":"open","ping_status":"closed","template":"","meta":[],"product_brand":[],"product_cat":[270,274,265],"product_tag":[],"class_list":{"0":"post-4406","1":"product","2":"type-product","3":"status-publish","4":"has-post-thumbnail","6":"product_cat-unikatne-sklede-iz-gline","7":"product_cat-unikatni-izdelki-iz-kamenine-za-dom","8":"product_cat-unikatni-loncarski-izdelki-iz-kamenine","9":"product_shipping_class-1kg","11":"first","12":"instock","13":"purchasable","14":"product-type-simple"},"yoast_head":"<!-- This site is optimized with the Yoast SEO Premium plugin v27.5 (Yoast SEO v27.5) - https:\/\/yoast.com\/product\/yoast-seo-premium-wordpress\/ -->\n<title>Unikatna rde\u010da skleda iz gline - Zajc Polona<\/title>\n<meta name=\"description\" content=\"Unikatna rde\u010da skleda iz gline je izdelek pottery art oblikovanje gline Polone Zajc. To je skleda iz kamenine z vzorcem, ki je ro\u010dno vrezan.\" \/>\n<meta name=\"robots\" content=\"index, follow, max-snippet:-1, max-image-preview:large, max-video-preview:-1\" \/>\n<link rel=\"canonical\" href=\"https:\/\/potteryart.eu\/en_gb\/spletna-trgovina\/unikatni-loncarski-izdelki-iz-kamenine\/unikatni-izdelki-iz-kamenine-za-dom\/unikatna-rdeca-skleda-iz-gline\/\" \/>\n<meta property=\"og:locale\" content=\"en_GB\" \/>\n<meta property=\"og:type\" content=\"article\" \/>\n<meta property=\"og:title\" content=\"Unikatna rde\u010da skleda iz gline\" \/>\n<meta property=\"og:description\" content=\"Unikatna rde\u010da skleda iz gline je izdelek pottery art oblikovanje gline Polone Zajc. To je skleda iz kamenine z vzorcem, ki je ro\u010dno vrezan.\" \/>\n<meta property=\"og:url\" content=\"https:\/\/potteryart.eu\/en_gb\/spletna-trgovina\/unikatni-loncarski-izdelki-iz-kamenine\/unikatni-izdelki-iz-kamenine-za-dom\/unikatna-rdeca-skleda-iz-gline\/\" \/>\n<meta property=\"og:site_name\" content=\"Zajc Polona\" \/>\n<meta property=\"article:modified_time\" content=\"2026-05-06T17:31:28+00:00\" \/>\n<meta property=\"og:image\" content=\"https:\/\/potteryart.eu\/wp-content\/uploads\/2026\/05\/20260506_175304-scaled.jpg\" \/>\n\t<meta property=\"og:image:width\" content=\"2226\" \/>\n\t<meta property=\"og:image:height\" content=\"2560\" \/>\n\t<meta property=\"og:image:type\" content=\"image\/jpeg\" \/>\n<meta name=\"twitter:card\" content=\"summary_large_image\" \/>\n<meta name=\"twitter:label1\" content=\"Estimated reading time\" \/>\n\t<meta name=\"twitter:data1\" content=\"2 minutes\" \/>\n<script type=\"application\/ld+json\" class=\"yoast-schema-graph\">{\"@context\":\"https:\\\/\\\/schema.org\",\"@graph\":[{\"@type\":\"WebPage\",\"@id\":\"https:\\\/\\\/potteryart.eu\\\/spletna-trgovina\\\/unikatni-loncarski-izdelki-iz-kamenine\\\/unikatni-izdelki-iz-kamenine-za-dom\\\/unikatna-rdeca-skleda-iz-gline\\\/\",\"url\":\"https:\\\/\\\/potteryart.eu\\\/spletna-trgovina\\\/unikatni-loncarski-izdelki-iz-kamenine\\\/unikatni-izdelki-iz-kamenine-za-dom\\\/unikatna-rdeca-skleda-iz-gline\\\/\",\"name\":\"Unikatna rde\u010da skleda iz gline - Zajc Polona\",\"isPartOf\":{\"@id\":\"https:\\\/\\\/potteryart.eu\\\/#website\"},\"primaryImageOfPage\":{\"@id\":\"https:\\\/\\\/potteryart.eu\\\/spletna-trgovina\\\/unikatni-loncarski-izdelki-iz-kamenine\\\/unikatni-izdelki-iz-kamenine-za-dom\\\/unikatna-rdeca-skleda-iz-gline\\\/#primaryimage\"},\"image\":{\"@id\":\"https:\\\/\\\/potteryart.eu\\\/spletna-trgovina\\\/unikatni-loncarski-izdelki-iz-kamenine\\\/unikatni-izdelki-iz-kamenine-za-dom\\\/unikatna-rdeca-skleda-iz-gline\\\/#primaryimage\"},\"thumbnailUrl\":\"https:\\\/\\\/potteryart.eu\\\/wp-content\\\/uploads\\\/2026\\\/05\\\/20260506_175304-scaled.jpg\",\"datePublished\":\"2026-05-06T17:23:36+00:00\",\"dateModified\":\"2026-05-06T17:31:28+00:00\",\"description\":\"Unikatna rde\u010da skleda iz gline je izdelek pottery art oblikovanje gline Polone Zajc. To je skleda iz kamenine z vzorcem, ki je ro\u010dno vrezan.\",\"breadcrumb\":{\"@id\":\"https:\\\/\\\/potteryart.eu\\\/spletna-trgovina\\\/unikatni-loncarski-izdelki-iz-kamenine\\\/unikatni-izdelki-iz-kamenine-za-dom\\\/unikatna-rdeca-skleda-iz-gline\\\/#breadcrumb\"},\"inLanguage\":\"en-GB\",\"potentialAction\":[{\"@type\":\"ReadAction\",\"target\":[\"https:\\\/\\\/potteryart.eu\\\/spletna-trgovina\\\/unikatni-loncarski-izdelki-iz-kamenine\\\/unikatni-izdelki-iz-kamenine-za-dom\\\/unikatna-rdeca-skleda-iz-gline\\\/\"]}]},{\"@type\":\"ImageObject\",\"inLanguage\":\"en-GB\",\"@id\":\"https:\\\/\\\/potteryart.eu\\\/spletna-trgovina\\\/unikatni-loncarski-izdelki-iz-kamenine\\\/unikatni-izdelki-iz-kamenine-za-dom\\\/unikatna-rdeca-skleda-iz-gline\\\/#primaryimage\",\"url\":\"https:\\\/\\\/potteryart.eu\\\/wp-content\\\/uploads\\\/2026\\\/05\\\/20260506_175304-scaled.jpg\",\"contentUrl\":\"https:\\\/\\\/potteryart.eu\\\/wp-content\\\/uploads\\\/2026\\\/05\\\/20260506_175304-scaled.jpg\",\"width\":2226,\"height\":2560,\"caption\":\"unikatna rde\u010da skleda iz gline, pottery art, skleda iz kamenine z vzorcem\"},{\"@type\":\"BreadcrumbList\",\"@id\":\"https:\\\/\\\/potteryart.eu\\\/spletna-trgovina\\\/unikatni-loncarski-izdelki-iz-kamenine\\\/unikatni-izdelki-iz-kamenine-za-dom\\\/unikatna-rdeca-skleda-iz-gline\\\/#breadcrumb\",\"itemListElement\":[{\"@type\":\"ListItem\",\"position\":1,\"name\":\"Home\",\"item\":\"https:\\\/\\\/potteryart.eu\\\/\"},{\"@type\":\"ListItem\",\"position\":2,\"name\":\"Spletna trgovina\",\"item\":\"https:\\\/\\\/potteryart.eu\\\/spletna-trgovina\\\/\"},{\"@type\":\"ListItem\",\"position\":3,\"name\":\"Unikatna rde\u010da skleda iz gline\"}]},{\"@type\":\"WebSite\",\"@id\":\"https:\\\/\\\/potteryart.eu\\\/#website\",\"url\":\"https:\\\/\\\/potteryart.eu\\\/\",\"name\":\"Zajc Polona\",\"description\":\"\",\"publisher\":{\"@id\":\"https:\\\/\\\/potteryart.eu\\\/#\\\/schema\\\/person\\\/819de6034d3dd0bbdcc3a95a0b6c7e4d\"},\"potentialAction\":[{\"@type\":\"SearchAction\",\"target\":{\"@type\":\"EntryPoint\",\"urlTemplate\":\"https:\\\/\\\/potteryart.eu\\\/?s={search_term_string}\"},\"query-input\":{\"@type\":\"PropertyValueSpecification\",\"valueRequired\":true,\"valueName\":\"search_term_string\"}}],\"inLanguage\":\"en-GB\"},{\"@type\":[\"Person\",\"Organization\"],\"@id\":\"https:\\\/\\\/potteryart.eu\\\/#\\\/schema\\\/person\\\/819de6034d3dd0bbdcc3a95a0b6c7e4d\",\"name\":\"polonazajc_admin\",\"image\":{\"@type\":\"ImageObject\",\"inLanguage\":\"en-GB\",\"@id\":\"https:\\\/\\\/potteryart.eu\\\/wp-content\\\/uploads\\\/2020\\\/12\\\/cropped-Logo-1.png\",\"url\":\"https:\\\/\\\/potteryart.eu\\\/wp-content\\\/uploads\\\/2020\\\/12\\\/cropped-Logo-1.png\",\"contentUrl\":\"https:\\\/\\\/potteryart.eu\\\/wp-content\\\/uploads\\\/2020\\\/12\\\/cropped-Logo-1.png\",\"width\":2113,\"height\":280,\"caption\":\"polonazajc_admin\"},\"logo\":{\"@id\":\"https:\\\/\\\/potteryart.eu\\\/wp-content\\\/uploads\\\/2020\\\/12\\\/cropped-Logo-1.png\"}}]}<\/script>\n<!-- \/ Yoast SEO Premium plugin. -->","yoast_head_json":{"title":"Unikatna rde\u010da skleda iz gline - Zajc Polona","description":"Unikatna rde\u010da skleda iz gline je izdelek pottery art oblikovanje gline Polone Zajc. To je skleda iz kamenine z vzorcem, ki je ro\u010dno vrezan.","robots":{"index":"index","follow":"follow","max-snippet":"max-snippet:-1","max-image-preview":"max-image-preview:large","max-video-preview":"max-video-preview:-1"},"canonical":"https:\/\/potteryart.eu\/en_gb\/spletna-trgovina\/unikatni-loncarski-izdelki-iz-kamenine\/unikatni-izdelki-iz-kamenine-za-dom\/unikatna-rdeca-skleda-iz-gline\/","og_locale":"en_GB","og_type":"article","og_title":"Unikatna rde\u010da skleda iz gline","og_description":"Unikatna rde\u010da skleda iz gline je izdelek pottery art oblikovanje gline Polone Zajc. To je skleda iz kamenine z vzorcem, ki je ro\u010dno vrezan.","og_url":"https:\/\/potteryart.eu\/en_gb\/spletna-trgovina\/unikatni-loncarski-izdelki-iz-kamenine\/unikatni-izdelki-iz-kamenine-za-dom\/unikatna-rdeca-skleda-iz-gline\/","og_site_name":"Zajc Polona","article_modified_time":"2026-05-06T17:31:28+00:00","og_image":[{"width":2226,"height":2560,"url":"https:\/\/potteryart.eu\/wp-content\/uploads\/2026\/05\/20260506_175304-scaled.jpg","type":"image\/jpeg"}],"twitter_card":"summary_large_image","twitter_misc":{"Estimated reading time":"2 minutes"},"schema":{"@context":"https:\/\/schema.org","@graph":[{"@type":"WebPage","@id":"https:\/\/potteryart.eu\/spletna-trgovina\/unikatni-loncarski-izdelki-iz-kamenine\/unikatni-izdelki-iz-kamenine-za-dom\/unikatna-rdeca-skleda-iz-gline\/","url":"https:\/\/potteryart.eu\/spletna-trgovina\/unikatni-loncarski-izdelki-iz-kamenine\/unikatni-izdelki-iz-kamenine-za-dom\/unikatna-rdeca-skleda-iz-gline\/","name":"Unikatna rde\u010da skleda iz gline - Zajc Polona","isPartOf":{"@id":"https:\/\/potteryart.eu\/#website"},"primaryImageOfPage":{"@id":"https:\/\/potteryart.eu\/spletna-trgovina\/unikatni-loncarski-izdelki-iz-kamenine\/unikatni-izdelki-iz-kamenine-za-dom\/unikatna-rdeca-skleda-iz-gline\/#primaryimage"},"image":{"@id":"https:\/\/potteryart.eu\/spletna-trgovina\/unikatni-loncarski-izdelki-iz-kamenine\/unikatni-izdelki-iz-kamenine-za-dom\/unikatna-rdeca-skleda-iz-gline\/#primaryimage"},"thumbnailUrl":"https:\/\/potteryart.eu\/wp-content\/uploads\/2026\/05\/20260506_175304-scaled.jpg","datePublished":"2026-05-06T17:23:36+00:00","dateModified":"2026-05-06T17:31:28+00:00","description":"Unikatna rde\u010da skleda iz gline je izdelek pottery art oblikovanje gline Polone Zajc. To je skleda iz kamenine z vzorcem, ki je ro\u010dno vrezan.","breadcrumb":{"@id":"https:\/\/potteryart.eu\/spletna-trgovina\/unikatni-loncarski-izdelki-iz-kamenine\/unikatni-izdelki-iz-kamenine-za-dom\/unikatna-rdeca-skleda-iz-gline\/#breadcrumb"},"inLanguage":"en-GB","potentialAction":[{"@type":"ReadAction","target":["https:\/\/potteryart.eu\/spletna-trgovina\/unikatni-loncarski-izdelki-iz-kamenine\/unikatni-izdelki-iz-kamenine-za-dom\/unikatna-rdeca-skleda-iz-gline\/"]}]},{"@type":"ImageObject","inLanguage":"en-GB","@id":"https:\/\/potteryart.eu\/spletna-trgovina\/unikatni-loncarski-izdelki-iz-kamenine\/unikatni-izdelki-iz-kamenine-za-dom\/unikatna-rdeca-skleda-iz-gline\/#primaryimage","url":"https:\/\/potteryart.eu\/wp-content\/uploads\/2026\/05\/20260506_175304-scaled.jpg","contentUrl":"https:\/\/potteryart.eu\/wp-content\/uploads\/2026\/05\/20260506_175304-scaled.jpg","width":2226,"height":2560,"caption":"unikatna rde\u010da skleda iz gline, pottery art, skleda iz kamenine z vzorcem"},{"@type":"BreadcrumbList","@id":"https:\/\/potteryart.eu\/spletna-trgovina\/unikatni-loncarski-izdelki-iz-kamenine\/unikatni-izdelki-iz-kamenine-za-dom\/unikatna-rdeca-skleda-iz-gline\/#breadcrumb","itemListElement":[{"@type":"ListItem","position":1,"name":"Home","item":"https:\/\/potteryart.eu\/"},{"@type":"ListItem","position":2,"name":"Spletna trgovina","item":"https:\/\/potteryart.eu\/spletna-trgovina\/"},{"@type":"ListItem","position":3,"name":"Unikatna rde\u010da skleda iz gline"}]},{"@type":"WebSite","@id":"https:\/\/potteryart.eu\/#website","url":"https:\/\/potteryart.eu\/","name":"Zajc Polona","description":"","publisher":{"@id":"https:\/\/potteryart.eu\/#\/schema\/person\/819de6034d3dd0bbdcc3a95a0b6c7e4d"},"potentialAction":[{"@type":"SearchAction","target":{"@type":"EntryPoint","urlTemplate":"https:\/\/potteryart.eu\/?s={search_term_string}"},"query-input":{"@type":"PropertyValueSpecification","valueRequired":true,"valueName":"search_term_string"}}],"inLanguage":"en-GB"},{"@type":["Person","Organization"],"@id":"https:\/\/potteryart.eu\/#\/schema\/person\/819de6034d3dd0bbdcc3a95a0b6c7e4d","name":"polonazajc_admin","image":{"@type":"ImageObject","inLanguage":"en-GB","@id":"https:\/\/potteryart.eu\/wp-content\/uploads\/2020\/12\/cropped-Logo-1.png","url":"https:\/\/potteryart.eu\/wp-content\/uploads\/2020\/12\/cropped-Logo-1.png","contentUrl":"https:\/\/potteryart.eu\/wp-content\/uploads\/2020\/12\/cropped-Logo-1.png","width":2113,"height":280,"caption":"polonazajc_admin"},"logo":{"@id":"https:\/\/potteryart.eu\/wp-content\/uploads\/2020\/12\/cropped-Logo-1.png"}}]}},"_links":{"self":[{"href":"https:\/\/potteryart.eu\/en_gb\/wp-json\/wp\/v2\/product\/4406","targetHints":{"allow":["GET"]}}],"collection":[{"href":"https:\/\/potteryart.eu\/en_gb\/wp-json\/wp\/v2\/product"}],"about":[{"href":"https:\/\/potteryart.eu\/en_gb\/wp-json\/wp\/v2\/types\/product"}],"replies":[{"embeddable":true,"href":"https:\/\/potteryart.eu\/en_gb\/wp-json\/wp\/v2\/comments?post=4406"}],"wp:featuredmedia":[{"embeddable":true,"href":"https:\/\/potteryart.eu\/en_gb\/wp-json\/wp\/v2\/media\/4404"}],"wp:attachment":[{"href":"https:\/\/potteryart.eu\/en_gb\/wp-json\/wp\/v2\/media?parent=4406"}],"wp:term":[{"taxonomy":"product_brand","embeddable":true,"href":"https:\/\/potteryart.eu\/en_gb\/wp-json\/wp\/v2\/product_brand?post=4406"},{"taxonomy":"product_cat","embeddable":true,"href":"https:\/\/potteryart.eu\/en_gb\/wp-json\/wp\/v2\/product_cat?post=4406"},{"taxonomy":"product_tag","embeddable":true,"href":"https:\/\/potteryart.eu\/en_gb\/wp-json\/wp\/v2\/product_tag?post=4406"}],"curies":[{"name":"wp","href":"https:\/\/api.w.org\/{rel}","templated":true}]}}