{"id":535,"date":"2021-01-09T10:30:14","date_gmt":"2021-01-09T09:30:14","guid":{"rendered":"https:\/\/potteryart.eu\/?post_type=product&#038;p=535"},"modified":"2025-09-10T10:37:16","modified_gmt":"2025-09-10T08:37:16","slug":"unikatna-keramicna-krogla-svet-poln-mask","status":"publish","type":"product","link":"https:\/\/potteryart.eu\/en_gb\/spletna-trgovina\/glinene-umetnine\/unikatna-keramicna-krogla-svet-poln-mask\/","title":{"rendered":"Unique ceramic sphere  World full of masks"},"content":{"rendered":"<h1>Unique ceramic sphere  World full of masks<\/h1>\n<p>The unique ceramic World Full of Masks ball is handmade from a round black clay template. The shapes of the masks are sculpted on the surface and the spaces in between are hand-painted with different colours in a fantasy pattern. It measures 30 cm in diameter and has an opening at the top where a wire can be placed on which the sphere can hang.<\/p>\n<h2>Pottery art design by Polona Zajc<\/h2>\n<p class=\"translation-block\">The selection of products from Pottery Art Design by Polona Zajc also includes products that have taken part in exhibitions and belong to the category of clay art. These are pieces of ceramic art. The unique ceramic sphere  World Full of Masks was an exhibit at the Masks exhibition at the City Gallery in Krapina, Croatia, which took place from 15 February to 15 March 2019 and featured a number of artists from Croatia and Slovenia. The Masks exhibition takes place every year during Carnival, the festival of masks. This was the second participation of Polona Zajc in the Pottery Art Design exhibition.<\/p>\n<h3>Clay art products<\/h3>\n<p>Products that can be called clay art products, and on these pages are clay art products, show another aspect of clay design. They are inspired by the artist, sometimes on a theme announced by the exhibition organiser, or the theme is free, so the artist is free to express himself. Usually artists use different techniques of clay moulding, including different types of clay and colours. Of course, we always follow our own idea. And so we create ceramics inspired by the inspiration with which we tell our stories as artists. This is how the World Full of Masks sphere came about. The sphere symbolises the world - the Earth - and the masks on it are people who, in order to survive, have to adapt to the outside world and put on different faces - masks. The mask ball is a piece of ceramics which, with its symbolic meaning and interesting shape, attracts the attention of the observer. It could be placed in many environments.<\/p>\n<p>&nbsp;<\/p>","protected":false},"excerpt":{"rendered":"<p>Unikatna kerami\u010dna krogla Svet poln mask Unikatna kerami\u010dna krogla Svet poln mask je ro\u010dno narejena po okrogli predlogi iz \u010drne gline. Po povr\u0161ini so izoblikovane oblike mask, vmesni prostori so ro\u010dno poslikani z razli\u010dnimi barvami v fantazijskem vzorcu. V premeru meri 30 cm, na vrhu ima odprtino, kjer se lahko namesti \u017eica, na kateri krogla [&hellip;]<\/p>\n","protected":false},"featured_media":175,"comment_status":"open","ping_status":"closed","template":"","meta":[],"product_brand":[],"product_cat":[266,271],"product_tag":[],"class_list":{"0":"post-535","1":"product","2":"type-product","3":"status-publish","4":"has-post-thumbnail","6":"product_cat-glinene-umetnine","7":"product_cat-glinene-posode","8":"product_shipping_class-5kg","10":"first","11":"instock","12":"purchasable","13":"product-type-simple"},"yoast_head":"<!-- This site is optimized with the Yoast SEO Premium plugin v27.4 (Yoast SEO v27.4) - https:\/\/yoast.com\/product\/yoast-seo-premium-wordpress\/ -->\n<title>UNIKATNA KERAMI\u010cNA KROGLA SVET POLN MASK<\/title>\n<meta name=\"description\" content=\"unikatna kerami\u010dna krogla Svet poln mask ,razstava Maske v Krapini leta 2019, pottery art oblikovanje gline Polone Zajc, umetni\u0161ki izdelki iz gline\" \/>\n<meta name=\"robots\" content=\"index, follow, max-snippet:-1, max-image-preview:large, max-video-preview:-1\" \/>\n<link rel=\"canonical\" href=\"https:\/\/potteryart.eu\/en_gb\/spletna-trgovina\/glinene-umetnine\/unikatna-keramicna-krogla-svet-poln-mask\/\" \/>\n<meta property=\"og:locale\" content=\"en_GB\" \/>\n<meta property=\"og:type\" content=\"article\" \/>\n<meta property=\"og:title\" content=\"Unikatna kerami\u010dna krogla Svet poln mask 5000\" \/>\n<meta property=\"og:description\" content=\"unikatna kerami\u010dna krogla Svet poln mask ,razstava Maske v Krapini leta 2019, pottery art oblikovanje gline Polone Zajc, umetni\u0161ki izdelki iz gline\" \/>\n<meta property=\"og:url\" content=\"https:\/\/potteryart.eu\/en_gb\/spletna-trgovina\/glinene-umetnine\/unikatna-keramicna-krogla-svet-poln-mask\/\" \/>\n<meta property=\"og:site_name\" content=\"Zajc Polona\" \/>\n<meta property=\"article:modified_time\" content=\"2025-09-10T08:37:16+00:00\" \/>\n<meta property=\"og:image\" content=\"https:\/\/potteryart.eu\/wp-content\/uploads\/2020\/12\/Maske.jpg\" \/>\n\t<meta property=\"og:image:width\" content=\"960\" \/>\n\t<meta property=\"og:image:height\" content=\"718\" \/>\n\t<meta property=\"og:image:type\" content=\"image\/jpeg\" \/>\n<meta name=\"twitter:card\" content=\"summary_large_image\" \/>\n<meta name=\"twitter:label1\" content=\"Estimated reading time\" \/>\n\t<meta name=\"twitter:data1\" content=\"2 minutes\" \/>\n<script type=\"application\/ld+json\" class=\"yoast-schema-graph\">{\"@context\":\"https:\\\/\\\/schema.org\",\"@graph\":[{\"@type\":\"WebPage\",\"@id\":\"https:\\\/\\\/potteryart.eu\\\/spletna-trgovina\\\/glinene-umetnine\\\/unikatna-keramicna-krogla-svet-poln-mask\\\/\",\"url\":\"https:\\\/\\\/potteryart.eu\\\/spletna-trgovina\\\/glinene-umetnine\\\/unikatna-keramicna-krogla-svet-poln-mask\\\/\",\"name\":\"UNIKATNA KERAMI\u010cNA KROGLA SVET POLN MASK\",\"isPartOf\":{\"@id\":\"https:\\\/\\\/potteryart.eu\\\/#website\"},\"primaryImageOfPage\":{\"@id\":\"https:\\\/\\\/potteryart.eu\\\/spletna-trgovina\\\/glinene-umetnine\\\/unikatna-keramicna-krogla-svet-poln-mask\\\/#primaryimage\"},\"image\":{\"@id\":\"https:\\\/\\\/potteryart.eu\\\/spletna-trgovina\\\/glinene-umetnine\\\/unikatna-keramicna-krogla-svet-poln-mask\\\/#primaryimage\"},\"thumbnailUrl\":\"https:\\\/\\\/potteryart.eu\\\/wp-content\\\/uploads\\\/2020\\\/12\\\/Maske.jpg\",\"datePublished\":\"2021-01-09T09:30:14+00:00\",\"dateModified\":\"2025-09-10T08:37:16+00:00\",\"description\":\"unikatna kerami\u010dna krogla Svet poln mask ,razstava Maske v Krapini leta 2019, pottery art oblikovanje gline Polone Zajc, umetni\u0161ki izdelki iz gline\",\"breadcrumb\":{\"@id\":\"https:\\\/\\\/potteryart.eu\\\/spletna-trgovina\\\/glinene-umetnine\\\/unikatna-keramicna-krogla-svet-poln-mask\\\/#breadcrumb\"},\"inLanguage\":\"en-GB\",\"potentialAction\":[{\"@type\":\"ReadAction\",\"target\":[\"https:\\\/\\\/potteryart.eu\\\/spletna-trgovina\\\/glinene-umetnine\\\/unikatna-keramicna-krogla-svet-poln-mask\\\/\"]}]},{\"@type\":\"ImageObject\",\"inLanguage\":\"en-GB\",\"@id\":\"https:\\\/\\\/potteryart.eu\\\/spletna-trgovina\\\/glinene-umetnine\\\/unikatna-keramicna-krogla-svet-poln-mask\\\/#primaryimage\",\"url\":\"https:\\\/\\\/potteryart.eu\\\/wp-content\\\/uploads\\\/2020\\\/12\\\/Maske.jpg\",\"contentUrl\":\"https:\\\/\\\/potteryart.eu\\\/wp-content\\\/uploads\\\/2020\\\/12\\\/Maske.jpg\",\"width\":960,\"height\":718,\"caption\":\"unikatna kerami\u010dna krogla, pottery art, umetni\u0161ki izdelki iz gline\"},{\"@type\":\"BreadcrumbList\",\"@id\":\"https:\\\/\\\/potteryart.eu\\\/spletna-trgovina\\\/glinene-umetnine\\\/unikatna-keramicna-krogla-svet-poln-mask\\\/#breadcrumb\",\"itemListElement\":[{\"@type\":\"ListItem\",\"position\":1,\"name\":\"Home\",\"item\":\"https:\\\/\\\/potteryart.eu\\\/\"},{\"@type\":\"ListItem\",\"position\":2,\"name\":\"Spletna trgovina\",\"item\":\"https:\\\/\\\/potteryart.eu\\\/spletna-trgovina\\\/\"},{\"@type\":\"ListItem\",\"position\":3,\"name\":\"Unikatna kerami\u010dna krogla Svet poln mask 5000\"}]},{\"@type\":\"WebSite\",\"@id\":\"https:\\\/\\\/potteryart.eu\\\/#website\",\"url\":\"https:\\\/\\\/potteryart.eu\\\/\",\"name\":\"Zajc Polona\",\"description\":\"\",\"publisher\":{\"@id\":\"https:\\\/\\\/potteryart.eu\\\/#\\\/schema\\\/person\\\/819de6034d3dd0bbdcc3a95a0b6c7e4d\"},\"potentialAction\":[{\"@type\":\"SearchAction\",\"target\":{\"@type\":\"EntryPoint\",\"urlTemplate\":\"https:\\\/\\\/potteryart.eu\\\/?s={search_term_string}\"},\"query-input\":{\"@type\":\"PropertyValueSpecification\",\"valueRequired\":true,\"valueName\":\"search_term_string\"}}],\"inLanguage\":\"en-GB\"},{\"@type\":[\"Person\",\"Organization\"],\"@id\":\"https:\\\/\\\/potteryart.eu\\\/#\\\/schema\\\/person\\\/819de6034d3dd0bbdcc3a95a0b6c7e4d\",\"name\":\"polonazajc_admin\",\"image\":{\"@type\":\"ImageObject\",\"inLanguage\":\"en-GB\",\"@id\":\"https:\\\/\\\/potteryart.eu\\\/wp-content\\\/uploads\\\/2020\\\/12\\\/cropped-Logo-1.png\",\"url\":\"https:\\\/\\\/potteryart.eu\\\/wp-content\\\/uploads\\\/2020\\\/12\\\/cropped-Logo-1.png\",\"contentUrl\":\"https:\\\/\\\/potteryart.eu\\\/wp-content\\\/uploads\\\/2020\\\/12\\\/cropped-Logo-1.png\",\"width\":2113,\"height\":280,\"caption\":\"polonazajc_admin\"},\"logo\":{\"@id\":\"https:\\\/\\\/potteryart.eu\\\/wp-content\\\/uploads\\\/2020\\\/12\\\/cropped-Logo-1.png\"}}]}<\/script>\n<!-- \/ Yoast SEO Premium plugin. -->","yoast_head_json":{"title":"UNIKATNA KERAMI\u010cNA KROGLA SVET POLN MASK","description":"unikatna kerami\u010dna krogla Svet poln mask ,razstava Maske v Krapini leta 2019, pottery art oblikovanje gline Polone Zajc, umetni\u0161ki izdelki iz gline","robots":{"index":"index","follow":"follow","max-snippet":"max-snippet:-1","max-image-preview":"max-image-preview:large","max-video-preview":"max-video-preview:-1"},"canonical":"https:\/\/potteryart.eu\/en_gb\/spletna-trgovina\/glinene-umetnine\/unikatna-keramicna-krogla-svet-poln-mask\/","og_locale":"en_GB","og_type":"article","og_title":"Unikatna kerami\u010dna krogla Svet poln mask 5000","og_description":"unikatna kerami\u010dna krogla Svet poln mask ,razstava Maske v Krapini leta 2019, pottery art oblikovanje gline Polone Zajc, umetni\u0161ki izdelki iz gline","og_url":"https:\/\/potteryart.eu\/en_gb\/spletna-trgovina\/glinene-umetnine\/unikatna-keramicna-krogla-svet-poln-mask\/","og_site_name":"Zajc Polona","article_modified_time":"2025-09-10T08:37:16+00:00","og_image":[{"width":960,"height":718,"url":"https:\/\/potteryart.eu\/wp-content\/uploads\/2020\/12\/Maske.jpg","type":"image\/jpeg"}],"twitter_card":"summary_large_image","twitter_misc":{"Estimated reading time":"2 minutes"},"schema":{"@context":"https:\/\/schema.org","@graph":[{"@type":"WebPage","@id":"https:\/\/potteryart.eu\/spletna-trgovina\/glinene-umetnine\/unikatna-keramicna-krogla-svet-poln-mask\/","url":"https:\/\/potteryart.eu\/spletna-trgovina\/glinene-umetnine\/unikatna-keramicna-krogla-svet-poln-mask\/","name":"UNIKATNA KERAMI\u010cNA KROGLA SVET POLN MASK","isPartOf":{"@id":"https:\/\/potteryart.eu\/#website"},"primaryImageOfPage":{"@id":"https:\/\/potteryart.eu\/spletna-trgovina\/glinene-umetnine\/unikatna-keramicna-krogla-svet-poln-mask\/#primaryimage"},"image":{"@id":"https:\/\/potteryart.eu\/spletna-trgovina\/glinene-umetnine\/unikatna-keramicna-krogla-svet-poln-mask\/#primaryimage"},"thumbnailUrl":"https:\/\/potteryart.eu\/wp-content\/uploads\/2020\/12\/Maske.jpg","datePublished":"2021-01-09T09:30:14+00:00","dateModified":"2025-09-10T08:37:16+00:00","description":"unikatna kerami\u010dna krogla Svet poln mask ,razstava Maske v Krapini leta 2019, pottery art oblikovanje gline Polone Zajc, umetni\u0161ki izdelki iz gline","breadcrumb":{"@id":"https:\/\/potteryart.eu\/spletna-trgovina\/glinene-umetnine\/unikatna-keramicna-krogla-svet-poln-mask\/#breadcrumb"},"inLanguage":"en-GB","potentialAction":[{"@type":"ReadAction","target":["https:\/\/potteryart.eu\/spletna-trgovina\/glinene-umetnine\/unikatna-keramicna-krogla-svet-poln-mask\/"]}]},{"@type":"ImageObject","inLanguage":"en-GB","@id":"https:\/\/potteryart.eu\/spletna-trgovina\/glinene-umetnine\/unikatna-keramicna-krogla-svet-poln-mask\/#primaryimage","url":"https:\/\/potteryart.eu\/wp-content\/uploads\/2020\/12\/Maske.jpg","contentUrl":"https:\/\/potteryart.eu\/wp-content\/uploads\/2020\/12\/Maske.jpg","width":960,"height":718,"caption":"unikatna kerami\u010dna krogla, pottery art, umetni\u0161ki izdelki iz gline"},{"@type":"BreadcrumbList","@id":"https:\/\/potteryart.eu\/spletna-trgovina\/glinene-umetnine\/unikatna-keramicna-krogla-svet-poln-mask\/#breadcrumb","itemListElement":[{"@type":"ListItem","position":1,"name":"Home","item":"https:\/\/potteryart.eu\/"},{"@type":"ListItem","position":2,"name":"Spletna trgovina","item":"https:\/\/potteryart.eu\/spletna-trgovina\/"},{"@type":"ListItem","position":3,"name":"Unikatna kerami\u010dna krogla Svet poln mask 5000"}]},{"@type":"WebSite","@id":"https:\/\/potteryart.eu\/#website","url":"https:\/\/potteryart.eu\/","name":"Zajc Polona","description":"","publisher":{"@id":"https:\/\/potteryart.eu\/#\/schema\/person\/819de6034d3dd0bbdcc3a95a0b6c7e4d"},"potentialAction":[{"@type":"SearchAction","target":{"@type":"EntryPoint","urlTemplate":"https:\/\/potteryart.eu\/?s={search_term_string}"},"query-input":{"@type":"PropertyValueSpecification","valueRequired":true,"valueName":"search_term_string"}}],"inLanguage":"en-GB"},{"@type":["Person","Organization"],"@id":"https:\/\/potteryart.eu\/#\/schema\/person\/819de6034d3dd0bbdcc3a95a0b6c7e4d","name":"polonazajc_admin","image":{"@type":"ImageObject","inLanguage":"en-GB","@id":"https:\/\/potteryart.eu\/wp-content\/uploads\/2020\/12\/cropped-Logo-1.png","url":"https:\/\/potteryart.eu\/wp-content\/uploads\/2020\/12\/cropped-Logo-1.png","contentUrl":"https:\/\/potteryart.eu\/wp-content\/uploads\/2020\/12\/cropped-Logo-1.png","width":2113,"height":280,"caption":"polonazajc_admin"},"logo":{"@id":"https:\/\/potteryart.eu\/wp-content\/uploads\/2020\/12\/cropped-Logo-1.png"}}]}},"_links":{"self":[{"href":"https:\/\/potteryart.eu\/en_gb\/wp-json\/wp\/v2\/product\/535","targetHints":{"allow":["GET"]}}],"collection":[{"href":"https:\/\/potteryart.eu\/en_gb\/wp-json\/wp\/v2\/product"}],"about":[{"href":"https:\/\/potteryart.eu\/en_gb\/wp-json\/wp\/v2\/types\/product"}],"replies":[{"embeddable":true,"href":"https:\/\/potteryart.eu\/en_gb\/wp-json\/wp\/v2\/comments?post=535"}],"wp:featuredmedia":[{"embeddable":true,"href":"https:\/\/potteryart.eu\/en_gb\/wp-json\/wp\/v2\/media\/175"}],"wp:attachment":[{"href":"https:\/\/potteryart.eu\/en_gb\/wp-json\/wp\/v2\/media?parent=535"}],"wp:term":[{"taxonomy":"product_brand","embeddable":true,"href":"https:\/\/potteryart.eu\/en_gb\/wp-json\/wp\/v2\/product_brand?post=535"},{"taxonomy":"product_cat","embeddable":true,"href":"https:\/\/potteryart.eu\/en_gb\/wp-json\/wp\/v2\/product_cat?post=535"},{"taxonomy":"product_tag","embeddable":true,"href":"https:\/\/potteryart.eu\/en_gb\/wp-json\/wp\/v2\/product_tag?post=535"}],"curies":[{"name":"wp","href":"https:\/\/api.w.org\/{rel}","templated":true}]}}