{"id":650,"date":"2021-02-14T09:08:53","date_gmt":"2021-02-14T08:08:53","guid":{"rendered":"https:\/\/potteryart.eu\/?post_type=product&#038;p=650"},"modified":"2023-01-08T14:15:09","modified_gmt":"2023-01-08T13:15:09","slug":"unikatna-maska-iz-gline-vesolje-2007","status":"publish","type":"product","link":"https:\/\/potteryart.eu\/en_gb\/spletna-trgovina\/glinene-umetnine\/unikatna-maska-iz-gline-vesolje-2007\/","title":{"rendered":"Unique clay mask \u2013 Universe"},"content":{"rendered":"<p>&nbsp;<\/p>\n<h1>Unique clay mask \u2013 Universe<\/h1>\n<p>Unique clay mask-Universe is a product of pottery art clay design by Polona Zajc. It is a handmade ceramic mask made of brown clay. It is shaped and painted in different colours. It is a decorative piece, made as a wall pendant. The ceramic mask is 22 cm high and 15 cm wide.<\/p>\n<h2>Pottery art clay design by Polona Zajc<\/h2>\n<p>Pottery art clay design by Polona Zajc also has various pieces of ceramics and stoneware in its collection of clay products, which fall under the category of clay art. These are clay art products of all kinds, you can even say that it is clay shaped according to the inspiration of the moment. They are made by hand from different types of clay. From clays with a low firing temperature to clays that turn to rock when fired. Clays also come in different colours and granulation. White, red, brown, grey, black clay colours are used, and there are many more, including mixtures of several clay colours together. Clays of different granulations are also used, from totally smooth to totally coarse clays. Some of the products are painted, others are not, using all the colours available for painting clay. The moulding techniques in this product category vary from rotation and moulding to sculpting and stamping. And this includes a unique clay mask - Universe.<\/p>\n<h3>Universe - handmade ceramic mask<\/h3>\n<p><span style=\"font-size: 16px;\">The Universe - Handmade Ceramic Mask is a ceramic product that can be hung on the wall to brighten up a room.  A varied face shape with different accessories, hand-painted with different glazes. All this together represents the universe, bringing beauty and fresh energy to the room where it is placed. The unique ceramic Universe mask is special because it is completely handmade. The rolled brown clay has been transformed into an interesting face shape. The space face with its vividly colourful hand-painting, which is fired at 1050\u00b0C, glows and takes on its true meaning. The mask is thus a truly unique piece of clay art.<\/span><\/p>","protected":false},"excerpt":{"rendered":"<p>&nbsp; Unikatna maska iz gline-vesolje Unikatna maska iz gline-vesolje je izdelek pottery art oblikovanje gline Polone Zajc. To je ro\u010dno oblikovana kerami\u010dna maska iz rjave gline. Oblikovana in poslikana je v razli\u010dnih barvah. Je dekorativen izdelek, narejen kot obesek za steno. Kerami\u010dna maska je visoka 22 cm, \u0161iroka pa 15 cm. Pottery art oblikovanje gline [&hellip;]<\/p>\n","protected":false},"featured_media":651,"comment_status":"open","ping_status":"closed","template":"","meta":[],"product_brand":[],"product_cat":[266],"product_tag":[],"class_list":{"0":"post-650","1":"product","2":"type-product","3":"status-publish","4":"has-post-thumbnail","6":"product_cat-glinene-umetnine","7":"product_shipping_class-1kg","9":"first","10":"instock","11":"purchasable","12":"product-type-simple"},"yoast_head":"<!-- This site is optimized with the Yoast SEO Premium plugin v27.4 (Yoast SEO v27.4) - https:\/\/yoast.com\/product\/yoast-seo-premium-wordpress\/ -->\n<title>Unikatna maska iz gline-vesolje<\/title>\n<meta name=\"description\" content=\"Unikatna maska iz gline-vesolje je izdelek pottery art oblikovanje gline Polone Zajc, to je izdelek Vesolje-ro\u010dno oblikovana kerami\u010dna maska\" \/>\n<meta name=\"robots\" content=\"index, follow, max-snippet:-1, max-image-preview:large, max-video-preview:-1\" \/>\n<link rel=\"canonical\" href=\"https:\/\/potteryart.eu\/en_gb\/spletna-trgovina\/glinene-umetnine\/unikatna-maska-iz-gline-vesolje-2007\/\" \/>\n<meta property=\"og:locale\" content=\"en_GB\" \/>\n<meta property=\"og:type\" content=\"article\" \/>\n<meta property=\"og:title\" content=\"Unikatna maska iz gline-vesolje 2007\" \/>\n<meta property=\"og:description\" content=\"Unikatna maska iz gline-vesolje je izdelek pottery art oblikovanje gline Polone Zajc, to je izdelek Vesolje-ro\u010dno oblikovana kerami\u010dna maska\" \/>\n<meta property=\"og:url\" content=\"https:\/\/potteryart.eu\/en_gb\/spletna-trgovina\/glinene-umetnine\/unikatna-maska-iz-gline-vesolje-2007\/\" \/>\n<meta property=\"og:site_name\" content=\"Zajc Polona\" \/>\n<meta property=\"article:modified_time\" content=\"2023-01-08T13:15:09+00:00\" \/>\n<meta property=\"og:image\" content=\"https:\/\/potteryart.eu\/wp-content\/uploads\/2021\/02\/2007.jpg\" \/>\n\t<meta property=\"og:image:width\" content=\"768\" \/>\n\t<meta property=\"og:image:height\" content=\"960\" \/>\n\t<meta property=\"og:image:type\" content=\"image\/jpeg\" \/>\n<meta name=\"twitter:card\" content=\"summary_large_image\" \/>\n<meta name=\"twitter:label1\" content=\"Estimated reading time\" \/>\n\t<meta name=\"twitter:data1\" content=\"2 minutes\" \/>\n<script type=\"application\/ld+json\" class=\"yoast-schema-graph\">{\"@context\":\"https:\\\/\\\/schema.org\",\"@graph\":[{\"@type\":\"WebPage\",\"@id\":\"https:\\\/\\\/potteryart.eu\\\/spletna-trgovina\\\/glinene-umetnine\\\/unikatna-maska-iz-gline-vesolje-2007\\\/\",\"url\":\"https:\\\/\\\/potteryart.eu\\\/spletna-trgovina\\\/glinene-umetnine\\\/unikatna-maska-iz-gline-vesolje-2007\\\/\",\"name\":\"Unikatna maska iz gline-vesolje\",\"isPartOf\":{\"@id\":\"https:\\\/\\\/potteryart.eu\\\/#website\"},\"primaryImageOfPage\":{\"@id\":\"https:\\\/\\\/potteryart.eu\\\/spletna-trgovina\\\/glinene-umetnine\\\/unikatna-maska-iz-gline-vesolje-2007\\\/#primaryimage\"},\"image\":{\"@id\":\"https:\\\/\\\/potteryart.eu\\\/spletna-trgovina\\\/glinene-umetnine\\\/unikatna-maska-iz-gline-vesolje-2007\\\/#primaryimage\"},\"thumbnailUrl\":\"https:\\\/\\\/potteryart.eu\\\/wp-content\\\/uploads\\\/2021\\\/02\\\/2007.jpg\",\"datePublished\":\"2021-02-14T08:08:53+00:00\",\"dateModified\":\"2023-01-08T13:15:09+00:00\",\"description\":\"Unikatna maska iz gline-vesolje je izdelek pottery art oblikovanje gline Polone Zajc, to je izdelek Vesolje-ro\u010dno oblikovana kerami\u010dna maska\",\"breadcrumb\":{\"@id\":\"https:\\\/\\\/potteryart.eu\\\/spletna-trgovina\\\/glinene-umetnine\\\/unikatna-maska-iz-gline-vesolje-2007\\\/#breadcrumb\"},\"inLanguage\":\"en-GB\",\"potentialAction\":[{\"@type\":\"ReadAction\",\"target\":[\"https:\\\/\\\/potteryart.eu\\\/spletna-trgovina\\\/glinene-umetnine\\\/unikatna-maska-iz-gline-vesolje-2007\\\/\"]}]},{\"@type\":\"ImageObject\",\"inLanguage\":\"en-GB\",\"@id\":\"https:\\\/\\\/potteryart.eu\\\/spletna-trgovina\\\/glinene-umetnine\\\/unikatna-maska-iz-gline-vesolje-2007\\\/#primaryimage\",\"url\":\"https:\\\/\\\/potteryart.eu\\\/wp-content\\\/uploads\\\/2021\\\/02\\\/2007.jpg\",\"contentUrl\":\"https:\\\/\\\/potteryart.eu\\\/wp-content\\\/uploads\\\/2021\\\/02\\\/2007.jpg\",\"width\":768,\"height\":960,\"caption\":\"unikatna maska iz gline-vesolje, pottery art oblikovanje gline Polone Zajc, vesolje-ro\u010dno oblikovana kerami\u010dna maska\"},{\"@type\":\"BreadcrumbList\",\"@id\":\"https:\\\/\\\/potteryart.eu\\\/spletna-trgovina\\\/glinene-umetnine\\\/unikatna-maska-iz-gline-vesolje-2007\\\/#breadcrumb\",\"itemListElement\":[{\"@type\":\"ListItem\",\"position\":1,\"name\":\"Home\",\"item\":\"https:\\\/\\\/potteryart.eu\\\/\"},{\"@type\":\"ListItem\",\"position\":2,\"name\":\"Spletna trgovina\",\"item\":\"https:\\\/\\\/potteryart.eu\\\/spletna-trgovina\\\/\"},{\"@type\":\"ListItem\",\"position\":3,\"name\":\"Unikatna maska iz gline-vesolje 2007\"}]},{\"@type\":\"WebSite\",\"@id\":\"https:\\\/\\\/potteryart.eu\\\/#website\",\"url\":\"https:\\\/\\\/potteryart.eu\\\/\",\"name\":\"Zajc Polona\",\"description\":\"\",\"publisher\":{\"@id\":\"https:\\\/\\\/potteryart.eu\\\/#\\\/schema\\\/person\\\/819de6034d3dd0bbdcc3a95a0b6c7e4d\"},\"potentialAction\":[{\"@type\":\"SearchAction\",\"target\":{\"@type\":\"EntryPoint\",\"urlTemplate\":\"https:\\\/\\\/potteryart.eu\\\/?s={search_term_string}\"},\"query-input\":{\"@type\":\"PropertyValueSpecification\",\"valueRequired\":true,\"valueName\":\"search_term_string\"}}],\"inLanguage\":\"en-GB\"},{\"@type\":[\"Person\",\"Organization\"],\"@id\":\"https:\\\/\\\/potteryart.eu\\\/#\\\/schema\\\/person\\\/819de6034d3dd0bbdcc3a95a0b6c7e4d\",\"name\":\"polonazajc_admin\",\"image\":{\"@type\":\"ImageObject\",\"inLanguage\":\"en-GB\",\"@id\":\"https:\\\/\\\/potteryart.eu\\\/wp-content\\\/uploads\\\/2020\\\/12\\\/cropped-Logo-1.png\",\"url\":\"https:\\\/\\\/potteryart.eu\\\/wp-content\\\/uploads\\\/2020\\\/12\\\/cropped-Logo-1.png\",\"contentUrl\":\"https:\\\/\\\/potteryart.eu\\\/wp-content\\\/uploads\\\/2020\\\/12\\\/cropped-Logo-1.png\",\"width\":2113,\"height\":280,\"caption\":\"polonazajc_admin\"},\"logo\":{\"@id\":\"https:\\\/\\\/potteryart.eu\\\/wp-content\\\/uploads\\\/2020\\\/12\\\/cropped-Logo-1.png\"}}]}<\/script>\n<!-- \/ Yoast SEO Premium plugin. -->","yoast_head_json":{"title":"Unique clay mask \u2013 Universe","description":"Unikatna maska iz gline-vesolje je izdelek pottery art oblikovanje gline Polone Zajc, to je izdelek Vesolje-ro\u010dno oblikovana kerami\u010dna maska","robots":{"index":"index","follow":"follow","max-snippet":"max-snippet:-1","max-image-preview":"max-image-preview:large","max-video-preview":"max-video-preview:-1"},"canonical":"https:\/\/potteryart.eu\/en_gb\/spletna-trgovina\/glinene-umetnine\/unikatna-maska-iz-gline-vesolje-2007\/","og_locale":"en_GB","og_type":"article","og_title":"Unikatna maska iz gline-vesolje 2007","og_description":"Unikatna maska iz gline-vesolje je izdelek pottery art oblikovanje gline Polone Zajc, to je izdelek Vesolje-ro\u010dno oblikovana kerami\u010dna maska","og_url":"https:\/\/potteryart.eu\/en_gb\/spletna-trgovina\/glinene-umetnine\/unikatna-maska-iz-gline-vesolje-2007\/","og_site_name":"Zajc Polona","article_modified_time":"2023-01-08T13:15:09+00:00","og_image":[{"width":768,"height":960,"url":"https:\/\/potteryart.eu\/wp-content\/uploads\/2021\/02\/2007.jpg","type":"image\/jpeg"}],"twitter_card":"summary_large_image","twitter_misc":{"Estimated reading time":"2 minutes"},"schema":{"@context":"https:\/\/schema.org","@graph":[{"@type":"WebPage","@id":"https:\/\/potteryart.eu\/spletna-trgovina\/glinene-umetnine\/unikatna-maska-iz-gline-vesolje-2007\/","url":"https:\/\/potteryart.eu\/spletna-trgovina\/glinene-umetnine\/unikatna-maska-iz-gline-vesolje-2007\/","name":"Unique clay mask \u2013 Universe","isPartOf":{"@id":"https:\/\/potteryart.eu\/#website"},"primaryImageOfPage":{"@id":"https:\/\/potteryart.eu\/spletna-trgovina\/glinene-umetnine\/unikatna-maska-iz-gline-vesolje-2007\/#primaryimage"},"image":{"@id":"https:\/\/potteryart.eu\/spletna-trgovina\/glinene-umetnine\/unikatna-maska-iz-gline-vesolje-2007\/#primaryimage"},"thumbnailUrl":"https:\/\/potteryart.eu\/wp-content\/uploads\/2021\/02\/2007.jpg","datePublished":"2021-02-14T08:08:53+00:00","dateModified":"2023-01-08T13:15:09+00:00","description":"Unikatna maska iz gline-vesolje je izdelek pottery art oblikovanje gline Polone Zajc, to je izdelek Vesolje-ro\u010dno oblikovana kerami\u010dna maska","breadcrumb":{"@id":"https:\/\/potteryart.eu\/spletna-trgovina\/glinene-umetnine\/unikatna-maska-iz-gline-vesolje-2007\/#breadcrumb"},"inLanguage":"en-GB","potentialAction":[{"@type":"ReadAction","target":["https:\/\/potteryart.eu\/spletna-trgovina\/glinene-umetnine\/unikatna-maska-iz-gline-vesolje-2007\/"]}]},{"@type":"ImageObject","inLanguage":"en-GB","@id":"https:\/\/potteryart.eu\/spletna-trgovina\/glinene-umetnine\/unikatna-maska-iz-gline-vesolje-2007\/#primaryimage","url":"https:\/\/potteryart.eu\/wp-content\/uploads\/2021\/02\/2007.jpg","contentUrl":"https:\/\/potteryart.eu\/wp-content\/uploads\/2021\/02\/2007.jpg","width":768,"height":960,"caption":"unikatna maska iz gline-vesolje, pottery art oblikovanje gline Polone Zajc, vesolje-ro\u010dno oblikovana kerami\u010dna maska"},{"@type":"BreadcrumbList","@id":"https:\/\/potteryart.eu\/spletna-trgovina\/glinene-umetnine\/unikatna-maska-iz-gline-vesolje-2007\/#breadcrumb","itemListElement":[{"@type":"ListItem","position":1,"name":"Home","item":"https:\/\/potteryart.eu\/"},{"@type":"ListItem","position":2,"name":"Spletna trgovina","item":"https:\/\/potteryart.eu\/spletna-trgovina\/"},{"@type":"ListItem","position":3,"name":"Unikatna maska iz gline-vesolje 2007"}]},{"@type":"WebSite","@id":"https:\/\/potteryart.eu\/#website","url":"https:\/\/potteryart.eu\/","name":"Zajc Polona","description":"","publisher":{"@id":"https:\/\/potteryart.eu\/#\/schema\/person\/819de6034d3dd0bbdcc3a95a0b6c7e4d"},"potentialAction":[{"@type":"SearchAction","target":{"@type":"EntryPoint","urlTemplate":"https:\/\/potteryart.eu\/?s={search_term_string}"},"query-input":{"@type":"PropertyValueSpecification","valueRequired":true,"valueName":"search_term_string"}}],"inLanguage":"en-GB"},{"@type":["Person","Organization"],"@id":"https:\/\/potteryart.eu\/#\/schema\/person\/819de6034d3dd0bbdcc3a95a0b6c7e4d","name":"polonazajc_admin","image":{"@type":"ImageObject","inLanguage":"en-GB","@id":"https:\/\/potteryart.eu\/wp-content\/uploads\/2020\/12\/cropped-Logo-1.png","url":"https:\/\/potteryart.eu\/wp-content\/uploads\/2020\/12\/cropped-Logo-1.png","contentUrl":"https:\/\/potteryart.eu\/wp-content\/uploads\/2020\/12\/cropped-Logo-1.png","width":2113,"height":280,"caption":"polonazajc_admin"},"logo":{"@id":"https:\/\/potteryart.eu\/wp-content\/uploads\/2020\/12\/cropped-Logo-1.png"}}]}},"_links":{"self":[{"href":"https:\/\/potteryart.eu\/en_gb\/wp-json\/wp\/v2\/product\/650","targetHints":{"allow":["GET"]}}],"collection":[{"href":"https:\/\/potteryart.eu\/en_gb\/wp-json\/wp\/v2\/product"}],"about":[{"href":"https:\/\/potteryart.eu\/en_gb\/wp-json\/wp\/v2\/types\/product"}],"replies":[{"embeddable":true,"href":"https:\/\/potteryart.eu\/en_gb\/wp-json\/wp\/v2\/comments?post=650"}],"wp:featuredmedia":[{"embeddable":true,"href":"https:\/\/potteryart.eu\/en_gb\/wp-json\/wp\/v2\/media\/651"}],"wp:attachment":[{"href":"https:\/\/potteryart.eu\/en_gb\/wp-json\/wp\/v2\/media?parent=650"}],"wp:term":[{"taxonomy":"product_brand","embeddable":true,"href":"https:\/\/potteryart.eu\/en_gb\/wp-json\/wp\/v2\/product_brand?post=650"},{"taxonomy":"product_cat","embeddable":true,"href":"https:\/\/potteryart.eu\/en_gb\/wp-json\/wp\/v2\/product_cat?post=650"},{"taxonomy":"product_tag","embeddable":true,"href":"https:\/\/potteryart.eu\/en_gb\/wp-json\/wp\/v2\/product_tag?post=650"}],"curies":[{"name":"wp","href":"https:\/\/api.w.org\/{rel}","templated":true}]}}