{"id":652,"date":"2021-02-14T09:10:26","date_gmt":"2021-02-14T08:10:26","guid":{"rendered":"https:\/\/potteryart.eu\/?post_type=product&#038;p=652"},"modified":"2023-01-08T14:14:57","modified_gmt":"2023-01-08T13:14:57","slug":"unikatna-maska-iz-gline-pomlad-2008","status":"publish","type":"product","link":"https:\/\/potteryart.eu\/en_gb\/spletna-trgovina\/glinene-umetnine\/unikatna-maska-iz-gline-pomlad-2008\/","title":{"rendered":"Unique clay mask-Spring"},"content":{"rendered":"<p>&nbsp;<\/p>\n<h1>Unique clay mask-Spring<\/h1>\n<p>Unique clay mask-spring is a product of pottery art clay design by Polona Zajc. It is a handmade ceramic mask made of red clay. It is painted with spring motifs in different colours. It is a decorative piece, made as a wall pendant. The ceramic mask is 17 cm high and 13 cm wide.<\/p>\n<h2>Pottery art clay design by Polona Zajc<\/h2>\n<p>Pottery art clay design by Polona Zajc also has various pieces of ceramics and stoneware in her collection of clay products, which fall under the category of clay art. These are clay art products of all kinds, you can even say that it is clay shaped according to the inspiration of the moment. They are made by hand from different types of clay. From clays with a low firing temperature to clays that turn to rock when fired. Clays also come in different colours and granulation. White, red, brown, grey, black clay colours are used, and there are many more, including mixtures of several clay colours together. Clays of different granulations are also used, from totally smooth to totally coarse clays. Some of the products are painted, others are not, using all the colours available for painting clay. The moulding techniques in this product category vary from rotation and moulding to sculpting and stamping. And this includes a unique clay mask - Spring.<\/p>\n<h3>Spring - handmade ceramic mask<\/h3>\n<p>The Spring - Handmade Ceramic Mask is a ceramic product that can be hung on the wall to brighten up a room.  A varied face shape, hand painted with different glazes. All this together represents a colourful spring that brings joy and fresh energy into the room where it is found. The unique ceramic Spring mask is special because it is completely handmade. The rolled red clay has been transformed into an interesting face shape. With a vividly colourful hand-painting, fired at 1050\u00b0C, the spring represented by the mask glows and takes on its true face. The mask is thus a truly unique piece of clay art.<\/p>","protected":false},"excerpt":{"rendered":"<p>&nbsp; Unikatna maska iz gline-pomlad Unikatna maska iz gline-pomlad je izdelek pottery art oblikovanje gline Polone Zajc. To je ro\u010dno oblikovana kerami\u010dna maska iz rde\u010de gline. Poslikana je z pomladnimi motivi v razli\u010dnih barvah. Je dekorativen izdelek, narejen kot obesek za steno. Kerami\u010dna maska je visoka 17 cm, \u0161iroka pa 13 cm. Pottery art oblikovanje [&hellip;]<\/p>\n","protected":false},"featured_media":653,"comment_status":"open","ping_status":"closed","template":"","meta":[],"product_brand":[],"product_cat":[266],"product_tag":[],"class_list":{"0":"post-652","1":"product","2":"type-product","3":"status-publish","4":"has-post-thumbnail","6":"product_cat-glinene-umetnine","7":"product_shipping_class-1kg","9":"first","10":"instock","11":"purchasable","12":"product-type-simple"},"yoast_head":"<!-- This site is optimized with the Yoast SEO Premium plugin v27.4 (Yoast SEO v27.4) - https:\/\/yoast.com\/product\/yoast-seo-premium-wordpress\/ -->\n<title>Unikatna maska iz gline-pomlad<\/title>\n<meta name=\"description\" content=\"Unikatna maska iz gline-pomlad je izdelek pottery art oblikovanje gline Polone Zajc, to je izdelek pomlad-ro\u010dno oblikovana kerami\u010dna maska\" \/>\n<meta name=\"robots\" content=\"index, follow, max-snippet:-1, max-image-preview:large, max-video-preview:-1\" \/>\n<link rel=\"canonical\" href=\"https:\/\/potteryart.eu\/en_gb\/spletna-trgovina\/glinene-umetnine\/unikatna-maska-iz-gline-pomlad-2008\/\" \/>\n<meta property=\"og:locale\" content=\"en_GB\" \/>\n<meta property=\"og:type\" content=\"article\" \/>\n<meta property=\"og:title\" content=\"Unikatna maska iz gline-pomlad 2008\" \/>\n<meta property=\"og:description\" content=\"Unikatna maska iz gline-pomlad je izdelek pottery art oblikovanje gline Polone Zajc, to je izdelek pomlad-ro\u010dno oblikovana kerami\u010dna maska\" \/>\n<meta property=\"og:url\" content=\"https:\/\/potteryart.eu\/en_gb\/spletna-trgovina\/glinene-umetnine\/unikatna-maska-iz-gline-pomlad-2008\/\" \/>\n<meta property=\"og:site_name\" content=\"Zajc Polona\" \/>\n<meta property=\"article:modified_time\" content=\"2023-01-08T13:14:57+00:00\" \/>\n<meta property=\"og:image\" content=\"https:\/\/potteryart.eu\/wp-content\/uploads\/2021\/02\/2008.jpg\" \/>\n\t<meta property=\"og:image:width\" content=\"768\" \/>\n\t<meta property=\"og:image:height\" content=\"960\" \/>\n\t<meta property=\"og:image:type\" content=\"image\/jpeg\" \/>\n<meta name=\"twitter:card\" content=\"summary_large_image\" \/>\n<meta name=\"twitter:label1\" content=\"Estimated reading time\" \/>\n\t<meta name=\"twitter:data1\" content=\"2 minutes\" \/>\n<script type=\"application\/ld+json\" class=\"yoast-schema-graph\">{\"@context\":\"https:\\\/\\\/schema.org\",\"@graph\":[{\"@type\":\"WebPage\",\"@id\":\"https:\\\/\\\/potteryart.eu\\\/spletna-trgovina\\\/glinene-umetnine\\\/unikatna-maska-iz-gline-pomlad-2008\\\/\",\"url\":\"https:\\\/\\\/potteryart.eu\\\/spletna-trgovina\\\/glinene-umetnine\\\/unikatna-maska-iz-gline-pomlad-2008\\\/\",\"name\":\"Unikatna maska iz gline-pomlad\",\"isPartOf\":{\"@id\":\"https:\\\/\\\/potteryart.eu\\\/#website\"},\"primaryImageOfPage\":{\"@id\":\"https:\\\/\\\/potteryart.eu\\\/spletna-trgovina\\\/glinene-umetnine\\\/unikatna-maska-iz-gline-pomlad-2008\\\/#primaryimage\"},\"image\":{\"@id\":\"https:\\\/\\\/potteryart.eu\\\/spletna-trgovina\\\/glinene-umetnine\\\/unikatna-maska-iz-gline-pomlad-2008\\\/#primaryimage\"},\"thumbnailUrl\":\"https:\\\/\\\/potteryart.eu\\\/wp-content\\\/uploads\\\/2021\\\/02\\\/2008.jpg\",\"datePublished\":\"2021-02-14T08:10:26+00:00\",\"dateModified\":\"2023-01-08T13:14:57+00:00\",\"description\":\"Unikatna maska iz gline-pomlad je izdelek pottery art oblikovanje gline Polone Zajc, to je izdelek pomlad-ro\u010dno oblikovana kerami\u010dna maska\",\"breadcrumb\":{\"@id\":\"https:\\\/\\\/potteryart.eu\\\/spletna-trgovina\\\/glinene-umetnine\\\/unikatna-maska-iz-gline-pomlad-2008\\\/#breadcrumb\"},\"inLanguage\":\"en-GB\",\"potentialAction\":[{\"@type\":\"ReadAction\",\"target\":[\"https:\\\/\\\/potteryart.eu\\\/spletna-trgovina\\\/glinene-umetnine\\\/unikatna-maska-iz-gline-pomlad-2008\\\/\"]}]},{\"@type\":\"ImageObject\",\"inLanguage\":\"en-GB\",\"@id\":\"https:\\\/\\\/potteryart.eu\\\/spletna-trgovina\\\/glinene-umetnine\\\/unikatna-maska-iz-gline-pomlad-2008\\\/#primaryimage\",\"url\":\"https:\\\/\\\/potteryart.eu\\\/wp-content\\\/uploads\\\/2021\\\/02\\\/2008.jpg\",\"contentUrl\":\"https:\\\/\\\/potteryart.eu\\\/wp-content\\\/uploads\\\/2021\\\/02\\\/2008.jpg\",\"width\":768,\"height\":960,\"caption\":\"unikatna maska iz gline-pomlad, pottery art oblikovanje gline Polone Zajc, pomlad-ro\u010dno oblikovana kerami\u010dna maska\"},{\"@type\":\"BreadcrumbList\",\"@id\":\"https:\\\/\\\/potteryart.eu\\\/spletna-trgovina\\\/glinene-umetnine\\\/unikatna-maska-iz-gline-pomlad-2008\\\/#breadcrumb\",\"itemListElement\":[{\"@type\":\"ListItem\",\"position\":1,\"name\":\"Home\",\"item\":\"https:\\\/\\\/potteryart.eu\\\/\"},{\"@type\":\"ListItem\",\"position\":2,\"name\":\"Spletna trgovina\",\"item\":\"https:\\\/\\\/potteryart.eu\\\/spletna-trgovina\\\/\"},{\"@type\":\"ListItem\",\"position\":3,\"name\":\"Unikatna maska iz gline-pomlad 2008\"}]},{\"@type\":\"WebSite\",\"@id\":\"https:\\\/\\\/potteryart.eu\\\/#website\",\"url\":\"https:\\\/\\\/potteryart.eu\\\/\",\"name\":\"Zajc Polona\",\"description\":\"\",\"publisher\":{\"@id\":\"https:\\\/\\\/potteryart.eu\\\/#\\\/schema\\\/person\\\/819de6034d3dd0bbdcc3a95a0b6c7e4d\"},\"potentialAction\":[{\"@type\":\"SearchAction\",\"target\":{\"@type\":\"EntryPoint\",\"urlTemplate\":\"https:\\\/\\\/potteryart.eu\\\/?s={search_term_string}\"},\"query-input\":{\"@type\":\"PropertyValueSpecification\",\"valueRequired\":true,\"valueName\":\"search_term_string\"}}],\"inLanguage\":\"en-GB\"},{\"@type\":[\"Person\",\"Organization\"],\"@id\":\"https:\\\/\\\/potteryart.eu\\\/#\\\/schema\\\/person\\\/819de6034d3dd0bbdcc3a95a0b6c7e4d\",\"name\":\"polonazajc_admin\",\"image\":{\"@type\":\"ImageObject\",\"inLanguage\":\"en-GB\",\"@id\":\"https:\\\/\\\/potteryart.eu\\\/wp-content\\\/uploads\\\/2020\\\/12\\\/cropped-Logo-1.png\",\"url\":\"https:\\\/\\\/potteryart.eu\\\/wp-content\\\/uploads\\\/2020\\\/12\\\/cropped-Logo-1.png\",\"contentUrl\":\"https:\\\/\\\/potteryart.eu\\\/wp-content\\\/uploads\\\/2020\\\/12\\\/cropped-Logo-1.png\",\"width\":2113,\"height\":280,\"caption\":\"polonazajc_admin\"},\"logo\":{\"@id\":\"https:\\\/\\\/potteryart.eu\\\/wp-content\\\/uploads\\\/2020\\\/12\\\/cropped-Logo-1.png\"}}]}<\/script>\n<!-- \/ Yoast SEO Premium plugin. -->","yoast_head_json":{"title":"Unique clay mask-Spring","description":"Unikatna maska iz gline-pomlad je izdelek pottery art oblikovanje gline Polone Zajc, to je izdelek pomlad-ro\u010dno oblikovana kerami\u010dna maska","robots":{"index":"index","follow":"follow","max-snippet":"max-snippet:-1","max-image-preview":"max-image-preview:large","max-video-preview":"max-video-preview:-1"},"canonical":"https:\/\/potteryart.eu\/en_gb\/spletna-trgovina\/glinene-umetnine\/unikatna-maska-iz-gline-pomlad-2008\/","og_locale":"en_GB","og_type":"article","og_title":"Unikatna maska iz gline-pomlad 2008","og_description":"Unikatna maska iz gline-pomlad je izdelek pottery art oblikovanje gline Polone Zajc, to je izdelek pomlad-ro\u010dno oblikovana kerami\u010dna maska","og_url":"https:\/\/potteryart.eu\/en_gb\/spletna-trgovina\/glinene-umetnine\/unikatna-maska-iz-gline-pomlad-2008\/","og_site_name":"Zajc Polona","article_modified_time":"2023-01-08T13:14:57+00:00","og_image":[{"width":768,"height":960,"url":"https:\/\/potteryart.eu\/wp-content\/uploads\/2021\/02\/2008.jpg","type":"image\/jpeg"}],"twitter_card":"summary_large_image","twitter_misc":{"Estimated reading time":"2 minutes"},"schema":{"@context":"https:\/\/schema.org","@graph":[{"@type":"WebPage","@id":"https:\/\/potteryart.eu\/spletna-trgovina\/glinene-umetnine\/unikatna-maska-iz-gline-pomlad-2008\/","url":"https:\/\/potteryart.eu\/spletna-trgovina\/glinene-umetnine\/unikatna-maska-iz-gline-pomlad-2008\/","name":"Unique clay mask-Spring","isPartOf":{"@id":"https:\/\/potteryart.eu\/#website"},"primaryImageOfPage":{"@id":"https:\/\/potteryart.eu\/spletna-trgovina\/glinene-umetnine\/unikatna-maska-iz-gline-pomlad-2008\/#primaryimage"},"image":{"@id":"https:\/\/potteryart.eu\/spletna-trgovina\/glinene-umetnine\/unikatna-maska-iz-gline-pomlad-2008\/#primaryimage"},"thumbnailUrl":"https:\/\/potteryart.eu\/wp-content\/uploads\/2021\/02\/2008.jpg","datePublished":"2021-02-14T08:10:26+00:00","dateModified":"2023-01-08T13:14:57+00:00","description":"Unikatna maska iz gline-pomlad je izdelek pottery art oblikovanje gline Polone Zajc, to je izdelek pomlad-ro\u010dno oblikovana kerami\u010dna maska","breadcrumb":{"@id":"https:\/\/potteryart.eu\/spletna-trgovina\/glinene-umetnine\/unikatna-maska-iz-gline-pomlad-2008\/#breadcrumb"},"inLanguage":"en-GB","potentialAction":[{"@type":"ReadAction","target":["https:\/\/potteryart.eu\/spletna-trgovina\/glinene-umetnine\/unikatna-maska-iz-gline-pomlad-2008\/"]}]},{"@type":"ImageObject","inLanguage":"en-GB","@id":"https:\/\/potteryart.eu\/spletna-trgovina\/glinene-umetnine\/unikatna-maska-iz-gline-pomlad-2008\/#primaryimage","url":"https:\/\/potteryart.eu\/wp-content\/uploads\/2021\/02\/2008.jpg","contentUrl":"https:\/\/potteryart.eu\/wp-content\/uploads\/2021\/02\/2008.jpg","width":768,"height":960,"caption":"unikatna maska iz gline-pomlad, pottery art oblikovanje gline Polone Zajc, pomlad-ro\u010dno oblikovana kerami\u010dna maska"},{"@type":"BreadcrumbList","@id":"https:\/\/potteryart.eu\/spletna-trgovina\/glinene-umetnine\/unikatna-maska-iz-gline-pomlad-2008\/#breadcrumb","itemListElement":[{"@type":"ListItem","position":1,"name":"Home","item":"https:\/\/potteryart.eu\/"},{"@type":"ListItem","position":2,"name":"Spletna trgovina","item":"https:\/\/potteryart.eu\/spletna-trgovina\/"},{"@type":"ListItem","position":3,"name":"Unikatna maska iz gline-pomlad 2008"}]},{"@type":"WebSite","@id":"https:\/\/potteryart.eu\/#website","url":"https:\/\/potteryart.eu\/","name":"Zajc Polona","description":"","publisher":{"@id":"https:\/\/potteryart.eu\/#\/schema\/person\/819de6034d3dd0bbdcc3a95a0b6c7e4d"},"potentialAction":[{"@type":"SearchAction","target":{"@type":"EntryPoint","urlTemplate":"https:\/\/potteryart.eu\/?s={search_term_string}"},"query-input":{"@type":"PropertyValueSpecification","valueRequired":true,"valueName":"search_term_string"}}],"inLanguage":"en-GB"},{"@type":["Person","Organization"],"@id":"https:\/\/potteryart.eu\/#\/schema\/person\/819de6034d3dd0bbdcc3a95a0b6c7e4d","name":"polonazajc_admin","image":{"@type":"ImageObject","inLanguage":"en-GB","@id":"https:\/\/potteryart.eu\/wp-content\/uploads\/2020\/12\/cropped-Logo-1.png","url":"https:\/\/potteryart.eu\/wp-content\/uploads\/2020\/12\/cropped-Logo-1.png","contentUrl":"https:\/\/potteryart.eu\/wp-content\/uploads\/2020\/12\/cropped-Logo-1.png","width":2113,"height":280,"caption":"polonazajc_admin"},"logo":{"@id":"https:\/\/potteryart.eu\/wp-content\/uploads\/2020\/12\/cropped-Logo-1.png"}}]}},"_links":{"self":[{"href":"https:\/\/potteryart.eu\/en_gb\/wp-json\/wp\/v2\/product\/652","targetHints":{"allow":["GET"]}}],"collection":[{"href":"https:\/\/potteryart.eu\/en_gb\/wp-json\/wp\/v2\/product"}],"about":[{"href":"https:\/\/potteryart.eu\/en_gb\/wp-json\/wp\/v2\/types\/product"}],"replies":[{"embeddable":true,"href":"https:\/\/potteryart.eu\/en_gb\/wp-json\/wp\/v2\/comments?post=652"}],"wp:featuredmedia":[{"embeddable":true,"href":"https:\/\/potteryart.eu\/en_gb\/wp-json\/wp\/v2\/media\/653"}],"wp:attachment":[{"href":"https:\/\/potteryart.eu\/en_gb\/wp-json\/wp\/v2\/media?parent=652"}],"wp:term":[{"taxonomy":"product_brand","embeddable":true,"href":"https:\/\/potteryart.eu\/en_gb\/wp-json\/wp\/v2\/product_brand?post=652"},{"taxonomy":"product_cat","embeddable":true,"href":"https:\/\/potteryart.eu\/en_gb\/wp-json\/wp\/v2\/product_cat?post=652"},{"taxonomy":"product_tag","embeddable":true,"href":"https:\/\/potteryart.eu\/en_gb\/wp-json\/wp\/v2\/product_tag?post=652"}],"curies":[{"name":"wp","href":"https:\/\/api.w.org\/{rel}","templated":true}]}}