{"id":658,"date":"2021-02-14T09:12:12","date_gmt":"2021-02-14T08:12:12","guid":{"rendered":"https:\/\/potteryart.eu\/?post_type=product&#038;p=658"},"modified":"2023-01-08T14:14:37","modified_gmt":"2023-01-08T13:14:37","slug":"unikatna-maska-iz-gline-ogenj-2010","status":"publish","type":"product","link":"https:\/\/potteryart.eu\/en_gb\/spletna-trgovina\/glinene-umetnine\/unikatna-maska-iz-gline-ogenj-2010\/","title":{"rendered":"Unique clay mask- fire2010"},"content":{"rendered":"<h1>Unique clay mask-fire<\/h1>\n<p>Unique clay mask-fire is a product of pottery art clay design by Polona Zajc. It is a handmade ceramic mask made of red clay. It is glazed with orange fire colour. It is a decorative piece, made as a wall pendant. The ceramic mask is 27 cm high and 13 cm wide.<\/p>\n<h2>Pottery art clay design by Polona Zajc<\/h2>\n<p>Pottery art clay design by Polona Zajc also has various pieces of ceramics and stoneware in her collection of clay products, which fall under the category of clay art. These are clay art products of all kinds, you can even say that it is clay shaped according to the inspiration of the moment. They are made by hand from different types of clay. From clays with a low firing temperature to clays that turn to rock when fired. Clays also come in different colours and granulation. White, red, brown, grey, black clay colours are used, and there are many more, including mixtures of several clay colours together. Clays of different granulations are also used, from totally smooth to totally coarse clays. Some of the products are painted, others are not, using all the colours available for painting clay. The moulding techniques in this product category vary from rotation and moulding to sculpting and stamping. And this includes a unique clay mask-fire.<\/p>\n<h3>Fire - handmade ceramic mask<\/h3>\n<p>The Fire - Handmade Ceramic Mask is a ceramic product that can be hung on the wall to brighten up a room.  A playful shape, a fiery colour and a scared face. All of these together represent the fiery flames that glow and thus radiate energy into the room. The unique ceramic fire mask is special because it is completely handmade. The rolled red clay has been transformed into an intriguing fire face shape that is both frightening and beautiful. With the addition of a fiery orange colour, fired at a temperature of 1050\u00b0C, the fire represented by the mask glows and takes on its true face. The mask is thus a truly unique piece of clay art.<\/p>","protected":false},"excerpt":{"rendered":"<p>Unikatna maska iz gline-ogenj Unikatna maska iz gline-ogenj je izdelek pottery art oblikovanje gline Polone Zajc. To je ro\u010dno oblikovana kerami\u010dna maska iz rde\u010de gline. Glazirana je z oran\u017eno ognjeno barvo. Je dekorativen izdelek, narejen kot obesek za steno. Kerami\u010dna maska je visoka 27 cm, \u0161iroka pa 13 cm. Pottery art oblikovanje gline Polone Zajc [&hellip;]<\/p>\n","protected":false},"featured_media":659,"comment_status":"open","ping_status":"closed","template":"","meta":[],"product_brand":[],"product_cat":[266],"product_tag":[],"class_list":{"0":"post-658","1":"product","2":"type-product","3":"status-publish","4":"has-post-thumbnail","6":"product_cat-glinene-umetnine","7":"product_shipping_class-1kg","9":"first","10":"instock","11":"purchasable","12":"product-type-simple"},"yoast_head":"<!-- This site is optimized with the Yoast SEO Premium plugin v27.4 (Yoast SEO v27.4) - https:\/\/yoast.com\/product\/yoast-seo-premium-wordpress\/ -->\n<title>Unikatna maska iz gline-ogenj<\/title>\n<meta name=\"description\" content=\"Unikatna maska iz gline-ogenj je izdelek pottery art oblikovanje gline Polone Zajc. To je unikaten izdelek ogenj-ro\u010dno oblikovana kerami\u010dna maska.\" \/>\n<meta name=\"robots\" content=\"index, follow, max-snippet:-1, max-image-preview:large, max-video-preview:-1\" \/>\n<link rel=\"canonical\" href=\"https:\/\/potteryart.eu\/en_gb\/spletna-trgovina\/glinene-umetnine\/unikatna-maska-iz-gline-ogenj-2010\/\" \/>\n<meta property=\"og:locale\" content=\"en_GB\" \/>\n<meta property=\"og:type\" content=\"article\" \/>\n<meta property=\"og:title\" content=\"Unikatna maska iz gline-ogenj 2010\" \/>\n<meta property=\"og:description\" content=\"Unikatna maska iz gline-ogenj je izdelek pottery art oblikovanje gline Polone Zajc. To je unikaten izdelek ogenj-ro\u010dno oblikovana kerami\u010dna maska.\" \/>\n<meta property=\"og:url\" content=\"https:\/\/potteryart.eu\/en_gb\/spletna-trgovina\/glinene-umetnine\/unikatna-maska-iz-gline-ogenj-2010\/\" \/>\n<meta property=\"og:site_name\" content=\"Zajc Polona\" \/>\n<meta property=\"article:modified_time\" content=\"2023-01-08T13:14:37+00:00\" \/>\n<meta property=\"og:image\" content=\"https:\/\/potteryart.eu\/wp-content\/uploads\/2021\/02\/2010.jpg\" \/>\n\t<meta property=\"og:image:width\" content=\"796\" \/>\n\t<meta property=\"og:image:height\" content=\"960\" \/>\n\t<meta property=\"og:image:type\" content=\"image\/jpeg\" \/>\n<meta name=\"twitter:card\" content=\"summary_large_image\" \/>\n<meta name=\"twitter:label1\" content=\"Estimated reading time\" \/>\n\t<meta name=\"twitter:data1\" content=\"2 minutes\" \/>\n<script type=\"application\/ld+json\" class=\"yoast-schema-graph\">{\"@context\":\"https:\\\/\\\/schema.org\",\"@graph\":[{\"@type\":\"WebPage\",\"@id\":\"https:\\\/\\\/potteryart.eu\\\/spletna-trgovina\\\/glinene-umetnine\\\/unikatna-maska-iz-gline-ogenj-2010\\\/\",\"url\":\"https:\\\/\\\/potteryart.eu\\\/spletna-trgovina\\\/glinene-umetnine\\\/unikatna-maska-iz-gline-ogenj-2010\\\/\",\"name\":\"Unikatna maska iz gline-ogenj\",\"isPartOf\":{\"@id\":\"https:\\\/\\\/potteryart.eu\\\/#website\"},\"primaryImageOfPage\":{\"@id\":\"https:\\\/\\\/potteryart.eu\\\/spletna-trgovina\\\/glinene-umetnine\\\/unikatna-maska-iz-gline-ogenj-2010\\\/#primaryimage\"},\"image\":{\"@id\":\"https:\\\/\\\/potteryart.eu\\\/spletna-trgovina\\\/glinene-umetnine\\\/unikatna-maska-iz-gline-ogenj-2010\\\/#primaryimage\"},\"thumbnailUrl\":\"https:\\\/\\\/potteryart.eu\\\/wp-content\\\/uploads\\\/2021\\\/02\\\/2010.jpg\",\"datePublished\":\"2021-02-14T08:12:12+00:00\",\"dateModified\":\"2023-01-08T13:14:37+00:00\",\"description\":\"Unikatna maska iz gline-ogenj je izdelek pottery art oblikovanje gline Polone Zajc. To je unikaten izdelek ogenj-ro\u010dno oblikovana kerami\u010dna maska.\",\"breadcrumb\":{\"@id\":\"https:\\\/\\\/potteryart.eu\\\/spletna-trgovina\\\/glinene-umetnine\\\/unikatna-maska-iz-gline-ogenj-2010\\\/#breadcrumb\"},\"inLanguage\":\"en-GB\",\"potentialAction\":[{\"@type\":\"ReadAction\",\"target\":[\"https:\\\/\\\/potteryart.eu\\\/spletna-trgovina\\\/glinene-umetnine\\\/unikatna-maska-iz-gline-ogenj-2010\\\/\"]}]},{\"@type\":\"ImageObject\",\"inLanguage\":\"en-GB\",\"@id\":\"https:\\\/\\\/potteryart.eu\\\/spletna-trgovina\\\/glinene-umetnine\\\/unikatna-maska-iz-gline-ogenj-2010\\\/#primaryimage\",\"url\":\"https:\\\/\\\/potteryart.eu\\\/wp-content\\\/uploads\\\/2021\\\/02\\\/2010.jpg\",\"contentUrl\":\"https:\\\/\\\/potteryart.eu\\\/wp-content\\\/uploads\\\/2021\\\/02\\\/2010.jpg\",\"width\":796,\"height\":960,\"caption\":\"unikatna maska iz gline-ogenj, pottery art oblikovanje gline Polone Zajc, ogenj-ro\u010dno oblikovana kerami\u010dna maska\"},{\"@type\":\"BreadcrumbList\",\"@id\":\"https:\\\/\\\/potteryart.eu\\\/spletna-trgovina\\\/glinene-umetnine\\\/unikatna-maska-iz-gline-ogenj-2010\\\/#breadcrumb\",\"itemListElement\":[{\"@type\":\"ListItem\",\"position\":1,\"name\":\"Home\",\"item\":\"https:\\\/\\\/potteryart.eu\\\/\"},{\"@type\":\"ListItem\",\"position\":2,\"name\":\"Spletna trgovina\",\"item\":\"https:\\\/\\\/potteryart.eu\\\/spletna-trgovina\\\/\"},{\"@type\":\"ListItem\",\"position\":3,\"name\":\"Unikatna maska iz gline-ogenj 2010\"}]},{\"@type\":\"WebSite\",\"@id\":\"https:\\\/\\\/potteryart.eu\\\/#website\",\"url\":\"https:\\\/\\\/potteryart.eu\\\/\",\"name\":\"Zajc Polona\",\"description\":\"\",\"publisher\":{\"@id\":\"https:\\\/\\\/potteryart.eu\\\/#\\\/schema\\\/person\\\/819de6034d3dd0bbdcc3a95a0b6c7e4d\"},\"potentialAction\":[{\"@type\":\"SearchAction\",\"target\":{\"@type\":\"EntryPoint\",\"urlTemplate\":\"https:\\\/\\\/potteryart.eu\\\/?s={search_term_string}\"},\"query-input\":{\"@type\":\"PropertyValueSpecification\",\"valueRequired\":true,\"valueName\":\"search_term_string\"}}],\"inLanguage\":\"en-GB\"},{\"@type\":[\"Person\",\"Organization\"],\"@id\":\"https:\\\/\\\/potteryart.eu\\\/#\\\/schema\\\/person\\\/819de6034d3dd0bbdcc3a95a0b6c7e4d\",\"name\":\"polonazajc_admin\",\"image\":{\"@type\":\"ImageObject\",\"inLanguage\":\"en-GB\",\"@id\":\"https:\\\/\\\/potteryart.eu\\\/wp-content\\\/uploads\\\/2020\\\/12\\\/cropped-Logo-1.png\",\"url\":\"https:\\\/\\\/potteryart.eu\\\/wp-content\\\/uploads\\\/2020\\\/12\\\/cropped-Logo-1.png\",\"contentUrl\":\"https:\\\/\\\/potteryart.eu\\\/wp-content\\\/uploads\\\/2020\\\/12\\\/cropped-Logo-1.png\",\"width\":2113,\"height\":280,\"caption\":\"polonazajc_admin\"},\"logo\":{\"@id\":\"https:\\\/\\\/potteryart.eu\\\/wp-content\\\/uploads\\\/2020\\\/12\\\/cropped-Logo-1.png\"}}]}<\/script>\n<!-- \/ Yoast SEO Premium plugin. -->","yoast_head_json":{"title":"Unique clay mask-fire","description":"Unikatna maska iz gline-ogenj je izdelek pottery art oblikovanje gline Polone Zajc. To je unikaten izdelek ogenj-ro\u010dno oblikovana kerami\u010dna maska.","robots":{"index":"index","follow":"follow","max-snippet":"max-snippet:-1","max-image-preview":"max-image-preview:large","max-video-preview":"max-video-preview:-1"},"canonical":"https:\/\/potteryart.eu\/en_gb\/spletna-trgovina\/glinene-umetnine\/unikatna-maska-iz-gline-ogenj-2010\/","og_locale":"en_GB","og_type":"article","og_title":"Unikatna maska iz gline-ogenj 2010","og_description":"Unikatna maska iz gline-ogenj je izdelek pottery art oblikovanje gline Polone Zajc. To je unikaten izdelek ogenj-ro\u010dno oblikovana kerami\u010dna maska.","og_url":"https:\/\/potteryart.eu\/en_gb\/spletna-trgovina\/glinene-umetnine\/unikatna-maska-iz-gline-ogenj-2010\/","og_site_name":"Zajc Polona","article_modified_time":"2023-01-08T13:14:37+00:00","og_image":[{"width":796,"height":960,"url":"https:\/\/potteryart.eu\/wp-content\/uploads\/2021\/02\/2010.jpg","type":"image\/jpeg"}],"twitter_card":"summary_large_image","twitter_misc":{"Estimated reading time":"2 minutes"},"schema":{"@context":"https:\/\/schema.org","@graph":[{"@type":"WebPage","@id":"https:\/\/potteryart.eu\/spletna-trgovina\/glinene-umetnine\/unikatna-maska-iz-gline-ogenj-2010\/","url":"https:\/\/potteryart.eu\/spletna-trgovina\/glinene-umetnine\/unikatna-maska-iz-gline-ogenj-2010\/","name":"Unique clay mask-fire","isPartOf":{"@id":"https:\/\/potteryart.eu\/#website"},"primaryImageOfPage":{"@id":"https:\/\/potteryart.eu\/spletna-trgovina\/glinene-umetnine\/unikatna-maska-iz-gline-ogenj-2010\/#primaryimage"},"image":{"@id":"https:\/\/potteryart.eu\/spletna-trgovina\/glinene-umetnine\/unikatna-maska-iz-gline-ogenj-2010\/#primaryimage"},"thumbnailUrl":"https:\/\/potteryart.eu\/wp-content\/uploads\/2021\/02\/2010.jpg","datePublished":"2021-02-14T08:12:12+00:00","dateModified":"2023-01-08T13:14:37+00:00","description":"Unikatna maska iz gline-ogenj je izdelek pottery art oblikovanje gline Polone Zajc. To je unikaten izdelek ogenj-ro\u010dno oblikovana kerami\u010dna maska.","breadcrumb":{"@id":"https:\/\/potteryart.eu\/spletna-trgovina\/glinene-umetnine\/unikatna-maska-iz-gline-ogenj-2010\/#breadcrumb"},"inLanguage":"en-GB","potentialAction":[{"@type":"ReadAction","target":["https:\/\/potteryart.eu\/spletna-trgovina\/glinene-umetnine\/unikatna-maska-iz-gline-ogenj-2010\/"]}]},{"@type":"ImageObject","inLanguage":"en-GB","@id":"https:\/\/potteryart.eu\/spletna-trgovina\/glinene-umetnine\/unikatna-maska-iz-gline-ogenj-2010\/#primaryimage","url":"https:\/\/potteryart.eu\/wp-content\/uploads\/2021\/02\/2010.jpg","contentUrl":"https:\/\/potteryart.eu\/wp-content\/uploads\/2021\/02\/2010.jpg","width":796,"height":960,"caption":"unikatna maska iz gline-ogenj, pottery art oblikovanje gline Polone Zajc, ogenj-ro\u010dno oblikovana kerami\u010dna maska"},{"@type":"BreadcrumbList","@id":"https:\/\/potteryart.eu\/spletna-trgovina\/glinene-umetnine\/unikatna-maska-iz-gline-ogenj-2010\/#breadcrumb","itemListElement":[{"@type":"ListItem","position":1,"name":"Home","item":"https:\/\/potteryart.eu\/"},{"@type":"ListItem","position":2,"name":"Spletna trgovina","item":"https:\/\/potteryart.eu\/spletna-trgovina\/"},{"@type":"ListItem","position":3,"name":"Unikatna maska iz gline-ogenj 2010"}]},{"@type":"WebSite","@id":"https:\/\/potteryart.eu\/#website","url":"https:\/\/potteryart.eu\/","name":"Zajc Polona","description":"","publisher":{"@id":"https:\/\/potteryart.eu\/#\/schema\/person\/819de6034d3dd0bbdcc3a95a0b6c7e4d"},"potentialAction":[{"@type":"SearchAction","target":{"@type":"EntryPoint","urlTemplate":"https:\/\/potteryart.eu\/?s={search_term_string}"},"query-input":{"@type":"PropertyValueSpecification","valueRequired":true,"valueName":"search_term_string"}}],"inLanguage":"en-GB"},{"@type":["Person","Organization"],"@id":"https:\/\/potteryart.eu\/#\/schema\/person\/819de6034d3dd0bbdcc3a95a0b6c7e4d","name":"polonazajc_admin","image":{"@type":"ImageObject","inLanguage":"en-GB","@id":"https:\/\/potteryart.eu\/wp-content\/uploads\/2020\/12\/cropped-Logo-1.png","url":"https:\/\/potteryart.eu\/wp-content\/uploads\/2020\/12\/cropped-Logo-1.png","contentUrl":"https:\/\/potteryart.eu\/wp-content\/uploads\/2020\/12\/cropped-Logo-1.png","width":2113,"height":280,"caption":"polonazajc_admin"},"logo":{"@id":"https:\/\/potteryart.eu\/wp-content\/uploads\/2020\/12\/cropped-Logo-1.png"}}]}},"_links":{"self":[{"href":"https:\/\/potteryart.eu\/en_gb\/wp-json\/wp\/v2\/product\/658","targetHints":{"allow":["GET"]}}],"collection":[{"href":"https:\/\/potteryart.eu\/en_gb\/wp-json\/wp\/v2\/product"}],"about":[{"href":"https:\/\/potteryart.eu\/en_gb\/wp-json\/wp\/v2\/types\/product"}],"replies":[{"embeddable":true,"href":"https:\/\/potteryart.eu\/en_gb\/wp-json\/wp\/v2\/comments?post=658"}],"wp:featuredmedia":[{"embeddable":true,"href":"https:\/\/potteryart.eu\/en_gb\/wp-json\/wp\/v2\/media\/659"}],"wp:attachment":[{"href":"https:\/\/potteryart.eu\/en_gb\/wp-json\/wp\/v2\/media?parent=658"}],"wp:term":[{"taxonomy":"product_brand","embeddable":true,"href":"https:\/\/potteryart.eu\/en_gb\/wp-json\/wp\/v2\/product_brand?post=658"},{"taxonomy":"product_cat","embeddable":true,"href":"https:\/\/potteryart.eu\/en_gb\/wp-json\/wp\/v2\/product_cat?post=658"},{"taxonomy":"product_tag","embeddable":true,"href":"https:\/\/potteryart.eu\/en_gb\/wp-json\/wp\/v2\/product_tag?post=658"}],"curies":[{"name":"wp","href":"https:\/\/api.w.org\/{rel}","templated":true}]}}