{"id":882,"date":"2021-03-06T11:02:30","date_gmt":"2021-03-06T10:02:30","guid":{"rendered":"https:\/\/potteryart.eu\/?post_type=product&#038;p=882"},"modified":"2026-02-19T07:28:21","modified_gmt":"2026-02-19T06:28:21","slug":"obesek-s-saturnovim-labirintom-3025","status":"publish","type":"product","link":"https:\/\/potteryart.eu\/en_gb\/spletna-trgovina\/labirinti\/labirint-zivljenja-in-smrti\/obesek-s-saturnovim-labirintom-3025\/","title":{"rendered":"Pendant with Saturn's labyrinth 3025"},"content":{"rendered":"<h1>Pendant with Saturn's labyrinth<\/h1>\n<p class=\"translation-block\">Pendant with Saturn's labyrinth is a product of pottery art clay design by Polona Zajc. It is made as a ceramic jewellery on a cord with a clasp. The pendant depicts the Labyrinth of Life and Death, which represents the labyrinth of life and death in its natural, receptive form. It is a cast of a plaster model of her own making, made of black clay, glazed and fired at 1040\u00b0C. Diameter 4,5 cm, length of cord 22 or 27 cm. The relief print of the labyrinth is black and blue, which is the colour of Saturn's labyrinth.<\/p>\n<h2>Pottery art clay design by Polona Zajc<\/h2>\n<p>Pottery art clay design by Polona Zajc has ceramic jewellery in the shape of different labirynths in her collection. There are 16 different symbols of labyrinths in the collection. Each one is made in a colour specific to the individual labyrinth. The symbol of the labyrinth is a relief made by impressing clay into a plaster mould. Different colours of clay are used, which is then used as a base for glazes of different colours. The Saturn's Labyrinth pendant is carried by a two-length cord, which is held together by a clasp. The quality of the jewellery is thus high, but above all, the meaning is given by the symbols of the labyrinths imprinted in the clay, each of which has its own significance and usefulness for the wearer as well as for the surroundings in which it is placed.<\/p>\n<h3>Labyrinth of life and death<\/h3>\n<p class=\"translation-block\">Saturn's labyrinth is also called the Labyrinth of Life and Death. The name of this labyrinth shows how wide an area it covers. It is one of the most fundamental and most necessary. It also carries in its name the concept of death, and this is the only experience that we will all have, without exception. The symbolism of the labyrinth shows death as a process, not as an end. Thus, death as a central motif is not a reason to be afraid, but a reason to respect an extremely important human experience. Its natural receptive form depicted on the pendant will reinforce perseverance, modesty, reliability and simplicity. The labyrinth has a beneficial effect on the process of introspection and calming of mental activity due to the energy that the labyrinth holds within itself and redirects to the surroundings and wearers.<\/p>\n<p>&nbsp;<\/p>","protected":false},"excerpt":{"rendered":"<p>Obesek s Saturnovim labirintom Obesek s Saturnovim labirintom je izdelek pottery art oblikovanje gline Polone Zajc. Izdelan je kot kerami\u010den nakit na vrvici s sponko. Na obesku je upodobljen Labirint \u017eivljenja in smrti ki predstavlja labirint \u017eivljenja in smrti v njegovi naravni, receptivni obliki. Je odtis mav\u010dnega modela lastne izdelave, narejen iz \u010drne gline, glaziran [&hellip;]<\/p>\n","protected":false},"featured_media":3317,"comment_status":"open","ping_status":"closed","template":"","meta":[],"product_brand":[],"product_cat":[246,38,86],"product_tag":[],"class_list":{"0":"post-882","1":"product","2":"type-product","3":"status-publish","4":"has-post-thumbnail","6":"product_cat-labirint-zivljenja-in-smrti","7":"product_cat-labirinti","8":"product_cat-unikaten-nakit-iz-gline","10":"first","11":"instock","12":"purchasable","13":"product-type-simple"},"yoast_head":"<!-- This site is optimized with the Yoast SEO Premium plugin v27.4 (Yoast SEO v27.4) - https:\/\/yoast.com\/product\/yoast-seo-premium-wordpress\/ -->\n<title>Obesek s Saturnovim labirintom<\/title>\n<meta name=\"description\" content=\"Obesek s Saturnovim labirintom je izdelek pottery art oblikovanje gline Polone Zajc, ime mu je Labirint \u017eivljenja in smrti\" \/>\n<meta name=\"robots\" content=\"index, follow, max-snippet:-1, max-image-preview:large, max-video-preview:-1\" \/>\n<link rel=\"canonical\" href=\"https:\/\/potteryart.eu\/en_gb\/spletna-trgovina\/labirinti\/labirint-zivljenja-in-smrti\/obesek-s-saturnovim-labirintom-3025\/\" \/>\n<meta property=\"og:locale\" content=\"en_GB\" \/>\n<meta property=\"og:type\" content=\"article\" \/>\n<meta property=\"og:title\" content=\"Obesek s Saturnovim labirintom 3025\" \/>\n<meta property=\"og:description\" content=\"Obesek s Saturnovim labirintom je izdelek pottery art oblikovanje gline Polone Zajc, ime mu je Labirint \u017eivljenja in smrti\" \/>\n<meta property=\"og:url\" content=\"https:\/\/potteryart.eu\/en_gb\/spletna-trgovina\/labirinti\/labirint-zivljenja-in-smrti\/obesek-s-saturnovim-labirintom-3025\/\" \/>\n<meta property=\"og:site_name\" content=\"Zajc Polona\" \/>\n<meta property=\"article:modified_time\" content=\"2026-02-19T06:28:21+00:00\" \/>\n<meta property=\"og:image\" content=\"https:\/\/potteryart.eu\/wp-content\/uploads\/2021\/03\/20240904_185727-scaled.jpg\" \/>\n\t<meta property=\"og:image:width\" content=\"1920\" \/>\n\t<meta property=\"og:image:height\" content=\"2560\" \/>\n\t<meta property=\"og:image:type\" content=\"image\/jpeg\" \/>\n<meta name=\"twitter:card\" content=\"summary_large_image\" \/>\n<meta name=\"twitter:label1\" content=\"Estimated reading time\" \/>\n\t<meta name=\"twitter:data1\" content=\"2 minutes\" \/>\n<script type=\"application\/ld+json\" class=\"yoast-schema-graph\">{\"@context\":\"https:\\\/\\\/schema.org\",\"@graph\":[{\"@type\":\"WebPage\",\"@id\":\"https:\\\/\\\/potteryart.eu\\\/spletna-trgovina\\\/labirinti\\\/labirint-zivljenja-in-smrti\\\/obesek-s-saturnovim-labirintom-3025\\\/\",\"url\":\"https:\\\/\\\/potteryart.eu\\\/spletna-trgovina\\\/labirinti\\\/labirint-zivljenja-in-smrti\\\/obesek-s-saturnovim-labirintom-3025\\\/\",\"name\":\"Obesek s Saturnovim labirintom\",\"isPartOf\":{\"@id\":\"https:\\\/\\\/potteryart.eu\\\/#website\"},\"primaryImageOfPage\":{\"@id\":\"https:\\\/\\\/potteryart.eu\\\/spletna-trgovina\\\/labirinti\\\/labirint-zivljenja-in-smrti\\\/obesek-s-saturnovim-labirintom-3025\\\/#primaryimage\"},\"image\":{\"@id\":\"https:\\\/\\\/potteryart.eu\\\/spletna-trgovina\\\/labirinti\\\/labirint-zivljenja-in-smrti\\\/obesek-s-saturnovim-labirintom-3025\\\/#primaryimage\"},\"thumbnailUrl\":\"https:\\\/\\\/potteryart.eu\\\/wp-content\\\/uploads\\\/2021\\\/03\\\/20240904_185727-scaled.jpg\",\"datePublished\":\"2021-03-06T10:02:30+00:00\",\"dateModified\":\"2026-02-19T06:28:21+00:00\",\"description\":\"Obesek s Saturnovim labirintom je izdelek pottery art oblikovanje gline Polone Zajc, ime mu je Labirint \u017eivljenja in smrti\",\"breadcrumb\":{\"@id\":\"https:\\\/\\\/potteryart.eu\\\/spletna-trgovina\\\/labirinti\\\/labirint-zivljenja-in-smrti\\\/obesek-s-saturnovim-labirintom-3025\\\/#breadcrumb\"},\"inLanguage\":\"en-GB\",\"potentialAction\":[{\"@type\":\"ReadAction\",\"target\":[\"https:\\\/\\\/potteryart.eu\\\/spletna-trgovina\\\/labirinti\\\/labirint-zivljenja-in-smrti\\\/obesek-s-saturnovim-labirintom-3025\\\/\"]}]},{\"@type\":\"ImageObject\",\"inLanguage\":\"en-GB\",\"@id\":\"https:\\\/\\\/potteryart.eu\\\/spletna-trgovina\\\/labirinti\\\/labirint-zivljenja-in-smrti\\\/obesek-s-saturnovim-labirintom-3025\\\/#primaryimage\",\"url\":\"https:\\\/\\\/potteryart.eu\\\/wp-content\\\/uploads\\\/2021\\\/03\\\/20240904_185727-scaled.jpg\",\"contentUrl\":\"https:\\\/\\\/potteryart.eu\\\/wp-content\\\/uploads\\\/2021\\\/03\\\/20240904_185727-scaled.jpg\",\"width\":1920,\"height\":2560},{\"@type\":\"BreadcrumbList\",\"@id\":\"https:\\\/\\\/potteryart.eu\\\/spletna-trgovina\\\/labirinti\\\/labirint-zivljenja-in-smrti\\\/obesek-s-saturnovim-labirintom-3025\\\/#breadcrumb\",\"itemListElement\":[{\"@type\":\"ListItem\",\"position\":1,\"name\":\"Home\",\"item\":\"https:\\\/\\\/potteryart.eu\\\/\"},{\"@type\":\"ListItem\",\"position\":2,\"name\":\"Spletna trgovina\",\"item\":\"https:\\\/\\\/potteryart.eu\\\/spletna-trgovina\\\/\"},{\"@type\":\"ListItem\",\"position\":3,\"name\":\"Obesek s Saturnovim labirintom 3025\"}]},{\"@type\":\"WebSite\",\"@id\":\"https:\\\/\\\/potteryart.eu\\\/#website\",\"url\":\"https:\\\/\\\/potteryart.eu\\\/\",\"name\":\"Zajc Polona\",\"description\":\"\",\"publisher\":{\"@id\":\"https:\\\/\\\/potteryart.eu\\\/#\\\/schema\\\/person\\\/819de6034d3dd0bbdcc3a95a0b6c7e4d\"},\"potentialAction\":[{\"@type\":\"SearchAction\",\"target\":{\"@type\":\"EntryPoint\",\"urlTemplate\":\"https:\\\/\\\/potteryart.eu\\\/?s={search_term_string}\"},\"query-input\":{\"@type\":\"PropertyValueSpecification\",\"valueRequired\":true,\"valueName\":\"search_term_string\"}}],\"inLanguage\":\"en-GB\"},{\"@type\":[\"Person\",\"Organization\"],\"@id\":\"https:\\\/\\\/potteryart.eu\\\/#\\\/schema\\\/person\\\/819de6034d3dd0bbdcc3a95a0b6c7e4d\",\"name\":\"polonazajc_admin\",\"image\":{\"@type\":\"ImageObject\",\"inLanguage\":\"en-GB\",\"@id\":\"https:\\\/\\\/potteryart.eu\\\/wp-content\\\/uploads\\\/2020\\\/12\\\/cropped-Logo-1.png\",\"url\":\"https:\\\/\\\/potteryart.eu\\\/wp-content\\\/uploads\\\/2020\\\/12\\\/cropped-Logo-1.png\",\"contentUrl\":\"https:\\\/\\\/potteryart.eu\\\/wp-content\\\/uploads\\\/2020\\\/12\\\/cropped-Logo-1.png\",\"width\":2113,\"height\":280,\"caption\":\"polonazajc_admin\"},\"logo\":{\"@id\":\"https:\\\/\\\/potteryart.eu\\\/wp-content\\\/uploads\\\/2020\\\/12\\\/cropped-Logo-1.png\"}}]}<\/script>\n<!-- \/ Yoast SEO Premium plugin. -->","yoast_head_json":{"title":"Pendant with Saturn's labyrinth","description":"Obesek s Saturnovim labirintom je izdelek pottery art oblikovanje gline Polone Zajc, ime mu je Labirint \u017eivljenja in smrti","robots":{"index":"index","follow":"follow","max-snippet":"max-snippet:-1","max-image-preview":"max-image-preview:large","max-video-preview":"max-video-preview:-1"},"canonical":"https:\/\/potteryart.eu\/en_gb\/spletna-trgovina\/labirinti\/labirint-zivljenja-in-smrti\/obesek-s-saturnovim-labirintom-3025\/","og_locale":"en_GB","og_type":"article","og_title":"Obesek s Saturnovim labirintom 3025","og_description":"Obesek s Saturnovim labirintom je izdelek pottery art oblikovanje gline Polone Zajc, ime mu je Labirint \u017eivljenja in smrti","og_url":"https:\/\/potteryart.eu\/en_gb\/spletna-trgovina\/labirinti\/labirint-zivljenja-in-smrti\/obesek-s-saturnovim-labirintom-3025\/","og_site_name":"Zajc Polona","article_modified_time":"2026-02-19T06:28:21+00:00","og_image":[{"width":1920,"height":2560,"url":"https:\/\/potteryart.eu\/wp-content\/uploads\/2021\/03\/20240904_185727-scaled.jpg","type":"image\/jpeg"}],"twitter_card":"summary_large_image","twitter_misc":{"Estimated reading time":"2 minutes"},"schema":{"@context":"https:\/\/schema.org","@graph":[{"@type":"WebPage","@id":"https:\/\/potteryart.eu\/spletna-trgovina\/labirinti\/labirint-zivljenja-in-smrti\/obesek-s-saturnovim-labirintom-3025\/","url":"https:\/\/potteryart.eu\/spletna-trgovina\/labirinti\/labirint-zivljenja-in-smrti\/obesek-s-saturnovim-labirintom-3025\/","name":"Pendant with Saturn's labyrinth","isPartOf":{"@id":"https:\/\/potteryart.eu\/#website"},"primaryImageOfPage":{"@id":"https:\/\/potteryart.eu\/spletna-trgovina\/labirinti\/labirint-zivljenja-in-smrti\/obesek-s-saturnovim-labirintom-3025\/#primaryimage"},"image":{"@id":"https:\/\/potteryart.eu\/spletna-trgovina\/labirinti\/labirint-zivljenja-in-smrti\/obesek-s-saturnovim-labirintom-3025\/#primaryimage"},"thumbnailUrl":"https:\/\/potteryart.eu\/wp-content\/uploads\/2021\/03\/20240904_185727-scaled.jpg","datePublished":"2021-03-06T10:02:30+00:00","dateModified":"2026-02-19T06:28:21+00:00","description":"Obesek s Saturnovim labirintom je izdelek pottery art oblikovanje gline Polone Zajc, ime mu je Labirint \u017eivljenja in smrti","breadcrumb":{"@id":"https:\/\/potteryart.eu\/spletna-trgovina\/labirinti\/labirint-zivljenja-in-smrti\/obesek-s-saturnovim-labirintom-3025\/#breadcrumb"},"inLanguage":"en-GB","potentialAction":[{"@type":"ReadAction","target":["https:\/\/potteryart.eu\/spletna-trgovina\/labirinti\/labirint-zivljenja-in-smrti\/obesek-s-saturnovim-labirintom-3025\/"]}]},{"@type":"ImageObject","inLanguage":"en-GB","@id":"https:\/\/potteryart.eu\/spletna-trgovina\/labirinti\/labirint-zivljenja-in-smrti\/obesek-s-saturnovim-labirintom-3025\/#primaryimage","url":"https:\/\/potteryart.eu\/wp-content\/uploads\/2021\/03\/20240904_185727-scaled.jpg","contentUrl":"https:\/\/potteryart.eu\/wp-content\/uploads\/2021\/03\/20240904_185727-scaled.jpg","width":1920,"height":2560},{"@type":"BreadcrumbList","@id":"https:\/\/potteryart.eu\/spletna-trgovina\/labirinti\/labirint-zivljenja-in-smrti\/obesek-s-saturnovim-labirintom-3025\/#breadcrumb","itemListElement":[{"@type":"ListItem","position":1,"name":"Home","item":"https:\/\/potteryart.eu\/"},{"@type":"ListItem","position":2,"name":"Spletna trgovina","item":"https:\/\/potteryart.eu\/spletna-trgovina\/"},{"@type":"ListItem","position":3,"name":"Obesek s Saturnovim labirintom 3025"}]},{"@type":"WebSite","@id":"https:\/\/potteryart.eu\/#website","url":"https:\/\/potteryart.eu\/","name":"Zajc Polona","description":"","publisher":{"@id":"https:\/\/potteryart.eu\/#\/schema\/person\/819de6034d3dd0bbdcc3a95a0b6c7e4d"},"potentialAction":[{"@type":"SearchAction","target":{"@type":"EntryPoint","urlTemplate":"https:\/\/potteryart.eu\/?s={search_term_string}"},"query-input":{"@type":"PropertyValueSpecification","valueRequired":true,"valueName":"search_term_string"}}],"inLanguage":"en-GB"},{"@type":["Person","Organization"],"@id":"https:\/\/potteryart.eu\/#\/schema\/person\/819de6034d3dd0bbdcc3a95a0b6c7e4d","name":"polonazajc_admin","image":{"@type":"ImageObject","inLanguage":"en-GB","@id":"https:\/\/potteryart.eu\/wp-content\/uploads\/2020\/12\/cropped-Logo-1.png","url":"https:\/\/potteryart.eu\/wp-content\/uploads\/2020\/12\/cropped-Logo-1.png","contentUrl":"https:\/\/potteryart.eu\/wp-content\/uploads\/2020\/12\/cropped-Logo-1.png","width":2113,"height":280,"caption":"polonazajc_admin"},"logo":{"@id":"https:\/\/potteryart.eu\/wp-content\/uploads\/2020\/12\/cropped-Logo-1.png"}}]}},"_links":{"self":[{"href":"https:\/\/potteryart.eu\/en_gb\/wp-json\/wp\/v2\/product\/882","targetHints":{"allow":["GET"]}}],"collection":[{"href":"https:\/\/potteryart.eu\/en_gb\/wp-json\/wp\/v2\/product"}],"about":[{"href":"https:\/\/potteryart.eu\/en_gb\/wp-json\/wp\/v2\/types\/product"}],"replies":[{"embeddable":true,"href":"https:\/\/potteryart.eu\/en_gb\/wp-json\/wp\/v2\/comments?post=882"}],"wp:featuredmedia":[{"embeddable":true,"href":"https:\/\/potteryart.eu\/en_gb\/wp-json\/wp\/v2\/media\/3317"}],"wp:attachment":[{"href":"https:\/\/potteryart.eu\/en_gb\/wp-json\/wp\/v2\/media?parent=882"}],"wp:term":[{"taxonomy":"product_brand","embeddable":true,"href":"https:\/\/potteryart.eu\/en_gb\/wp-json\/wp\/v2\/product_brand?post=882"},{"taxonomy":"product_cat","embeddable":true,"href":"https:\/\/potteryart.eu\/en_gb\/wp-json\/wp\/v2\/product_cat?post=882"},{"taxonomy":"product_tag","embeddable":true,"href":"https:\/\/potteryart.eu\/en_gb\/wp-json\/wp\/v2\/product_tag?post=882"}],"curies":[{"name":"wp","href":"https:\/\/api.w.org\/{rel}","templated":true}]}}